{"id":1568,"date":"2024-04-11T11:17:25","date_gmt":"2024-04-11T14:17:25","guid":{"rendered":"https:\/\/ipesco-scr.infd.edu.ar\/sitio\/normativa\/"},"modified":"2024-04-11T11:17:26","modified_gmt":"2024-04-11T14:17:26","slug":"normativa","status":"publish","type":"page","link":"https:\/\/ipesco-scr.infd.edu.ar\/sitio\/normativa\/","title":{"rendered":"Normativa"},"content":{"rendered":"<table style=\"width: 100%;\" border=\"0\">\n<tbody>\n<tr>\n<td style=\"border: 1px solid #000000; width: 100%;\" colspan=\"5\">\n<h2 style=\"margin-top: 0px; margin-bottom: 0px; padding-bottom: 0px; text-align: center;\"><span style=\"font-family: 'arial black', 'avant garde';\">Legislaci\u00f3n educativa<\/span><\/h2>\n<\/td>\n<\/tr>\n<tr>\n<td style=\"border: 1px solid #000000;\" colspan=\"5\">\n<p style=\"text-align: center;\"><span style=\"font-family: arial, helvetica, sans-serif; font-size: 10pt;\">Documentos que legistan y reglamentan la educaci\u00f3n nacional, provincial e institucional.<\/span><\/p>\n<\/td>\n<\/tr>\n<tr style=\"background-color: #000000;\">\n<td style=\"border: 1px solid #000000;\" colspan=\"5\"><\/td>\n<\/tr>\n<tr>\n<td style=\"border: 1px solid #000000;\" colspan=\"5\">\n<h3 style=\"margin-top: 0px; margin-bottom: 0px; padding-bottom: 0px; text-align: center;\"><span style=\"font-family: 'arial black', 'avant garde';\">NACIONAL &#8211; JURISDICCIONAL &#8211; INSTITUCIONAL<\/span><\/h3>\n<\/td>\n<\/tr>\n<tr>\n<td style=\"width: 20%; border: 1px solid #000000;\">\n<div style=\"text-align: center;\"><a title=\"R\u00e9gimen Org\u00e1nico Marco (ROM)\" href=\"upload\/Acuerdo_012_2014.pdf\" target=\"_blank\" rel=\"noopener\"><img decoding=\"async\" title=\"ROM tapa\" src=\"https:\/\/ipesco-scr.infd.edu.ar\/sitio\/wp-content\/uploads\/2018\/08\/ROM.jpg\" alt=\"ROM tapa\" border=\"0\" \/><\/a><\/div>\n<\/td>\n<td width=\"20%\"><\/td>\n<td style=\"width: 20%; border: 1px solid #000000;\">\n<div style=\"text-align: center;\"><a title=\"R\u00e9gimen Acad\u00e9mico Marco (RAM)\" href=\"upload\/Regiman_Academico_RAM.pdf\" target=\"_blank\" rel=\"noopener\"><img decoding=\"async\" title=\"RAM tapa\" src=\"https:\/\/ipesco-scr.infd.edu.ar\/sitio\/wp-content\/uploads\/2018\/08\/RAM111x160.gif\" alt=\"RAM tapa\" border=\"0\" \/><\/a><\/div>\n<\/td>\n<td width=\"20%\"><\/td>\n<td style=\"width: 20%; border: 1px solid #000000;\">\n<div style=\"text-align: center;\"><a title=\"R\u00e9gimen Acad\u00e9mico Institucional (RAI)\" href=\"upload\/Regimen_Academico_Institucional_RAI.pdf\" target=\"_blank\" rel=\"noopener\"><img decoding=\"async\" title=\"RAI tapa\" src=\"https:\/\/ipesco-scr.infd.edu.ar\/sitio\/wp-content\/uploads\/2018\/08\/RAI_111x160.gif\" alt=\"RAI tapa\" border=\"0\" \/><\/a><\/div>\n<\/td>\n<\/tr>\n<tr style=\"background-color: #000000;\">\n<td style=\"border: 1px solid #000000;\" colspan=\"5\"><\/td>\n<\/tr>\n<tr>\n<td style=\"border: 1px solid #000000;\">\n<div style=\"text-align: center;\"><strong>Acuerdo-CPE <\/strong><\/div>\n<div style=\"text-align: center;\"><strong>N\u00b0012\/14<\/strong><\/div>\n<div style=\"text-align: center;\">Aprueba el <strong>R\u00e9gimen Org\u00e1nico Marco<\/strong> para los Institutos Provinciales de Educaci\u00f3n Superior de Gesti\u00f3n P\u00fablica en todas sus Modalidades y de Gesti\u00f3n Privada.<\/div>\n<\/td>\n<td style=\"border: 1px solid #f4f4f4;\"><\/td>\n<td style=\"border: 1px solid #000000;\">\n<div style=\"text-align: center;\"><strong>Acuerdo-CPE <\/strong><\/div>\n<div style=\"text-align: center;\"><strong>N\u00b0248\/10<\/strong><\/div>\n<div style=\"text-align: center;\">Aprueba el <strong>R\u00e9gimen Acad\u00e9mico Marco<\/strong> que regula la trayectoria formativa de los alumnos en cada uno de los Institutos de Educaci\u00f3n Superior de la provincia.<\/div>\n<\/td>\n<td style=\"border: 1px solid #f4f4f4;\"><\/td>\n<td style=\"border: 1px solid #000000;\">\n<div style=\"text-align: center;\"><strong>DI-DPES <\/strong><\/div>\n<div style=\"text-align: center;\"><strong>N\u00b0039\/11<\/strong><\/div>\n<div style=\"text-align: center;\">Aprueba el <strong>R\u00e9gimen Acad\u00e9mico Institucional<\/strong> del Instituto Provincial de Educaci\u00f3n Superior Sede Caleta Olivia, elaborado a trav\u00e9s del consenso institucional.<\/div>\n<\/td>\n<\/tr>\n<tr style=\"background-color: #000000;\">\n<td style=\"border: 1px solid #000000;\" colspan=\"5\"><\/td>\n<\/tr>\n<tr>\n<td style=\"border: 1px solid #000000;\">\n<div style=\"text-align: center;\"><a title=\"Ley de Educaci\u00f3n Nacional\" href=\"upload\/Ley_de_Educacion_Nacional_26.206.pdf\" target=\"_blank\" rel=\"noopener\"><img decoding=\"async\" loading=\"lazy\" style=\"border: 0;\" title=\"Ley N\u00b0 26.206 tapa\" src=\"https:\/\/ipesco-scr.infd.edu.ar\/sitio\/wp-content\/uploads\/2018\/08\/Diapositiva1_3.gif\" alt=\"Ley N\u00b0 26.206 tapa\" width=\"111\" height=\"160\" border=\"0\" \/><\/a><\/div>\n<\/td>\n<td><\/td>\n<td style=\"border: 1px solid #000000;\">\n<div style=\"text-align: center;\"><a title=\"Ley de Educaci\u00f3n Superior\" href=\"upload\/Ley_de_Educacion_Superior_24.521.pdf\" target=\"_blank\" rel=\"noopener\"><img decoding=\"async\" loading=\"lazy\" style=\"border: 0;\" title=\"Ley N\u00b0 24.521 tapa\" src=\"https:\/\/ipesco-scr.infd.edu.ar\/sitio\/wp-content\/uploads\/2018\/08\/Diapositiva2_3.gif\" alt=\"Ley N\u00b0 24.521 tapa\" width=\"111\" height=\"160\" border=\"0\" \/><\/a><\/div>\n<\/td>\n<td><\/td>\n<td style=\"border: 1px solid #000000;\">\n<div style=\"text-align: center;\"><a title=\"Ley de Educaci\u00f3n Provincial\" href=\"upload\/Ley_de_Educacion_Provincial_3.305.pdf\" target=\"_blank\" rel=\"noopener\"><img decoding=\"async\" loading=\"lazy\" style=\"border: 0;\" title=\"Ley N\u00b0 3.305 tapa\" src=\"https:\/\/ipesco-scr.infd.edu.ar\/sitio\/wp-content\/uploads\/2018\/08\/Ley_3305.gif\" alt=\"Ley N\u00b0 3.305 tapa\" width=\"111\" height=\"160\" border=\"0\" \/><\/a><\/div>\n<\/td>\n<\/tr>\n<tr>\n<td style=\"border: 1px solid #000000;\">\n<div style=\"text-align: center;\"><strong>Ley N\u00b0 26.206<\/strong><\/div>\n<div style=\"text-align: center;\"><strong>Ley de Educaci\u00f3n Nacional<\/strong><\/div>\n<\/td>\n<td><\/td>\n<td style=\"border: 1px solid #000000;\">\n<div style=\"text-align: center;\"><strong>Ley N\u00b0 24.521<\/strong><\/div>\n<div style=\"text-align: center;\"><strong>Ley de Educaci\u00f3n Superior<\/strong><\/div>\n<\/td>\n<td><\/td>\n<td style=\"border: 1px solid #000000;\">\n<div style=\"text-align: center;\"><strong>Ley N\u00b0 3.305<\/strong><\/div>\n<div style=\"text-align: center;\"><strong>Ley de Educaci\u00f3n Provincial<\/strong><\/div>\n<\/td>\n<\/tr>\n<tr style=\"background-color: #000000;\">\n<td style=\"border: 1px solid #000000;\" colspan=\"5\"><\/td>\n<\/tr>\n<tr style=\"background-color: #000000;\">\n<td style=\"border: 1px solid #000000; background-color: #ffffff; text-align: center;\"><a title=\"Dise\u00f1o Art\u00edstica Primaria\" href=\"upload\/7_DC_Primaria_Artis.pdf\" target=\"_blank\" rel=\"noopener\">\u00a0<\/a><a title=\"Dise\u00f1o Art\u00edstica Primaria\" href=\"upload\/7_DC_Primaria_Artis.pdf\" target=\"_blank\" rel=\"noopener\"><img decoding=\"async\" title=\"Jurisdiccional Santa Cruz_tapa\" src=\"https:\/\/ipesco-scr.infd.edu.ar\/sitio\/wp-content\/uploads\/2018\/08\/tapa_disen_o_artistica.jpg\" alt=\"Jurisdiccional Santa Cruz_tapa\" border=\"0\" \/><\/a><\/td>\n<td style=\"border: 1px solid #000000; border-color: #000; background-color: #ffffff;\"><\/td>\n<td style=\"border: 1px solid #000000;\"><\/td>\n<td style=\"border: 1px solid #000000; border-color: #000000; background-color: #ffff;\"><\/td>\n<td style=\"border: 1px solid #000000;\"><\/td>\n<\/tr>\n<tr style=\"background-color: #000000;\">\n<td style=\"border: 1px solid #000000; background-color: #ffff; border-color: #000000;\">\n<p style=\"text-align: center;\">\u00a0<strong><span style=\"color: #000000; background-color: #ffffff;\">Dise\u00f1o Curricular Nivel<\/span>\u00a0Primario<\/strong><\/p>\n<p style=\"text-align: center;\"><strong><span style=\"color: #000000; background-color: #ffffff;\">Educaci\u00f3n\u00a0<\/span><\/strong><\/p>\n<p style=\"text-align: center;\"><strong><span style=\"color: #000000; background-color: #ffffff;\">Art\u00edstica<\/span><\/strong><\/p>\n<p style=\"text-align: center;\"><strong><span style=\"color: #000000; background-color: #ffffff;\">CPE &#8211; Sta. Cruz<\/span><\/strong><\/p>\n<\/td>\n<td style=\"border: 1px solid #000000;\"><\/td>\n<td style=\"border: 1px solid #000000; border-color: #000; background-color: #fff;\">\n<p style=\"text-align: center;\"><a href=\"https:\/\/ipesco-scr.infd.edu.ar\/sitio\/wp-content\/uploads\/2020\/11\/RAI-ANEXO-IPES-CO-2020.pdf\"><strong>ANEXO RAI<\/strong><\/a><\/p>\n<p style=\"text-align: center;\"><strong>2020<\/strong><\/p>\n<p style=\"text-align: center;\"><em>En el marco del <\/em><\/p>\n<p style=\"text-align: center;\"><em>ASPO y DISPO<\/em><\/p>\n<h6 style=\"text-align: center;\">DI 371\/IPES-CO\/20<\/h6>\n<\/td>\n<td style=\"border: 1px solid #000000;\"><\/td>\n<td style=\"border: 1px solid #000000; border-color: #000; background-color: #ffff;\"><\/td>\n<\/tr>\n<tr style=\"background-color: #000000;\">\n<td style=\"border: 1px solid #000000;\"><\/td>\n<td style=\"border: 1px solid #000000;\"><\/td>\n<td style=\"border: 1px solid #000000;\"><\/td>\n<td style=\"border: 1px solid #000000;\"><\/td>\n<td style=\"border: 1px solid #000000;\"><\/td>\n<\/tr>\n<\/tbody>\n<\/table>\n","protected":false},"excerpt":{"rendered":"<p>Legislaci\u00f3n educativa Documentos que legistan y reglamentan la educaci\u00f3n nacional, provincial e institucional. NACIONAL &#8211; JURISDICCIONAL &#8211; INSTITUCIONAL Acuerdo-CPE N\u00b0012\/14 Aprueba el R\u00e9gimen Org\u00e1nico Marco para los Institutos Provinciales de Educaci\u00f3n Superior de Gesti\u00f3n P\u00fablica en todas sus Modalidades y de Gesti\u00f3n Privada. Acuerdo-CPE N\u00b0248\/10 Aprueba el R\u00e9gimen Acad\u00e9mico Marco que regula la trayectoria formativa &#8230; <a title=\"Normativa\" class=\"read-more\" href=\"https:\/\/ipesco-scr.infd.edu.ar\/sitio\/normativa\/\" aria-label=\"More on Normativa\">[+]<\/a><\/p>\n","protected":false},"author":1759,"featured_media":0,"parent":0,"menu_order":0,"comment_status":"closed","ping_status":"closed","template":"","meta":[],"acf":[],"_links":{"self":[{"href":"https:\/\/ipesco-scr.infd.edu.ar\/sitio\/wp-json\/wp\/v2\/pages\/1568"}],"collection":[{"href":"https:\/\/ipesco-scr.infd.edu.ar\/sitio\/wp-json\/wp\/v2\/pages"}],"about":[{"href":"https:\/\/ipesco-scr.infd.edu.ar\/sitio\/wp-json\/wp\/v2\/types\/page"}],"author":[{"embeddable":true,"href":"https:\/\/ipesco-scr.infd.edu.ar\/sitio\/wp-json\/wp\/v2\/users\/1759"}],"replies":[{"embeddable":true,"href":"https:\/\/ipesco-scr.infd.edu.ar\/sitio\/wp-json\/wp\/v2\/comments?post=1568"}],"version-history":[{"count":4,"href":"https:\/\/ipesco-scr.infd.edu.ar\/sitio\/wp-json\/wp\/v2\/pages\/1568\/revisions"}],"predecessor-version":[{"id":7868,"href":"https:\/\/ipesco-scr.infd.edu.ar\/sitio\/wp-json\/wp\/v2\/pages\/1568\/revisions\/7868"}],"wp:attachment":[{"href":"https:\/\/ipesco-scr.infd.edu.ar\/sitio\/wp-json\/wp\/v2\/media?parent=1568"}],"curies":[{"name":"wp","href":"https:\/\/api.w.org\/{rel}","templated":true}]}}