{"id":1575,"date":"2018-08-31T17:06:24","date_gmt":"2018-08-31T20:06:24","guid":{"rendered":"https:\/\/ipesco-scr.infd.edu.ar\/sitio\/cpe-resoluciones-circulares\/"},"modified":"2022-11-23T21:07:02","modified_gmt":"2022-11-24T00:07:02","slug":"cpe-resoluciones-circulares","status":"publish","type":"page","link":"https:\/\/ipesco-scr.infd.edu.ar\/sitio\/cpe-resoluciones-circulares\/","title":{"rendered":"CPE &#8211; Resoluciones &#8211; Circulares"},"content":{"rendered":"\n<ul><li><span style=\"font-family: 'arial black', 'avant garde'; font-size: 10pt;\"><a title=\"Resoluci\u00f3n_0994_17\" href=\"upload\/RES_0994_17.pdf\" target=\"_blank\" rel=\"noopener\">Resoluci\u00f3n N\u00b0 0994\/17: Sobre inclusi\u00f3n de Educaci\u00f3n Superior en la remisi\u00f3n de Planillas de Inasistencias de Personal.<\/a><\/span><\/li><\/ul>\n\n\n\n<ul><li> <span style=\"color: #0000ff; font-family: arial black,avant garde; font-size: 10pt;\"><a title=\"Resoluci\u00f3n_1606_17\" rel=\"noopener\" href=\"upload\/Res_1606.pdf\" target=\"_blank\">Resoluci\u00f3n N\u00b0 1606\/17: Modificaci\u00f3n del Calendario Escolar 2017 Acuerdo N\u00b0 248\/16.\u00a0 Modifica el Apartado 13, D\u00edas no laborables en lo referido al 21 de septiembre.<\/a><\/span> <\/li><\/ul>\n\n\n\n<ul><li> <span style=\"color: #0000ff; font-family: arial black,avant garde; font-size: 10pt;\"><a title=\"Circular 003_16_Comisiones de Servicio\" rel=\"noopener\" href=\"upload\/Circular_003_16.pdf\" target=\"_blank\">Circular N\u00b0 003: Unificaci\u00f3n de Comisiones de Servicio del Personal Docente y ajuste del Circuito Administrativo a la normativa vigente.<\/a><\/span> <\/li><\/ul>\n\n\n\n<ul><li><span style=\"color: #0000ff; font-family: 'arial black', 'avant garde';\"><span style=\"font-size: 13.3333px;\"><a title=\"Resoluci\u00f3n_1764_17\" href=\"upload\/Resolucion_1764_17.pdf\" target=\"_blank\" rel=\"noopener\">Resoluci\u00f3n N\u00b0 1764\/17: Decl\u00e1rase de Inter\u00e9s Educativo las Jornadas de Sensibilizaci\u00f3n \u00abIntegraci\u00f3n y Diversidad\u00bb: 19 de Septiembre D\u00eda de la Persona Sorda.<\/a><\/span><\/span><\/li><\/ul>\n\n\n\n<p><\/p>\n","protected":false},"excerpt":{"rendered":"<p>Resoluci\u00f3n N\u00b0 0994\/17: Sobre inclusi\u00f3n de Educaci\u00f3n Superior en la remisi\u00f3n de Planillas de Inasistencias de Personal. Resoluci\u00f3n N\u00b0 1606\/17: Modificaci\u00f3n del Calendario Escolar 2017 Acuerdo N\u00b0 248\/16.\u00a0 Modifica el Apartado 13, D\u00edas no laborables en lo referido al 21 de septiembre. Circular N\u00b0 003: Unificaci\u00f3n de Comisiones de Servicio del Personal Docente y ajuste &#8230; <a title=\"CPE &#8211; Resoluciones &#8211; Circulares\" class=\"read-more\" href=\"https:\/\/ipesco-scr.infd.edu.ar\/sitio\/cpe-resoluciones-circulares\/\" aria-label=\"More on CPE &#8211; Resoluciones &#8211; Circulares\">[+]<\/a><\/p>\n","protected":false},"author":1759,"featured_media":0,"parent":0,"menu_order":0,"comment_status":"closed","ping_status":"closed","template":"","meta":[],"acf":[],"_links":{"self":[{"href":"https:\/\/ipesco-scr.infd.edu.ar\/sitio\/wp-json\/wp\/v2\/pages\/1575"}],"collection":[{"href":"https:\/\/ipesco-scr.infd.edu.ar\/sitio\/wp-json\/wp\/v2\/pages"}],"about":[{"href":"https:\/\/ipesco-scr.infd.edu.ar\/sitio\/wp-json\/wp\/v2\/types\/page"}],"author":[{"embeddable":true,"href":"https:\/\/ipesco-scr.infd.edu.ar\/sitio\/wp-json\/wp\/v2\/users\/1759"}],"replies":[{"embeddable":true,"href":"https:\/\/ipesco-scr.infd.edu.ar\/sitio\/wp-json\/wp\/v2\/comments?post=1575"}],"version-history":[{"count":1,"href":"https:\/\/ipesco-scr.infd.edu.ar\/sitio\/wp-json\/wp\/v2\/pages\/1575\/revisions"}],"predecessor-version":[{"id":6085,"href":"https:\/\/ipesco-scr.infd.edu.ar\/sitio\/wp-json\/wp\/v2\/pages\/1575\/revisions\/6085"}],"wp:attachment":[{"href":"https:\/\/ipesco-scr.infd.edu.ar\/sitio\/wp-json\/wp\/v2\/media?parent=1575"}],"curies":[{"name":"wp","href":"https:\/\/api.w.org\/{rel}","templated":true}]}}