{"id":1596,"date":"2024-10-29T22:18:52","date_gmt":"2024-10-30T01:18:52","guid":{"rendered":"https:\/\/ipesco-scr.infd.edu.ar\/sitio\/autoridades\/"},"modified":"2026-03-16T21:37:36","modified_gmt":"2026-03-17T00:37:36","slug":"autoridades","status":"publish","type":"page","link":"https:\/\/ipesco-scr.infd.edu.ar\/sitio\/autoridades\/","title":{"rendered":"Autoridades"},"content":{"rendered":"\n<pre class=\"wp-block-preformatted has-base-3-color has-midnight-gradient-background has-text-color has-background has-medium-font-size\"><strong><em>Presidente del Consejo Provincial de Educaci\u00f3n<\/em><\/strong><\/pre>\n\n\n\n<p class=\"has-text-align-center\">Prof. Iris Rasgido<\/p>\n\n\n\n<pre class=\"wp-block-preformatted has-base-3-color has-midnight-gradient-background has-text-color has-background has-medium-font-size\"><strong><em>Directora Provincial de Educaci\u00f3n Superior<\/em><\/strong><\/pre>\n\n\n\n<p class=\"has-text-align-center\">Lic. Florencia Igor<\/p>\n\n\n\n<pre class=\"wp-block-preformatted has-base-3-color has-midnight-gradient-background has-text-color has-background has-medium-font-size\"><strong><em>Rectora y Vicerrectora<\/em><\/strong><\/pre>\n\n\n\n<p class=\"has-text-align-center\">Rectora Prof. Claudia Ugarte<\/p>\n\n\n\n<p class=\"has-text-align-center\">Vicerrectora Lic. Natalia Jumilla<\/p>\n\n\n\n<p>                                                                                                   <\/p>\n\n\n\n<pre class=\"wp-block-preformatted has-base-3-color has-midnight-gradient-background has-text-color has-background has-medium-font-size\"><strong><em>Coordinadores de Carrera <\/em><\/strong><\/pre>\n\n\n\n<ul>\n<li>Profesorado de Artes Visuales: Prof. Macarena V\u00e1zquez<\/li>\n\n\n\n<li>Profesorado de Educaci\u00f3n Especial con orientaci\u00f3n en Discapacidad Intelectual: Prof. Caterina Aracena<\/li>\n\n\n\n<li>Profesorado de Educaci\u00f3n Especial con orientaci\u00f3n en Sordos e Hipoac\u00fasicos: Lic. Irma Villalba<\/li>\n\n\n\n<li>Profesorado de Educaci\u00f3n Secundaria en Lengua y Literatura: Prof. Ver\u00f3nica Alarc\u00f3n<\/li>\n\n\n\n<li>Profesorado de Ingl\u00e9s: Prof. Carina Bujard\u00f3n<\/li>\n\n\n\n<li>Profesorado de M\u00fasica: Prof. Natalia Gerosa<\/li>\n<\/ul>\n\n\n\n<pre class=\"wp-block-preformatted has-base-3-color has-midnight-gradient-background has-text-color has-background has-medium-font-size\"><strong><em>Coordinadora de  Pr\u00e1cticas (transitorio)<\/em><\/strong><\/pre>\n\n\n\n<ul>\n<li><\/li>\n<\/ul>\n\n\n\n<pre class=\"wp-block-preformatted has-base-3-color has-midnight-gradient-background has-text-color has-background has-medium-font-size\"><strong><em>Secretar\u00eda Administrativa Docente <\/em><\/strong><\/pre>\n\n\n\n<ul>\n<li>Prof. Dar\u00edo Carpio<\/li>\n<\/ul>\n\n\n\n<pre class=\"wp-block-preformatted has-base-3-color has-midnight-gradient-background has-text-color has-background has-medium-font-size\"><strong><em>Coordinaci\u00f3n \u00c1rea Estudiantil<\/em><\/strong><\/pre>\n\n\n\n<ul>\n<li>Prof. \u00c9rika Felmer<\/li>\n<\/ul>\n\n\n\n<hr class=\"wp-block-separator has-alpha-channel-opacity\"\/>\n","protected":false},"excerpt":{"rendered":"<p>Presidente del Consejo Provincial de Educaci\u00f3n Prof. Iris Rasgido Directora Provincial de Educaci\u00f3n Superior Lic. Florencia Igor Rectora y Vicerrectora Rectora Prof. Claudia Ugarte Vicerrectora Lic. Natalia Jumilla Coordinadores de Carrera Coordinadora de Pr\u00e1cticas (transitorio) Secretar\u00eda Administrativa Docente Coordinaci\u00f3n \u00c1rea Estudiantil<\/p>\n","protected":false},"author":1759,"featured_media":0,"parent":0,"menu_order":0,"comment_status":"closed","ping_status":"closed","template":"","meta":[],"acf":[],"_links":{"self":[{"href":"https:\/\/ipesco-scr.infd.edu.ar\/sitio\/wp-json\/wp\/v2\/pages\/1596"}],"collection":[{"href":"https:\/\/ipesco-scr.infd.edu.ar\/sitio\/wp-json\/wp\/v2\/pages"}],"about":[{"href":"https:\/\/ipesco-scr.infd.edu.ar\/sitio\/wp-json\/wp\/v2\/types\/page"}],"author":[{"embeddable":true,"href":"https:\/\/ipesco-scr.infd.edu.ar\/sitio\/wp-json\/wp\/v2\/users\/1759"}],"replies":[{"embeddable":true,"href":"https:\/\/ipesco-scr.infd.edu.ar\/sitio\/wp-json\/wp\/v2\/comments?post=1596"}],"version-history":[{"count":31,"href":"https:\/\/ipesco-scr.infd.edu.ar\/sitio\/wp-json\/wp\/v2\/pages\/1596\/revisions"}],"predecessor-version":[{"id":9167,"href":"https:\/\/ipesco-scr.infd.edu.ar\/sitio\/wp-json\/wp\/v2\/pages\/1596\/revisions\/9167"}],"wp:attachment":[{"href":"https:\/\/ipesco-scr.infd.edu.ar\/sitio\/wp-json\/wp\/v2\/media?parent=1596"}],"curies":[{"name":"wp","href":"https:\/\/api.w.org\/{rel}","templated":true}]}}