{"id":1616,"date":"2018-08-31T17:06:39","date_gmt":"2018-08-31T20:06:39","guid":{"rendered":"https:\/\/ipesco-scr.infd.edu.ar\/sitio\/documentacion-requerida\/"},"modified":"2021-11-29T18:24:45","modified_gmt":"2021-11-29T21:24:45","slug":"documentacion-requerida","status":"publish","type":"page","link":"https:\/\/ipesco-scr.infd.edu.ar\/sitio\/documentacion-requerida\/","title":{"rendered":"Documentaci\u00f3n requerida"},"content":{"rendered":"<table style=\"width: 100%; border: 0px solid #f0f8ff;\" border=\"0\">\n<tbody>\n<tr class=\"Resaltado1\">\n<td style=\"text-align: center;\" colspan=\"2\">\n<h2><span style=\"color: #ffffff; font-family: 'arial black', 'avant garde';\">REQUISITOS DE INGRESO<\/span><\/h2>\n<\/td>\n<\/tr>\n<tr>\n<td colspan=\"2\">\u00a0<\/td>\n<\/tr>\n<tr>\n<td style=\"background-color: #f0f8ff; border: 1px solid #0000ff;\" colspan=\"2\"><span style=\"color: #0000ff;\">El <em><strong>R\u00c9GIMEN ACAD\u00c9MICO MARCO<\/strong><\/em> (R.A.M.) Acuerdo C.P.E. N\u00b0 248\/10 en su <em><strong>Cap\u00edtulo II: DEL INGRESO E INSCRIPCIONES<\/strong>, Art\u00edculo 4\u00b0\u00a0<\/em>especifica cu\u00e1l\u00a0es la documentaci\u00f3n que deber\u00e1 presentar el interesado al momento de inscribirse a una carrera:<\/span><\/td>\n<\/tr>\n<tr>\n<td colspan=\"2\">\n<h3 style=\"margin-top: 0px; margin-bottom: 0px; padding-bottom: 0px; text-align: center;\">\u00a0<\/h3>\n<\/td>\n<\/tr>\n<tr>\n<td style=\"border: 1px solid #0000ff;\">\n<div style=\"text-align: center;\">\u00a0<\/div>\n<\/td>\n<td style=\"border: 1px solid #0000ff;\">\n<ul>\n<li><span style=\"color: #000000;\">Certificado Anal\u00edtico de Estudios autenticado o Certificado de T\u00edtulo en Tr\u00e1mite actualizado y original.<\/span><\/li>\n<\/ul>\n<\/td>\n<\/tr>\n<tr>\n<td style=\"border: 1px solid #f0f8ff;\" colspan=\"2\">\u00a0<\/td>\n<\/tr>\n<tr>\n<td style=\"border: 1px solid #0000ff;\">\n<div style=\"text-align: center;\">\u00a0<\/div>\n<\/td>\n<td style=\"border: 1px solid #0000ff;\">\n<ul>\n<li>Fotocopia del D.N.I. (A partir del 1\u00b0 de abril de 2017 el D.N.I. Tarjeta ser\u00e1 el \u00fanico documento v\u00e1lido en Argentina).<\/li>\n<\/ul>\n<\/td>\n<\/tr>\n<tr>\n<td colspan=\"2\">\u00a0<\/td>\n<\/tr>\n<tr>\n<td style=\"border: 1px solid #0000ff;\">\n<div style=\"text-align: center;\">\u00a0<\/div>\n<\/td>\n<td style=\"border: 1px solid #0000ff;\">\n<ul>\n<li>Fotocopia de la Partida de Nacimiento.<\/li>\n<\/ul>\n<\/td>\n<\/tr>\n<tr>\n<td colspan=\"2\">\u00a0<\/td>\n<\/tr>\n<tr>\n<td style=\"border: 1px solid #0000ff;\">\n<div style=\"text-align: center;\">\u00a0<\/div>\n<\/td>\n<td style=\"border: 1px solid #0000ff;\">\n<ul>\n<li>Constancia del C.U.I.L. (C\u00f3digo \u00danico de Identificaci\u00f3n Laboral\u00a0(descargar desde\u00a0<a title=\"Obtener Constancia de CUIL\" href=\"http:\/\/www.anses.gob.ar\/seccion\/cuil-3\" target=\"_blank\" rel=\"noopener\">http:\/\/www.anses.gob.ar\/seccion\/cuil-3<\/a>).<\/li>\n<\/ul>\n<\/td>\n<\/tr>\n<tr>\n<td colspan=\"2\">\u00a0<\/td>\n<\/tr>\n<tr>\n<td style=\"border: 1px solid #0000ff;\">\u00a0<\/td>\n<td style=\"border: 1px solid #0000ff;\">\n<ul>\n<li>Dos Fotos Carnet (4 x 4).<\/li>\n<\/ul>\n<\/td>\n<\/tr>\n<tr>\n<td colspan=\"2\">\u00a0<\/td>\n<\/tr>\n<tr>\n<td style=\"border: 1px solid #0000ff;\">\u00a0<\/td>\n<td style=\"border: 1px solid #0000ff;\">\n<ul>\n<li><a title=\"Planilla de certificaci\u00f3n m\u00e9dica\" href=\"upload\/Planilla_certificaci%F3n_m%E9dica.pdf\" target=\"_blank\" rel=\"noopener\">Certificado M\u00e9dico de Aptitud Psicof\u00edsico<\/a> avalado por Profesional M\u00e9dico. (Descargar <a title=\"Planilla de certificaci\u00f3n m\u00e9dica\" href=\"upload\/Planilla_certificaci%F3n_m%E9dica.pdf\" target=\"_blank\" rel=\"noopener\">Formulario<\/a>)<\/li>\n<\/ul>\n<\/td>\n<\/tr>\n<tr>\n<td colspan=\"2\">\u00a0<\/td>\n<\/tr>\n<tr>\n<td style=\"border: 1px solid #0000ff;\">\u00a0<\/td>\n<td style=\"border: 1px solid #0000ff;\">\n<ul>\n<li>Completar <a title=\"Tipos de formulario de inscripci\u00f3n\" href=\"index.cgi?wid_item=78&amp;wid_seccion=26\" target=\"_blank\" rel=\"noopener\">Ficha de Inscripci\u00f3n<\/a>. \u00a0(Regular\/Condicional\/Art\u00edculo 7\u00b0).<\/li>\n<\/ul>\n<\/td>\n<\/tr>\n<tr>\n<td colspan=\"2\">\u00a0<\/td>\n<\/tr>\n<tr>\n<td style=\"border: 1px solid #0000ff;\">\u00a0<\/td>\n<td style=\"border: 1px solid #0000ff;\">\n<ul>\n<li>Una Carpeta Colgante tama\u00f1o oficio.<\/li>\n<\/ul>\n<\/td>\n<\/tr>\n<tr>\n<td>\u00a0<\/td>\n<td>\u00a0<\/td>\n<\/tr>\n<tr>\n<td style=\"border: 1px solid #0000ff;\">\u00a0<\/td>\n<td style=\"border: 1px solid #0000ff;\">\n<ul>\n<li>Tres Folios tama\u00f1o oficio.<\/li>\n<\/ul>\n<\/td>\n<\/tr>\n<tr>\n<td>\u00a0<\/td>\n<td>\u00a0<\/td>\n<\/tr>\n<\/tbody>\n<\/table>\n\n\n<p><\/p>\n","protected":false},"excerpt":{"rendered":"<p>REQUISITOS DE INGRESO \u00a0 El R\u00c9GIMEN ACAD\u00c9MICO MARCO (R.A.M.) Acuerdo C.P.E. N\u00b0 248\/10 en su Cap\u00edtulo II: DEL INGRESO E INSCRIPCIONES, Art\u00edculo 4\u00b0\u00a0especifica cu\u00e1l\u00a0es la documentaci\u00f3n que deber\u00e1 presentar el interesado al momento de inscribirse a una carrera: \u00a0 \u00a0 Certificado Anal\u00edtico de Estudios autenticado o Certificado de T\u00edtulo en Tr\u00e1mite actualizado y original. \u00a0 &#8230; <a title=\"Documentaci\u00f3n requerida\" class=\"read-more\" href=\"https:\/\/ipesco-scr.infd.edu.ar\/sitio\/documentacion-requerida\/\" aria-label=\"More on Documentaci\u00f3n requerida\">[+]<\/a><\/p>\n","protected":false},"author":1759,"featured_media":0,"parent":0,"menu_order":0,"comment_status":"closed","ping_status":"closed","template":"","meta":[],"acf":[],"_links":{"self":[{"href":"https:\/\/ipesco-scr.infd.edu.ar\/sitio\/wp-json\/wp\/v2\/pages\/1616"}],"collection":[{"href":"https:\/\/ipesco-scr.infd.edu.ar\/sitio\/wp-json\/wp\/v2\/pages"}],"about":[{"href":"https:\/\/ipesco-scr.infd.edu.ar\/sitio\/wp-json\/wp\/v2\/types\/page"}],"author":[{"embeddable":true,"href":"https:\/\/ipesco-scr.infd.edu.ar\/sitio\/wp-json\/wp\/v2\/users\/1759"}],"replies":[{"embeddable":true,"href":"https:\/\/ipesco-scr.infd.edu.ar\/sitio\/wp-json\/wp\/v2\/comments?post=1616"}],"version-history":[{"count":2,"href":"https:\/\/ipesco-scr.infd.edu.ar\/sitio\/wp-json\/wp\/v2\/pages\/1616\/revisions"}],"predecessor-version":[{"id":4627,"href":"https:\/\/ipesco-scr.infd.edu.ar\/sitio\/wp-json\/wp\/v2\/pages\/1616\/revisions\/4627"}],"wp:attachment":[{"href":"https:\/\/ipesco-scr.infd.edu.ar\/sitio\/wp-json\/wp\/v2\/media?parent=1616"}],"curies":[{"name":"wp","href":"https:\/\/api.w.org\/{rel}","templated":true}]}}