{"id":1626,"date":"2018-08-31T17:06:44","date_gmt":"2018-08-31T20:06:44","guid":{"rendered":"https:\/\/ipesco-scr.infd.edu.ar\/sitio\/postitulo-educacion-jovenes-y-adultos\/"},"modified":"2018-08-31T17:06:44","modified_gmt":"2018-08-31T20:06:44","slug":"postitulo-educacion-jovenes-y-adultos","status":"publish","type":"page","link":"https:\/\/ipesco-scr.infd.edu.ar\/sitio\/postitulo-educacion-jovenes-y-adultos\/","title":{"rendered":"Post\u00edtulo Educaci\u00f3n J\u00f3venes y Adultos"},"content":{"rendered":"<div class=\"Resaltado1\">INSCRIPCI&Oacute;N ABIERTA CONCURSO DOCENTES &#8211; TUTORES<\/p>\n<div class=\"Resaltado1\">Ipes Caleta Olivia<\/div>\n<h4 class=\"Titulo_resaltado Texto_resaltado Resaltado2\" style=\"text-align: center;\"><span style=\"font-size: 10pt;\">Per&iacute;odo de inscripci&oacute;n desde 1\/12\/13 al 15\/12\/13<\/span><\/h4>\n<p>&nbsp;<\/p>\n<div style=\"text-align: justify;\"><span style=\"font-family: arial, helvetica, sans-serif;\">La Direcci&oacute;n Provincial de Educaci&oacute;n Superior abre la&nbsp;<strong><em>pre-inscripci&oacute;n,&nbsp;<\/em><\/strong>al Post&iacute;tulo&nbsp;<strong><em>Especialista Docente en Nivel Superior en Educaci&oacute;n Permanente de J&oacute;venes y Adultos,&nbsp;<\/em><\/strong>en dos etapas:<\/span><\/div>\n<div style=\"text-align: justify;\"><span style=\"font-family: arial, helvetica, sans-serif;\"><br \/><\/span><\/div>\n<div style=\"text-align: justify;\"><span style=\"font-family: arial, helvetica, sans-serif;\">&#8211;&nbsp;&nbsp;&nbsp;&nbsp;&nbsp;Del 1 al 15 de diciembre del a&ntilde;o 2013 y<\/span><\/div>\n<div style=\"text-align: justify;\"><span style=\"font-family: arial, helvetica, sans-serif;\">&#8211;&nbsp;&nbsp;&nbsp;&nbsp;&nbsp;del 1 al 15 de marzo del a&ntilde;o 2014 &nbsp;<\/span><\/div>\n<div style=\"text-align: justify;\"><span style=\"font-family: arial, helvetica, sans-serif;\"><br \/><\/span><\/div>\n<div style=\"text-align: justify;\"><span style=\"font-family: arial, helvetica, sans-serif;\">El post&iacute;tulo est&aacute; destinado a quienes se desempe&ntilde;an en instituciones educativas de nivel primario y secundario de la Modalidad de J&oacute;venes y Adultos. Tambi&eacute;n pueden participar aquellos que desempe&ntilde;en funciones docentes en el nivel y modalidad antes mencionada.<\/span><\/div>\n<div style=\"text-align: justify;\"><span style=\"font-family: arial, helvetica, sans-serif;\">&nbsp;<\/span><\/div>\n<div style=\"text-align: justify;\"><span style=\"font-family: arial, helvetica, sans-serif;\">La&nbsp;<strong><em>inscripci&oacute;n&nbsp;<\/em><\/strong>se formalizar&aacute; una vez cumplimentadas las cuatro instancias:<\/span><\/div>\n<div style=\"text-align: justify;\"><span style=\"font-family: arial, helvetica, sans-serif;\">&nbsp;<\/span><\/div>\n<div style=\"text-align: justify;\"><span style=\"font-family: arial, helvetica, sans-serif;\">1-&nbsp;&nbsp;Completar el formulario de pre-inscripci&oacute;n que estar&aacute; disponible en el sitio web de la Direcci&oacute;n Provincial de Educaci&oacute;n Superior a partir del 1 de diciembre al 15 de diciembre del a&ntilde;o 2013 y desde 1 al 15 de marzo del a&ntilde;o 2014. &nbsp;<\/span><\/div>\n<div style=\"text-align: justify;\"><span style=\"font-family: arial, helvetica, sans-serif;\">2-&nbsp;&nbsp;Haber sido aceptada la pre-inscripci&oacute;n por la DPES.<\/span><\/div>\n<div style=\"text-align: justify;\"><span style=\"font-family: arial, helvetica, sans-serif;\">3-&nbsp;&nbsp;Cursar y aprobar el m&oacute;dulo introductorio de TIC.<\/span><\/div>\n<div style=\"text-align: justify;\"><span style=\"font-family: arial, helvetica, sans-serif;\">4-&nbsp;&nbsp;Presentar la documentaci&oacute;n requerida en el Instituto de Formaci&oacute;n Sede asignado.<\/span><\/div>\n<div><span>&nbsp;<\/span><\/div>\n<div><span>Consultas:&nbsp;<\/span><a rel=\"nofollow\" href=\"https:\/\/ar-mg6.mail.yahoo.com\/compose?to=post%C3%ADtulosantacruz@yahoo.com\" target=\"_blank\"><span>postitulosantacruz@yahoo.com<\/span><\/a><\/div>\n<p>&nbsp;<\/p>\n<p class=\"Resaltado2\">REGLAMENTACI&Oacute;N<\/p>\n<p>Pre-convocatoria a docentes-tutores, para cubrir horas c&aacute;tedras del Post&iacute;tulo Especialista Docente en Nivel Superior en Educaci&oacute;n Permanente de J&oacute;venes y Adultos.<\/p>\n<p>&nbsp;<\/p>\n<p class=\"Resaltado2\">PERFILES DOCENTES CONVOCADOS<\/p>\n<ul>\n<li>Profesores en Historia<\/li>\n<li>Profesores en Ciencias de la Educaci&oacute;n<\/li>\n<li>Profesores en Psicolog&iacute;a<\/li>\n<\/ul>\n<p>&nbsp;<\/p>\n<p class=\"Resaltado2\">DOCUMENTACI&Oacute;N A PRESENTAR<\/p>\n<ol>\n<li>Solicitud de inscripci&oacute;n. &nbsp;Solicitar en la sede del IPES.<\/li>\n<li>\n<div><span>&nbsp;Datos personales completos (fotocopia autenticada de D.N.I.)<\/span><\/div>\n<div><span>-T&iacute;tulo de Nivel Superior (fotocopia autenticada por Escribano P&uacute;blico y\/o Juez de Paz)<\/span><\/div>\n<div><span>&#8211; Otros t&iacute;tulos (fotocopia autenticada por Escribano P&uacute;blico y\/o Juez de Paz)<\/span><\/div>\n<div><span>&#8211; Post&iacute;tulos (fotocopia autenticada por Escribano P&uacute;blico y\/o Juez de Paz)<\/span><\/div>\n<div><span>&#8211; Certificaciones\/Constancias de servicios docentes<\/span><\/div>\n<div><span>&#8211; Fotocopias de cursos\/jornadas\/congresos\/encuentro\/talleres, etc. de capacitaci&oacute;n debidamente autenticada por autoridad competente.<\/span><\/div>\n<div><span>&#8211; Certificaciones de participaci&oacute;n en Tribunales y\/o como Jurados.<\/span><\/div>\n<div><span>&#8211; Constancias de materias aprobadas de Carreras de Nivel Superior incompletas.<\/span><\/div>\n<div><span>&#8211; Trabajos t&eacute;cnicos.<\/span><\/div>\n<div><span>&#8211; Publicaciones.<\/span><\/div>\n<div><span>&#8211; Valoraci&oacute;n cr&iacute;tica de producciones a cargo de especialistas.<\/span><\/div>\n<div><span>&#8211; Publicaciones de cr&iacute;ticas en medios especializados.<\/span><\/div>\n<div><span>&#8211; Ponencias.<\/span><\/div>\n<div><span>&#8211; Investigaciones &#8211; Certificaciones de los organismos que avalan las mismas.<\/span><\/div>\n<div><span>&#8211; Becas obtenidas y efectivamente cumplidas con la debida acreditaci&oacute;n.<\/span><\/div>\n<div><span>&#8211; Pasant&iacute;as de perfeccionamiento.<\/span><\/div>\n<div><span>&#8211; Tutor&iacute;as.<\/span><\/div>\n<div><span>&#8211; Jurados para concursos de titularizaci&oacute;n.<\/span><\/div>\n<div><span>&#8211; Concursos ganados o premiados.<\/span><\/div>\n<div><span>&#8211; Participaci&oacute;n en Salones.<\/span><\/div>\n<div><span>&#8211; Realizaci&oacute;n de Muestras \/ Conciertos.<\/span><\/div>\n<div><span>(Anexo II Acuerdo N&ordf; 620\/05-CPE)<\/span><\/div>\n<\/li>\n<\/ol>\n<div class=\"Resaltado2\">DONDE PRESENTAR LA DOCUMENTACI&Oacute;N<\/div>\n<div>La documentaci&oacute;n solicitada deber&aacute; presentarla en sobre cerrado con la documentaci&oacute;n completa.<\/div>\n<div>La recepci&oacute;n se realizar&aacute; desde el 1&deg; al 15 de diciembre de 20132.<\/div>\n<div>Para <strong>R&iacute;o Gallegos<\/strong>: en el IPES, sito en Williams Hollidays 186 (Edificio del Colegio Guatemala) en el horario de 18.30 a 20 horas.<\/div>\n<div>Para <strong>Caleta Olivia<\/strong>: en el IPES, sito en Jos&eacute; Koltum 1370 Barrio Los Pinos, en el horario de 18.30 a 20 horas.<\/div>\n<div class=\"Resaltado2\"><span style=\"font-size: 12px;\">DOCUMENTACI&Oacute;N PARA DESCARGAR<\/span><\/div>\n<div>Listado documentaci&oacute;n a presentar (<a class=\"LinkModi\" title=\"https:\/\/ipesco-scr.infd.edu.ar\/aula\/archivos\/repositorio\/\/250\/324\/Requisitos_jovenes_y_adultos.pdf\" href=\"https:\/\/ipesco-scr.infd.edu.ar\/aula\/archivos\/repositorio\/\/250\/324\/Requisitos_jovenes_y_adultos.pdf\" target=\"_NEW\">Descargar<\/a>)<\/div>\n<\/div>\n","protected":false},"excerpt":{"rendered":"<p>INSCRIPCI&Oacute;N ABIERTA CONCURSO DOCENTES &#8211; TUTORES Ipes Caleta Olivia Per&iacute;odo de inscripci&oacute;n desde 1\/12\/13 al 15\/12\/13 &nbsp; La Direcci&oacute;n Provincial de Educaci&oacute;n Superior abre la&nbsp;pre-inscripci&oacute;n,&nbsp;al Post&iacute;tulo&nbsp;Especialista Docente en Nivel Superior en Educaci&oacute;n Permanente de J&oacute;venes y Adultos,&nbsp;en dos etapas: &#8211;&nbsp;&nbsp;&nbsp;&nbsp;&nbsp;Del 1 al 15 de diciembre del a&ntilde;o 2013 y &#8211;&nbsp;&nbsp;&nbsp;&nbsp;&nbsp;del 1 al 15 de marzo &#8230; <a title=\"Post\u00edtulo Educaci\u00f3n J\u00f3venes y Adultos\" class=\"read-more\" href=\"https:\/\/ipesco-scr.infd.edu.ar\/sitio\/postitulo-educacion-jovenes-y-adultos\/\" aria-label=\"More on Post\u00edtulo Educaci\u00f3n J\u00f3venes y Adultos\">[+]<\/a><\/p>\n","protected":false},"author":1759,"featured_media":0,"parent":0,"menu_order":0,"comment_status":"closed","ping_status":"closed","template":"","meta":[],"acf":[],"_links":{"self":[{"href":"https:\/\/ipesco-scr.infd.edu.ar\/sitio\/wp-json\/wp\/v2\/pages\/1626"}],"collection":[{"href":"https:\/\/ipesco-scr.infd.edu.ar\/sitio\/wp-json\/wp\/v2\/pages"}],"about":[{"href":"https:\/\/ipesco-scr.infd.edu.ar\/sitio\/wp-json\/wp\/v2\/types\/page"}],"author":[{"embeddable":true,"href":"https:\/\/ipesco-scr.infd.edu.ar\/sitio\/wp-json\/wp\/v2\/users\/1759"}],"replies":[{"embeddable":true,"href":"https:\/\/ipesco-scr.infd.edu.ar\/sitio\/wp-json\/wp\/v2\/comments?post=1626"}],"version-history":[{"count":0,"href":"https:\/\/ipesco-scr.infd.edu.ar\/sitio\/wp-json\/wp\/v2\/pages\/1626\/revisions"}],"wp:attachment":[{"href":"https:\/\/ipesco-scr.infd.edu.ar\/sitio\/wp-json\/wp\/v2\/media?parent=1626"}],"curies":[{"name":"wp","href":"https:\/\/api.w.org\/{rel}","templated":true}]}}