{"id":2713,"date":"2020-10-26T19:45:07","date_gmt":"2020-10-26T22:45:07","guid":{"rendered":"https:\/\/ipesco-scr.infd.edu.ar\/sitio\/?page_id=2713"},"modified":"2022-11-23T21:00:41","modified_gmt":"2022-11-24T00:00:41","slug":"pm-programas-2020","status":"publish","type":"page","link":"https:\/\/ipesco-scr.infd.edu.ar\/sitio\/pm-programas-2020\/","title":{"rendered":"PM &#8211; Programas &#8211; 2020 (2889\/16)"},"content":{"rendered":"<pre style=\"text-align: center;\"><span style=\"color: #0000ff;\"><strong>PROFESORADO DE M\u00daSICA<\/strong><\/span>\n<span style=\"color: #0000ff;\"><strong>Res. Plan N\u00b02889\/16<\/strong><\/span>\n<span style=\"color: #0000ff;\"><strong>Res. Ministerial de Validez Nacional N\u00b03154\/17<\/strong><\/span><\/pre>\n<hr \/>\n<h4>1\u00b0 a\u00f1o<\/h4>\n<hr \/>\n<ol>\n<li><a href=\"https:\/\/ipesco-scr.infd.edu.ar\/sitio\/wp-content\/uploads\/2020\/06\/PM-01-DID\u00c1CTICA-GENERAL-2020.pdf\">Did\u00e1ctica General<\/a><\/li>\n<li><a href=\"https:\/\/ipesco-scr.infd.edu.ar\/sitio\/wp-content\/uploads\/2020\/06\/PM-02-PEDAGOG\u00cdA-2020.pdf\">Pedagog\u00eda<\/a><\/li>\n<li><a href=\"https:\/\/ipesco-scr.infd.edu.ar\/sitio\/wp-content\/uploads\/2020\/07\/PM-03-EDI-2020.pdf\">EDI<\/a><\/li>\n<li><a href=\"https:\/\/ipesco-scr.infd.edu.ar\/sitio\/wp-content\/uploads\/2020\/10\/PM-04-SEMINARIO-OPTATIVO-DE-EXPRESI\u00d3N-CORPORAL-2020.pdf\">Seminario Optativo: Expresi\u00f3n Corporal<\/a><\/li>\n<li><a href=\"https:\/\/ipesco-scr.infd.edu.ar\/sitio\/wp-content\/uploads\/2020\/06\/PM-05-APRECIACI\u00d3N-MUSICAL-2020.pdf\">Apreciaci\u00f3n Musical<\/a><\/li>\n<li><a href=\"https:\/\/ipesco-scr.infd.edu.ar\/sitio\/wp-content\/uploads\/2020\/06\/PM-06-LENGUAJE-MUSICAL-I-2020.pdf\">Lenguaje Musical I<\/a><\/li>\n<li>Instrumento B\u00e1sico I\n<ol>\n<li><a href=\"https:\/\/ipesco-scr.infd.edu.ar\/sitio\/wp-content\/uploads\/2020\/06\/PM-07-INSTRUMENTO-B\u00c1SICO-I-GUITARRA-2020.pdf\">Guitarra<\/a><\/li>\n<li><a href=\"https:\/\/ipesco-scr.infd.edu.ar\/sitio\/wp-content\/uploads\/2020\/10\/PM-07-INSTRUMENTO-B\u00c1SICO-I-PIANO-2020.pdf\">Piano<\/a><\/li>\n<\/ol>\n<\/li>\n<li><a href=\"https:\/\/ipesco-scr.infd.edu.ar\/sitio\/wp-content\/uploads\/2020\/06\/PM-08-EDUCACI\u00d3N-VOCAL-2020.pdf\">Educaci\u00f3n Vocal<\/a><\/li>\n<li><a href=\"https:\/\/ipesco-scr.infd.edu.ar\/sitio\/wp-content\/uploads\/2020\/06\/PM-09-PR\u00c1CTICA-CORAL-2020.pdf\">Pr\u00e1ctica Coral<\/a><\/li>\n<li><a href=\"https:\/\/ipesco-scr.infd.edu.ar\/sitio\/wp-content\/uploads\/2020\/06\/PM-10-PR\u00c1CTICA-PEDAG\u00d3GICA-I-2020.pdf\">Pr\u00e1ctica Pedag\u00f3gica I<\/a><br \/>\n<hr \/>\n<h4>2\u00b0 a\u00f1o<\/h4>\n<hr \/>\n<\/li>\n<li><a href=\"https:\/\/ipesco-scr.infd.edu.ar\/sitio\/wp-content\/uploads\/2020\/06\/PM-11-PSICOLOG\u00cdA-EDUCACIONAL-2020.pdf\">Psicolog\u00eda Educacional<\/a><\/li>\n<li><a href=\"https:\/\/ipesco-scr.infd.edu.ar\/sitio\/wp-content\/uploads\/2020\/06\/PM-12-TIC-EN-LA-ENSE\u00d1ANZA-2020.pdf\">TIC en la Ense\u00f1anza<\/a><\/li>\n<li><a href=\"https:\/\/ipesco-scr.infd.edu.ar\/sitio\/wp-content\/uploads\/2020\/06\/PM-13-SUJETO-DE-LA-EDUCACI\u00d3N-DEL-NIVEL-INICIAL-Y-PRIMARIO-2020.pdf\">Sujeto de la Educaci\u00f3n del Nivel Inicial y Primario<\/a><\/li>\n<li><a href=\"https:\/\/ipesco-scr.infd.edu.ar\/sitio\/wp-content\/uploads\/2020\/06\/PM-14-HISTORIA-SOCIOCULTURAL-DEL-ARTE-2020.pdf\">Historia Sociocultural del Arte<\/a><\/li>\n<li><a href=\"https:\/\/ipesco-scr.infd.edu.ar\/sitio\/wp-content\/uploads\/2020\/06\/PM-15-DID\u00c1CTICA-DE-LA-M\u00daSICA-I-2020.pdf\">Did\u00e1ctica de la M\u00fasica I<\/a><\/li>\n<li><a href=\"https:\/\/ipesco-scr.infd.edu.ar\/sitio\/wp-content\/uploads\/2020\/06\/PM-16-LENGUAJE-MUSICAL-II-2020.pdf\">Lenguaje Musical II<\/a><\/li>\n<li>Instrumento B\u00e1sico II\n<ol>\n<li><a href=\"https:\/\/ipesco-scr.infd.edu.ar\/sitio\/wp-content\/uploads\/2020\/06\/PM-17-INSTRUMENTO-B\u00c1SICO-II-GUITARRA-2020.pdf\">Guitarra<\/a><\/li>\n<li><a href=\"https:\/\/ipesco-scr.infd.edu.ar\/sitio\/wp-content\/uploads\/2020\/10\/PM-17-INSTRUMENTO-B\u00c1SICO-II-PIANO-2020.pdf\">Piano<\/a><\/li>\n<\/ol>\n<\/li>\n<li>Instrumento Complementario\n<ol>\n<li><a href=\"https:\/\/ipesco-scr.infd.edu.ar\/sitio\/wp-content\/uploads\/2020\/06\/PM-18-INSTRUMENTO-COMPLEMENTARIO-GUITARRA-2020.pdf\">Guitarra<\/a><\/li>\n<li><a href=\"https:\/\/ipesco-scr.infd.edu.ar\/sitio\/wp-content\/uploads\/2020\/10\/PM-18-INSTRUMENTO-COMPLEMENTARIO-PIANO-2020.pdf\">Piano<\/a><\/li>\n<\/ol>\n<\/li>\n<li><a href=\"https:\/\/ipesco-scr.infd.edu.ar\/sitio\/wp-content\/uploads\/2020\/06\/PM-19-PR\u00c1CTICA-Y-DIRECCI\u00d3N-CORAL-I-2020.pdf\">Pr\u00e1ctica y Direcci\u00f3n Coral I<\/a><\/li>\n<li><a href=\"https:\/\/ipesco-scr.infd.edu.ar\/sitio\/wp-content\/uploads\/2020\/06\/PM-20-PR\u00c1CTICA-PEDAG\u00d3GICA-II-2020.pdf\">Pr\u00e1ctica Pedag\u00f3gica II<\/a><br \/>\n<hr \/>\n<h4>3\u00b0 a\u00f1o<\/h4>\n<hr \/>\n<\/li>\n<li><a href=\"https:\/\/ipesco-scr.infd.edu.ar\/sitio\/wp-content\/uploads\/2020\/06\/PM-21-HISTORIA-Y-POL\u00cdTICA-EDUCATIVA-2020.pdf\">Historia y Pol\u00edtica Educativa<\/a><\/li>\n<li>Sujeto de la Educaci\u00f3n del Nivel Secundario<\/li>\n<li><a href=\"https:\/\/ipesco-scr.infd.edu.ar\/sitio\/wp-content\/uploads\/2020\/06\/PM-23-SEMINARIO-DE-ARTE-E-INCLUSI\u00d3N-2020.pdf\">Seminario de Arte e Inclusi\u00f3n<\/a><\/li>\n<li><a href=\"https:\/\/ipesco-scr.infd.edu.ar\/sitio\/wp-content\/uploads\/2020\/06\/PM-24-HISTORIA-SOCIOCULTURAL-DE-LA-M\u00daSICA-I-2020.pdf\">Historia Sociocultural de la M\u00fasica I<\/a><\/li>\n<li>Historia Sociocultural de la M\u00fasica II<\/li>\n<li><a href=\"https:\/\/ipesco-scr.infd.edu.ar\/sitio\/wp-content\/uploads\/2020\/06\/PM-26-DID\u00c1CTICA-DE-LA-M\u00daSICA-II-2020.pdf\">Did\u00e1ctica de la M\u00fasica II<\/a><\/li>\n<li><a href=\"https:\/\/ipesco-scr.infd.edu.ar\/sitio\/wp-content\/uploads\/2020\/06\/PM-27-COMPOSICI\u00d3N-MUSICAL-I-2020.pdf\">Composici\u00f3n e Improvisaci\u00f3n Musical I<\/a><\/li>\n<li>Instrumento B\u00e1sico III\n<ol>\n<li><a href=\"https:\/\/ipesco-scr.infd.edu.ar\/sitio\/wp-content\/uploads\/2020\/06\/PM-28-INSTRUMENTO-B\u00c1SICO-III-GUITARRA-2020.pdf\">Guitarra<\/a><\/li>\n<li><a href=\"https:\/\/ipesco-scr.infd.edu.ar\/sitio\/wp-content\/uploads\/2020\/10\/PM-28-INSTRUMENTO-B\u00c1SICO-III-PIANO-2020.pdf\">Piano<\/a><\/li>\n<\/ol>\n<\/li>\n<li><a href=\"https:\/\/ipesco-scr.infd.edu.ar\/sitio\/wp-content\/uploads\/2020\/06\/PM-29-PR\u00c1CTICA-Y-DIRECCI\u00d3N-CORAL-II-2020.pdf\">Pr\u00e1ctica y Direcci\u00f3n Coral II<\/a><\/li>\n<li><a href=\"https:\/\/ipesco-scr.infd.edu.ar\/sitio\/wp-content\/uploads\/2020\/07\/PM-30-ENSAMBLE-Y-PR\u00c1CTICA-DE-CONJUNTO-I-2020.pdf\">Ensamble y Pr\u00e1ctica de Conjunto I<\/a><\/li>\n<li><a href=\"https:\/\/ipesco-scr.infd.edu.ar\/sitio\/wp-content\/uploads\/2020\/06\/PM-31-PR\u00c1CTICA-PEDAG\u00d3GICA-III-2020.pdf\">Pr\u00e1ctica Pedag\u00f3gica III<\/a><br \/>\n<hr \/>\n<h4>4\u00b0 a\u00f1o<\/h4>\n<hr \/>\n<\/li>\n<li><a href=\"https:\/\/ipesco-scr.infd.edu.ar\/sitio\/wp-content\/uploads\/2020\/06\/PM-32-EST\u00c9TICA-CONTEMPOR\u00c1NEA-2020.pdf\">Est\u00e9tica Contempor\u00e1nea<\/a><\/li>\n<li><a href=\"https:\/\/ipesco-scr.infd.edu.ar\/sitio\/wp-content\/uploads\/2020\/10\/PM-33-SOCIOLOGIA-DE-LA-EDUCACI\u00d3N-2020.pdf\">Sociolog\u00eda de la Educaci\u00f3n<\/a><\/li>\n<li><a href=\"https:\/\/ipesco-scr.infd.edu.ar\/sitio\/wp-content\/uploads\/2020\/06\/PM-34-FORMACI\u00d3N-\u00c9TICA-Y-CIUDADANA-2020.pdf\">Formaci\u00f3n \u00c9tica y Ciudadana<\/a><\/li>\n<li>EDI<\/li>\n<li><a href=\"https:\/\/ipesco-scr.infd.edu.ar\/sitio\/wp-content\/uploads\/2020\/06\/PM-36-COMPOSICI\u00d3N-MUSICAL-II-2020.pdf\">Composici\u00f3n e Improvisaci\u00f3n Musical II<\/a><\/li>\n<li>Instrumento B\u00e1sico IV\n<ol>\n<li><a href=\"https:\/\/ipesco-scr.infd.edu.ar\/sitio\/wp-content\/uploads\/2020\/06\/PM-37-INSTRUMENTO-B\u00c1SICO-IV-GUITARRA-2020.pdf\">Guitarra<\/a><\/li>\n<li><a href=\"https:\/\/ipesco-scr.infd.edu.ar\/sitio\/wp-content\/uploads\/2020\/10\/PM-37-INSTRUMENTO-B\u00c1SICO-IV-PIANO-2020.pdf\">Piano<\/a><\/li>\n<\/ol>\n<\/li>\n<li><a href=\"https:\/\/ipesco-scr.infd.edu.ar\/sitio\/wp-content\/uploads\/2020\/06\/PM-38-PR\u00c1CTICA-Y-DIRECCI\u00d3N-CORAL-III-2020.pdf\">Pr\u00e1ctica y Direcci\u00f3n Coral III<\/a><\/li>\n<li><a href=\"https:\/\/ipesco-scr.infd.edu.ar\/sitio\/wp-content\/uploads\/2020\/07\/PM-39-ENSAMBLE-Y-PR\u00c1CTICA-DE-CONJUNTO-II-2020.pdf\">Ensamble y Pr\u00e1ctica de Conjunto II<\/a><\/li>\n<li><a href=\"https:\/\/ipesco-scr.infd.edu.ar\/sitio\/wp-content\/uploads\/2020\/06\/PM-40-PR\u00c1CTICA-PEDAG\u00d3GICA-IV-2020.pdf\">Pr\u00e1ctica Pedag\u00f3gica IV<\/a><\/li>\n<\/ol>\n<hr \/>\n","protected":false},"excerpt":{"rendered":"<p>PROFESORADO DE M\u00daSICA Res. Plan N\u00b02889\/16 Res. Ministerial de Validez Nacional N\u00b03154\/17 1\u00b0 a\u00f1o Did\u00e1ctica General Pedagog\u00eda EDI Seminario Optativo: Expresi\u00f3n Corporal Apreciaci\u00f3n Musical Lenguaje Musical I Instrumento B\u00e1sico I Guitarra Piano Educaci\u00f3n Vocal Pr\u00e1ctica Coral Pr\u00e1ctica Pedag\u00f3gica I 2\u00b0 a\u00f1o Psicolog\u00eda Educacional TIC en la Ense\u00f1anza Sujeto de la Educaci\u00f3n del Nivel Inicial y &#8230; <a title=\"PM &#8211; Programas &#8211; 2020 (2889\/16)\" class=\"read-more\" href=\"https:\/\/ipesco-scr.infd.edu.ar\/sitio\/pm-programas-2020\/\" aria-label=\"More on PM &#8211; Programas &#8211; 2020 (2889\/16)\">[+]<\/a><\/p>\n","protected":false},"author":1759,"featured_media":0,"parent":0,"menu_order":0,"comment_status":"closed","ping_status":"closed","template":"","meta":[],"acf":[],"_links":{"self":[{"href":"https:\/\/ipesco-scr.infd.edu.ar\/sitio\/wp-json\/wp\/v2\/pages\/2713"}],"collection":[{"href":"https:\/\/ipesco-scr.infd.edu.ar\/sitio\/wp-json\/wp\/v2\/pages"}],"about":[{"href":"https:\/\/ipesco-scr.infd.edu.ar\/sitio\/wp-json\/wp\/v2\/types\/page"}],"author":[{"embeddable":true,"href":"https:\/\/ipesco-scr.infd.edu.ar\/sitio\/wp-json\/wp\/v2\/users\/1759"}],"replies":[{"embeddable":true,"href":"https:\/\/ipesco-scr.infd.edu.ar\/sitio\/wp-json\/wp\/v2\/comments?post=2713"}],"version-history":[{"count":51,"href":"https:\/\/ipesco-scr.infd.edu.ar\/sitio\/wp-json\/wp\/v2\/pages\/2713\/revisions"}],"predecessor-version":[{"id":6082,"href":"https:\/\/ipesco-scr.infd.edu.ar\/sitio\/wp-json\/wp\/v2\/pages\/2713\/revisions\/6082"}],"wp:attachment":[{"href":"https:\/\/ipesco-scr.infd.edu.ar\/sitio\/wp-json\/wp\/v2\/media?parent=2713"}],"curies":[{"name":"wp","href":"https:\/\/api.w.org\/{rel}","templated":true}]}}