{"id":2789,"date":"2022-11-23T20:24:00","date_gmt":"2022-11-23T23:24:00","guid":{"rendered":"https:\/\/ipesco-scr.infd.edu.ar\/sitio\/?page_id=2789"},"modified":"2022-11-23T20:27:16","modified_gmt":"2022-11-23T23:27:16","slug":"pav-programas-2020","status":"publish","type":"page","link":"https:\/\/ipesco-scr.infd.edu.ar\/sitio\/pav-programas-2020\/","title":{"rendered":"PAV &#8211; Programas 2020 (2888\/16)"},"content":{"rendered":"<pre style=\"text-align: center;\"><span style=\"color: #0000ff;\"><strong>PROFESORADO DE ARTES VISUALES<\/strong><\/span>\n<span style=\"color: #0000ff;\"><strong>Res. Plan N\u00b02888\/16<\/strong><\/span>\n<span style=\"color: #0000ff;\"><strong>Res. Ministerial N\u00b03154\/17<\/strong><\/span><\/pre>\n<hr>\n<h4>1\u00b0 a\u00f1o<\/h4>\n<hr>\n<ol>\n<li><a href=\"https:\/\/ipesco-scr.infd.edu.ar\/sitio\/wp-content\/uploads\/2020\/06\/PAV-01-DIDACTICA-GENERAL-2020.pdf\">Did\u00e1ctica General<\/a><\/li>\n<li><a href=\"https:\/\/ipesco-scr.infd.edu.ar\/sitio\/wp-content\/uploads\/2020\/06\/PAV-02-PEDAGOG\u00cdA-2020.pdf\">Pedagog\u00eda<\/a><\/li>\n<li><a href=\"https:\/\/ipesco-scr.infd.edu.ar\/sitio\/wp-content\/uploads\/2020\/06\/PAV-03-LENGUAJE-VISUAL-I-2020.pdf\">Lenguaje Visual I<\/a><\/li>\n<li><a href=\"https:\/\/ipesco-scr.infd.edu.ar\/sitio\/wp-content\/uploads\/2020\/07\/PAV-04-EDI-1\u00b0-2020.pdf\">EDI<\/a><\/li>\n<li>Seminario de Teatro<\/li>\n<li><a href=\"https:\/\/ipesco-scr.infd.edu.ar\/sitio\/wp-content\/uploads\/2020\/12\/PAV-06-Pintura-I-2020-con-ANEXO.pdf\">Pintura I<\/a><\/li>\n<li>Dibujo I<\/li>\n<li><a href=\"https:\/\/ipesco-scr.infd.edu.ar\/sitio\/wp-content\/uploads\/2020\/06\/PAV-08-ESCULTURA-I-2020.pdf\">Escultura I<\/a><\/li>\n<li><a href=\"https:\/\/ipesco-scr.infd.edu.ar\/sitio\/wp-content\/uploads\/2020\/07\/PAV-09-GRABADO-Y-ARTE-IMPRESO-I-2020.pdf\">Grabado y Arte Impreso I<\/a><\/li>\n<li><a href=\"https:\/\/ipesco-scr.infd.edu.ar\/sitio\/wp-content\/uploads\/2020\/07\/PAV-10-PR\u00c1CTICA-PEDAG\u00d3GICA-I-2020.pdf\">Pr\u00e1ctica Pedag\u00f3gica I<\/a><br \/>\n<hr>\n<h4>2\u00b0 a\u00f1o<\/h4>\n<hr>\n<\/li>\n<li><a href=\"https:\/\/ipesco-scr.infd.edu.ar\/sitio\/wp-content\/uploads\/2020\/06\/PAV-11-PSICOLOG\u00cdA-EDUCACIONAL-2020.pdf\">Psicolog\u00eda Educacional<\/a><\/li>\n<li>TIC en la Ense\u00f1anza<\/li>\n<li><a href=\"https:\/\/ipesco-scr.infd.edu.ar\/sitio\/wp-content\/uploads\/2020\/06\/PAV-13-LENGUAJE-VISUAL-II-2020.pdf\">Lenguaje Visual II<\/a><\/li>\n<li><a href=\"https:\/\/ipesco-scr.infd.edu.ar\/sitio\/wp-content\/uploads\/2020\/06\/PAV-14-SUJETO-DE-LA-EDUCACI\u00d3N-NIVEL-INICIAL-Y-PRIMARIO-2020.pdf\">Sujeto de la Educaci\u00f3n de Nivel Inicial y Primario<\/a><\/li>\n<li><a href=\"https:\/\/ipesco-scr.infd.edu.ar\/sitio\/wp-content\/uploads\/2020\/12\/PAV-15-Did\u00e1ctica-de-las-Artes-Visuales-I-2020.pdf\">Did\u00e1ctica de las Artes Visuales I<\/a><\/li>\n<li><a href=\"https:\/\/ipesco-scr.infd.edu.ar\/sitio\/wp-content\/uploads\/2020\/12\/PAV-16-Historia-Sociocultural-de-las-Artes-Visuales-I-2020.pdf\">Historia Sociocultural de las Artes Visuales I<\/a><\/li>\n<li><a href=\"https:\/\/ipesco-scr.infd.edu.ar\/sitio\/wp-content\/uploads\/2020\/06\/PAV-17-PINTURA-II-2020.pdf\">Pintura II<\/a><\/li>\n<li><a href=\"https:\/\/ipesco-scr.infd.edu.ar\/sitio\/wp-content\/uploads\/2020\/06\/PAV-18-DIBUJO-II-2020.pdf\">Dibujo II<\/a><\/li>\n<li><a href=\"https:\/\/ipesco-scr.infd.edu.ar\/sitio\/wp-content\/uploads\/2020\/06\/PAV-19-ESCULTURA-II-2020.pdf\">Escultura II<\/a><\/li>\n<li><a href=\"https:\/\/ipesco-scr.infd.edu.ar\/sitio\/wp-content\/uploads\/2020\/07\/PAV-20-GRABADO-Y-ARTE-IMPRESO-II-2020.pdf\">Grabado y Arte Impreso II<\/a><\/li>\n<li><a href=\"https:\/\/ipesco-scr.infd.edu.ar\/sitio\/wp-content\/uploads\/2020\/07\/PAV-21-PR\u00c1CTICA-PEDAG\u00d3GICA-II-2020.pdf\">Pr\u00e1ctica Pedag\u00f3gica II<\/a><br \/>\n<hr>\n<h4>3\u00b0 a\u00f1o<\/h4>\n<hr>\n<\/li>\n<li><a href=\"https:\/\/ipesco-scr.infd.edu.ar\/sitio\/wp-content\/uploads\/2020\/06\/PAV-22-HISTORIA-Y-POL\u00cdTICA-EDUCATIVA-2020.pdf\">Historia y Pol\u00edtica Educativa<\/a><\/li>\n<li>Seminario de Arte e Inclusi\u00f3n<\/li>\n<li><a href=\"https:\/\/ipesco-scr.infd.edu.ar\/sitio\/wp-content\/uploads\/2020\/07\/PAV-24-SUJETO-DE-LA-EDUCACI\u00d3N-NIVEL-SECUNDARIO-2020.pdf\">Sujeto de la Educaci\u00f3n de Nivel Secundario<\/a><\/li>\n<li><a href=\"https:\/\/ipesco-scr.infd.edu.ar\/sitio\/wp-content\/uploads\/2020\/06\/PAV-25-DID\u00c1CTICA-DE-LAS-ARTES-VISUALES-II-2020.pdf\">Did\u00e1ctica de las Artes Visuales II<\/a><\/li>\n<li><a href=\"https:\/\/ipesco-scr.infd.edu.ar\/sitio\/wp-content\/uploads\/2020\/12\/PAV-26-Historia-Sociocultural-de-las-Artes-Visuales-II-2020.pdf\">Historia Sociocultural de las Artes Visuales II<\/a><\/li>\n<li><a href=\"https:\/\/ipesco-scr.infd.edu.ar\/sitio\/wp-content\/uploads\/2020\/06\/PAV-27-EDI-EL-LENGUAJE-DE-LA-TECNOG\u00cdA-Y-EL-ARTES-2020.pdf\">EDI: El Lenguaje de la Tecnolog\u00eda y el Arte<\/a><\/li>\n<li><a href=\"https:\/\/ipesco-scr.infd.edu.ar\/sitio\/wp-content\/uploads\/2020\/12\/PAV-28-Pintura-III-2020-con-ANEXO.pdf\">Pintura III<\/a><\/li>\n<li><a href=\"https:\/\/ipesco-scr.infd.edu.ar\/sitio\/wp-content\/uploads\/2020\/06\/PAV-29-ESCULTURA-III-2020.pdf\">Escultura III<\/a><\/li>\n<li><a href=\"https:\/\/ipesco-scr.infd.edu.ar\/sitio\/wp-content\/uploads\/2020\/07\/PAV-30-GRABADO-Y-ARTE-IMPRESO-III-2020.pdf\">Grabado y Arte Impreso III<\/a><\/li>\n<li><a href=\"https:\/\/ipesco-scr.infd.edu.ar\/sitio\/wp-content\/uploads\/2020\/06\/PAV-31-PR\u00c1CTICA-PEDAG\u00d3GICA-III-2020.pdf\">Pr\u00e1ctica Pedag\u00f3gica III<\/a><br \/>\n<hr>\n<h4>4\u00b0 a\u00f1o<\/h4>\n<hr>\n<\/li>\n<li><a href=\"https:\/\/ipesco-scr.infd.edu.ar\/sitio\/wp-content\/uploads\/2020\/06\/PAV-32-EST\u00c9TICAS-CONTEMPOR\u00c1NEAS-2020.pdf\">Est\u00e9ticas Contempor\u00e1neas<\/a><\/li>\n<li><a href=\"https:\/\/ipesco-scr.infd.edu.ar\/sitio\/wp-content\/uploads\/2020\/12\/PAV-33-Sociologia-de-la-Educaci\u00f3n.pdf\">Sociolog\u00eda de la Educaci\u00f3n<\/a><\/li>\n<li><a href=\"https:\/\/ipesco-scr.infd.edu.ar\/sitio\/wp-content\/uploads\/2020\/06\/PAV-34-FORMACI\u00d3N-\u00c9TICA-Y-CIUDADANA-2020.pdf\">Formaci\u00f3n \u00c9tica y Ciudadana<\/a><\/li>\n<li>EDI<\/li>\n<li>Taller de Producci\u00f3n Audiovisual<\/li>\n<li>Taller de Fotograf\u00eda<\/li>\n<li>Historia Sociocultural de las Artes Visuales en Latinoam\u00e9rica y Argentina<\/li>\n<li><a href=\"https:\/\/ipesco-scr.infd.edu.ar\/sitio\/wp-content\/uploads\/2020\/06\/PAV-39-TALLER-DE-PRODUCI\u00d3N-CONTEMPOR\u00c1NEA-2020.pdf\">Taller de Producci\u00f3n Contempor\u00e1nea<\/a><\/li>\n<li><a href=\"https:\/\/ipesco-scr.infd.edu.ar\/sitio\/wp-content\/uploads\/2020\/07\/PAV-40-TALLER-DE-LAS-ARTES-VISUALES-2020.pdf\">Taller de las Artes Visuales: Opci\u00f3n especialidad: Pintura, Escultura o Grabado y Arte Impreso<\/a><\/li>\n<li>Pr\u00e1ctica Pedag\u00f3gica IV<\/li>\n<\/ol>\n<hr>\n","protected":false},"excerpt":{"rendered":"<p>PROFESORADO DE ARTES VISUALES Res. Plan N\u00b02888\/16 Res. Ministerial N\u00b03154\/17 1\u00b0 a\u00f1o Did\u00e1ctica General Pedagog\u00eda Lenguaje Visual I EDI Seminario de Teatro Pintura I Dibujo I Escultura I Grabado y Arte Impreso I Pr\u00e1ctica Pedag\u00f3gica I 2\u00b0 a\u00f1o Psicolog\u00eda Educacional TIC en la Ense\u00f1anza Lenguaje Visual II Sujeto de la Educaci\u00f3n de Nivel Inicial y &#8230; <a title=\"PAV &#8211; Programas 2020 (2888\/16)\" class=\"read-more\" href=\"https:\/\/ipesco-scr.infd.edu.ar\/sitio\/pav-programas-2020\/\" aria-label=\"More on PAV &#8211; Programas 2020 (2888\/16)\">[+]<\/a><\/p>\n","protected":false},"author":1759,"featured_media":0,"parent":0,"menu_order":0,"comment_status":"closed","ping_status":"closed","template":"","meta":[],"acf":[],"_links":{"self":[{"href":"https:\/\/ipesco-scr.infd.edu.ar\/sitio\/wp-json\/wp\/v2\/pages\/2789"}],"collection":[{"href":"https:\/\/ipesco-scr.infd.edu.ar\/sitio\/wp-json\/wp\/v2\/pages"}],"about":[{"href":"https:\/\/ipesco-scr.infd.edu.ar\/sitio\/wp-json\/wp\/v2\/types\/page"}],"author":[{"embeddable":true,"href":"https:\/\/ipesco-scr.infd.edu.ar\/sitio\/wp-json\/wp\/v2\/users\/1759"}],"replies":[{"embeddable":true,"href":"https:\/\/ipesco-scr.infd.edu.ar\/sitio\/wp-json\/wp\/v2\/comments?post=2789"}],"version-history":[{"count":41,"href":"https:\/\/ipesco-scr.infd.edu.ar\/sitio\/wp-json\/wp\/v2\/pages\/2789\/revisions"}],"predecessor-version":[{"id":6068,"href":"https:\/\/ipesco-scr.infd.edu.ar\/sitio\/wp-json\/wp\/v2\/pages\/2789\/revisions\/6068"}],"wp:attachment":[{"href":"https:\/\/ipesco-scr.infd.edu.ar\/sitio\/wp-json\/wp\/v2\/media?parent=2789"}],"curies":[{"name":"wp","href":"https:\/\/api.w.org\/{rel}","templated":true}]}}