{"id":2915,"date":"2020-12-21T19:51:40","date_gmt":"2020-12-21T22:51:40","guid":{"rendered":"https:\/\/ipesco-scr.infd.edu.ar\/sitio\/?page_id=2915"},"modified":"2022-11-23T20:32:29","modified_gmt":"2022-11-23T23:32:29","slug":"pee-di-programas-2020-1","status":"publish","type":"page","link":"https:\/\/ipesco-scr.infd.edu.ar\/sitio\/pee-di-programas-2020-1\/","title":{"rendered":"PEE &#8211; DI &#8211; Programas &#8211; 2020 (1846\/14)"},"content":{"rendered":"<pre style=\"text-align: center;\"><span style=\"color: #0000ff;\"><strong>PROFESORADO DE EDUCACI\u00d3N ESPECIAL con Orientaci\u00f3n en Discapacidad Intelectual<\/strong><\/span>\n<span style=\"color: #0000ff;\"><strong>Res. Plan N\u00b01846\/14<\/strong><\/span>\n<span style=\"color: #0000ff;\"><strong>Res. Ministerial N\u00b02643\/15<\/strong><\/span><\/pre>\n<hr \/>\n<h4>1\u00b0 a\u00f1o<\/h4>\n<hr \/>\n<ol>\n<li>Did\u00e1ctica General<\/li>\n<li>Historia Argentina y Latinoamericana<\/li>\n<li>Tecnolog\u00edas de la Informaci\u00f3n y la Comunicaci\u00f3n y Educaci\u00f3n<\/li>\n<li>Matem\u00e1tica y su Did\u00e1ctica<\/li>\n<li>Lengua y Literatura y su Did\u00e1ctica<\/li>\n<li>Educaci\u00f3n Especial<\/li>\n<li>El Sujeto de la Educaci\u00f3n Especial<\/li>\n<li>Pr\u00e1ctica Pedag\u00f3gica I<br \/>\n<hr \/>\n<h4>2\u00b0 a\u00f1o<\/h4>\n<hr \/>\n<\/li>\n<li>Ciencias Sociales y su Did\u00e1ctica<\/li>\n<li>Ciencias Naturales y su Did\u00e1ctica<\/li>\n<li>Comunicaci\u00f3n y Lenguaje<\/li>\n<li>Integraci\u00f3n Escolar<\/li>\n<li>Bases Neuropsicobiol\u00f3gicas del Desarrollo<\/li>\n<li>Problem\u00e1tica de la Subjetividad y Discapacidad<\/li>\n<li>Pedagog\u00eda<\/li>\n<li>Psicolog\u00eda Educacional<\/li>\n<li>Historia y Pol\u00edticas de la Educaci\u00f3n Argentina<\/li>\n<li>Pr\u00e1ctica Pedag\u00f3gica II<br \/>\n<hr \/>\n<h4>3\u00b0 a\u00f1o<\/h4>\n<hr \/>\n<\/li>\n<li>Sistemas Aumentativos y Alternativos de la Comunicaci\u00f3n<\/li>\n<li>Abordajes Pedag\u00f3gicos para el Sujeto con Discapacidad Intelectual I<\/li>\n<li><a href=\"https:\/\/ipesco-scr.infd.edu.ar\/sitio\/wp-content\/uploads\/2020\/12\/PEE-DI-21-PROGRAMA-2020-EDUCACION-PSICOMOTRIZ-3er-A\u00d1O-R-1846-14-VILLAGRA-L.pdf\">Educaci\u00f3n Psicomotriz<\/a><\/li>\n<li>Educaci\u00f3n Temprana<\/li>\n<li>Trastornos Motores<\/li>\n<li>Alfabetizaci\u00f3n Inicial para el Sujeto con Discapacidad Intelectual<\/li>\n<li><a href=\"https:\/\/ipesco-scr.infd.edu.ar\/sitio\/wp-content\/uploads\/2020\/12\/PEE-DI-25-PROGRAMA-2020-EDUCACI\u00d3N-del-ADULTOyMUNDO-del-TRABAJO-MARTINEZ.pdf\">Educaci\u00f3n del Adulto y Mundo del Trabajo<\/a><\/li>\n<li>Sociolog\u00eda de la Educaci\u00f3n<\/li>\n<li>Pr\u00e1ctica Pedag\u00f3gica III<br \/>\n<hr \/>\n<h4>4\u00b0 a\u00f1o<\/h4>\n<hr \/>\n<\/li>\n<li>Abordajes Pedag\u00f3gicos para el Sujeto con Discapacidad Intelectual II<\/li>\n<li>Multidiscapacidad<\/li>\n<li>Aportes de la Tecnolog\u00eda para Sujetos con Discapacidad Intelectual<\/li>\n<li><a href=\"https:\/\/ipesco-scr.infd.edu.ar\/sitio\/wp-content\/uploads\/2020\/12\/PEE-DI-31-PROGRAMA-2020-PERSPECTIVA-SOCIALy3ra-EDAD-VILLAGRA.pdf\">Perspectiva Social y Tercera Edad en Sujetos con Discapacidad Intelectual<\/a><\/li>\n<li>Formaci\u00f3n \u00c9tica y Ciudadana<\/li>\n<li>Filosof\u00eda de la Educaci\u00f3n<\/li>\n<li><a href=\"https:\/\/ipesco-scr.infd.edu.ar\/sitio\/wp-content\/uploads\/2020\/12\/PEE-DI-SeH-34-PROGRAMAyANEXO-2020-EDUC-SEXUAL-INTEGRAL-VILLAGRA.pdf\">Educaci\u00f3n Sexual Integral<\/a><\/li>\n<li>Residencia Pedag\u00f3gica<\/li>\n<li><a href=\"https:\/\/ipesco-scr.infd.edu.ar\/sitio\/wp-content\/uploads\/2020\/12\/PEE-DI-SeH-36-PROGRAMA-2020-EDI-Educaci\u00f3n-Domiciliaria-y-Hospitalaria-POGGIO.pdf\">EDI: Educaci\u00f3n Domiciliaria y Hospitalaria<\/a><\/li>\n<li><a href=\"https:\/\/ipesco-scr.infd.edu.ar\/sitio\/wp-content\/uploads\/2020\/12\/PEE-DI-SeH-37-PROGRAMA-2020-EDUCACI\u00d3N-PERMAN-de-J\u00d3VENES-y-ADULTOS-Barrionuevo.pdf\">EDI: Educaci\u00f3n Permanente de J\u00f3venes y Adultos<\/a><\/li>\n<\/ol>\n<hr \/>\n","protected":false},"excerpt":{"rendered":"<p>PROFESORADO DE EDUCACI\u00d3N ESPECIAL con Orientaci\u00f3n en Discapacidad Intelectual Res. Plan N\u00b01846\/14 Res. Ministerial N\u00b02643\/15 1\u00b0 a\u00f1o Did\u00e1ctica General Historia Argentina y Latinoamericana Tecnolog\u00edas de la Informaci\u00f3n y la Comunicaci\u00f3n y Educaci\u00f3n Matem\u00e1tica y su Did\u00e1ctica Lengua y Literatura y su Did\u00e1ctica Educaci\u00f3n Especial El Sujeto de la Educaci\u00f3n Especial Pr\u00e1ctica Pedag\u00f3gica I 2\u00b0 a\u00f1o &#8230; <a title=\"PEE &#8211; DI &#8211; Programas &#8211; 2020 (1846\/14)\" class=\"read-more\" href=\"https:\/\/ipesco-scr.infd.edu.ar\/sitio\/pee-di-programas-2020-1\/\" aria-label=\"More on PEE &#8211; DI &#8211; Programas &#8211; 2020 (1846\/14)\">[+]<\/a><\/p>\n","protected":false},"author":1759,"featured_media":0,"parent":0,"menu_order":0,"comment_status":"closed","ping_status":"closed","template":"","meta":[],"acf":[],"_links":{"self":[{"href":"https:\/\/ipesco-scr.infd.edu.ar\/sitio\/wp-json\/wp\/v2\/pages\/2915"}],"collection":[{"href":"https:\/\/ipesco-scr.infd.edu.ar\/sitio\/wp-json\/wp\/v2\/pages"}],"about":[{"href":"https:\/\/ipesco-scr.infd.edu.ar\/sitio\/wp-json\/wp\/v2\/types\/page"}],"author":[{"embeddable":true,"href":"https:\/\/ipesco-scr.infd.edu.ar\/sitio\/wp-json\/wp\/v2\/users\/1759"}],"replies":[{"embeddable":true,"href":"https:\/\/ipesco-scr.infd.edu.ar\/sitio\/wp-json\/wp\/v2\/comments?post=2915"}],"version-history":[{"count":19,"href":"https:\/\/ipesco-scr.infd.edu.ar\/sitio\/wp-json\/wp\/v2\/pages\/2915\/revisions"}],"predecessor-version":[{"id":6070,"href":"https:\/\/ipesco-scr.infd.edu.ar\/sitio\/wp-json\/wp\/v2\/pages\/2915\/revisions\/6070"}],"wp:attachment":[{"href":"https:\/\/ipesco-scr.infd.edu.ar\/sitio\/wp-json\/wp\/v2\/media?parent=2915"}],"curies":[{"name":"wp","href":"https:\/\/api.w.org\/{rel}","templated":true}]}}