{"id":2922,"date":"2020-12-21T19:53:28","date_gmt":"2020-12-21T22:53:28","guid":{"rendered":"https:\/\/ipesco-scr.infd.edu.ar\/sitio\/?page_id=2922"},"modified":"2021-07-07T16:21:03","modified_gmt":"2021-07-07T19:21:03","slug":"pee-sh-programas-2020-1","status":"publish","type":"page","link":"https:\/\/ipesco-scr.infd.edu.ar\/sitio\/pee-sh-programas-2020-1\/","title":{"rendered":"PEE &#8211; SH &#8211; Programas &#8211; 2020 (1846\/14)"},"content":{"rendered":"<pre style=\"text-align: center;\"><span style=\"color: #0000ff;\"><strong>PROFESORADO DE EDUCACI\u00d3N ESPECIAL con Orientaci\u00f3n en Sordos e Hipoac\u00fasicos<\/strong><\/span>\r\n<span style=\"color: #0000ff;\"><strong>Res. Plan 1846\/14<\/strong><\/span>\r\n<span style=\"color: #0000ff;\"><strong>Res. Ministerial N\u00b0 2642\/15<\/strong><\/span><\/pre>\n<hr \/>\n<h4>1\u00b0 a\u00f1o<\/h4>\n<hr \/>\n<ol>\n<li>Did\u00e1ctica General<\/li>\n<li>Historia Argentina y Latinoamericana<\/li>\n<li>Tecnolog\u00edas de la Informaci\u00f3n y la Comunicaci\u00f3n y Educaci\u00f3n<\/li>\n<li>Matem\u00e1tica y su Did\u00e1ctica<\/li>\n<li>Lengua y Literatura y su Did\u00e1ctica<\/li>\n<li>Educaci\u00f3n Especial<\/li>\n<li>El Sujeto de la Educaci\u00f3n Especial<\/li>\n<li>Pr\u00e1ctica Pedag\u00f3gica I<br \/>\n<hr \/>\n<h4>2\u00b0 a\u00f1o<\/h4>\n<hr \/>\n<\/li>\n<li>Ciencias Sociales y su Did\u00e1ctica<\/li>\n<li>Ciencias Naturales y su Did\u00e1ctica<\/li>\n<li>Comunicaci\u00f3n y Lenguaje<\/li>\n<li>Integraci\u00f3n Escolar<\/li>\n<li>Bases Neuropsicobiol\u00f3gicas del Desarrollo<\/li>\n<li>Problem\u00e1tica de la Subjetividad y Discapacidad<\/li>\n<li>Pedagog\u00eda<\/li>\n<li>Psicolog\u00eda Educacional<\/li>\n<li>Historia y Pol\u00edticas de la Educaci\u00f3n Argentina<\/li>\n<li>Pr\u00e1ctica Pedag\u00f3gica II<br \/>\n<hr \/>\n<h4>3\u00b0 a\u00f1o<\/h4>\n<hr \/>\n<\/li>\n<li>Lengua de Se\u00f1as Argentina<\/li>\n<li>Abordajes Pedag\u00f3gicos en el Sujeto Sordo e Hipoac\u00fasico I<\/li>\n<li>Educaci\u00f3n Psicomotriz<\/li>\n<li><a href=\"https:\/\/ipesco-scr.infd.edu.ar\/sitio\/wp-content\/uploads\/2020\/12\/PEE-SeH-22-PROGRAMA-2020-EDUCACI\u00d3N-TEMPRANA-CHAILE-CARMEN.pdf\">Educaci\u00f3n Temprana<\/a><\/li>\n<li>Alteraciones del Lenguaje y la Comunicaci\u00f3n<\/li>\n<li>Alfabetizaci\u00f3n Inicial en el Sujeto Sordo e Hipoac\u00fasico<\/li>\n<li>Educaci\u00f3n del Adulto y Mundo del Trabajo<\/li>\n<li>Sociolog\u00eda de la Educaci\u00f3n<\/li>\n<li>Pr\u00e1ctica Pedag\u00f3gica III<br \/>\n<hr \/>\n<h4>4\u00b0 a\u00f1o<\/h4>\n<hr \/>\n<\/li>\n<li>Abordajes Pedag\u00f3gicos en el Sujeto Sordo e Hipoac\u00fasico II<\/li>\n<li>Multidiscapacidad<\/li>\n<li>Trastornos Motores<\/li>\n<li><a href=\"https:\/\/ipesco-scr.infd.edu.ar\/sitio\/wp-content\/uploads\/2020\/12\/PEE-SeH-31-PROGRAMA-2020-Sistemas-Alternativos-y-Aumentativos-de-la-Comunicaci\u00f3n-POGGIO.pdf\">Sistemas Aumentativos y Alternativos de la Comunicaci\u00f3n<\/a><\/li>\n<li>Formaci\u00f3n \u00c9tica y Ciudadana<\/li>\n<li>Filosof\u00eda de la Educaci\u00f3n<\/li>\n<li><a href=\"https:\/\/ipesco-scr.infd.edu.ar\/sitio\/wp-content\/uploads\/2020\/12\/PEE-DI-SeH-34-PROGRAMAyANEXO-2020-EDUC-SEXUAL-INTEGRAL-VILLAGRA.pdf\">Educaci\u00f3n Sexual Integral<\/a><\/li>\n<li>Residencia Pedag\u00f3gica<\/li>\n<li><a href=\"https:\/\/ipesco-scr.infd.edu.ar\/sitio\/wp-content\/uploads\/2020\/12\/PEE-DI-SeH-36-PROGRAMA-2020-EDI-Educaci\u00f3n-Domiciliaria-y-Hospitalaria-POGGIO.pdf\">EDI: Educaci\u00f3n Domiciliaria y Hospitalaria<\/a><\/li>\n<li><a href=\"https:\/\/ipesco-scr.infd.edu.ar\/sitio\/wp-content\/uploads\/2020\/12\/PEE-DI-SeH-37-PROGRAMA-2020-EDUCACI\u00d3N-PERMAN-de-J\u00d3VENES-y-ADULTOS-Barrionuevo.pdf\">EDI: Educaci\u00f3n Permanente de J\u00f3venes y Adultos<\/a><\/li>\n<\/ol>\n<hr \/>\n<p>&nbsp;<\/p>\n<p>&nbsp;<\/p>\n<p>&nbsp;<\/p>\n<p>&nbsp;<\/p>\n<p>&nbsp;<\/p>\n<p>&nbsp;<\/p>\n<p>dfs<\/p>\n","protected":false},"excerpt":{"rendered":"<p>PROFESORADO DE EDUCACI\u00d3N ESPECIAL con Orientaci\u00f3n en Sordos e Hipoac\u00fasicos Res. Plan 1846\/14 Res. Ministerial N\u00b0 2642\/15 1\u00b0 a\u00f1o Did\u00e1ctica General Historia Argentina y Latinoamericana Tecnolog\u00edas de la Informaci\u00f3n y la Comunicaci\u00f3n y Educaci\u00f3n Matem\u00e1tica y su Did\u00e1ctica Lengua y Literatura y su Did\u00e1ctica Educaci\u00f3n Especial El Sujeto de la Educaci\u00f3n Especial Pr\u00e1ctica Pedag\u00f3gica I &#8230; <a title=\"PEE &#8211; SH &#8211; Programas &#8211; 2020 (1846\/14)\" class=\"read-more\" href=\"https:\/\/ipesco-scr.infd.edu.ar\/sitio\/pee-sh-programas-2020-1\/\" aria-label=\"More on PEE &#8211; SH &#8211; Programas &#8211; 2020 (1846\/14)\">[+]<\/a><\/p>\n","protected":false},"author":1759,"featured_media":0,"parent":0,"menu_order":0,"comment_status":"closed","ping_status":"closed","template":"","meta":[],"acf":[],"_links":{"self":[{"href":"https:\/\/ipesco-scr.infd.edu.ar\/sitio\/wp-json\/wp\/v2\/pages\/2922"}],"collection":[{"href":"https:\/\/ipesco-scr.infd.edu.ar\/sitio\/wp-json\/wp\/v2\/pages"}],"about":[{"href":"https:\/\/ipesco-scr.infd.edu.ar\/sitio\/wp-json\/wp\/v2\/types\/page"}],"author":[{"embeddable":true,"href":"https:\/\/ipesco-scr.infd.edu.ar\/sitio\/wp-json\/wp\/v2\/users\/1759"}],"replies":[{"embeddable":true,"href":"https:\/\/ipesco-scr.infd.edu.ar\/sitio\/wp-json\/wp\/v2\/comments?post=2922"}],"version-history":[{"count":16,"href":"https:\/\/ipesco-scr.infd.edu.ar\/sitio\/wp-json\/wp\/v2\/pages\/2922\/revisions"}],"predecessor-version":[{"id":3943,"href":"https:\/\/ipesco-scr.infd.edu.ar\/sitio\/wp-json\/wp\/v2\/pages\/2922\/revisions\/3943"}],"wp:attachment":[{"href":"https:\/\/ipesco-scr.infd.edu.ar\/sitio\/wp-json\/wp\/v2\/media?parent=2922"}],"curies":[{"name":"wp","href":"https:\/\/api.w.org\/{rel}","templated":true}]}}