{"id":2933,"date":"2022-11-23T20:29:00","date_gmt":"2022-11-23T23:29:00","guid":{"rendered":"https:\/\/ipesco-scr.infd.edu.ar\/sitio\/?page_id=2933"},"modified":"2022-11-23T20:29:41","modified_gmt":"2022-11-23T23:29:41","slug":"pee-di-programas-2020-2","status":"publish","type":"page","link":"https:\/\/ipesco-scr.infd.edu.ar\/sitio\/pee-di-programas-2020-2\/","title":{"rendered":"PEE &#8211; DI &#8211; Programas &#8211; 2020 (0295\/19)"},"content":{"rendered":"<pre style=\"text-align: center;\"><span style=\"color: #0000ff;\"><strong>PROFESORADO DE EDUCACI\u00d3N ESPECIAL con Orientaci\u00f3n en Discapacidad Intelectual<\/strong><\/span>\n<span style=\"color: #0000ff;\"><strong>Res. Plan\u00a0N\u00b0 0295\/19<\/strong><\/span>\n<span style=\"color: #0000ff;\"><strong>Res. Ministerial N\u00b03606\/19<\/strong><\/span><\/pre>\n<hr \/>\n<h4>1\u00b0 a\u00f1o<\/h4>\n<hr \/>\n<ol>\n<li>Did\u00e1ctica General<\/li>\n<li>Ciencias Sociales y su Did\u00e1ctica<\/li>\n<li>Lengua y Literatura y su Did\u00e1ctica<\/li>\n<li>El Sujeto de la Educaci\u00f3n Especial<\/li>\n<li>Problem\u00e1ticas Contempor\u00e1neas de la Educaci\u00f3n Especial<\/li>\n<li>Alfabetizaci\u00f3n Acad\u00e9mica<\/li>\n<li><a href=\"https:\/\/ipesco-scr.infd.edu.ar\/sitio\/wp-content\/uploads\/2020\/12\/PEE-7-PROGRAMA-2020-HISTORIA-ARGENTINAyLATINOAMERICANA-Rodriguez.pdf\">Historia Argentina y Latinoamericana<\/a><\/li>\n<li><a href=\"https:\/\/ipesco-scr.infd.edu.ar\/sitio\/wp-content\/uploads\/2020\/12\/PEE-8-PROGRAMA-2020-TIC_y_EDUCACI\u00d3N_2020-FABBRONI.pdf\">Tecnolog\u00eda de la Informaci\u00f3n y la Comunicaci\u00f3n y Educaci\u00f3n<\/a><\/li>\n<li>Pr\u00e1ctica Pedag\u00f3gica I<br \/>\n<hr \/>\n<h4>2\u00b0 a\u00f1o<\/h4>\n<hr \/>\n<\/li>\n<li>Matem\u00e1tica y su Did\u00e1ctica<\/li>\n<li>Ciencias Naturales y su Did\u00e1ctica<\/li>\n<li>Comunicaci\u00f3n y Lenguaje<\/li>\n<li>Integraci\u00f3n como Estrategia para la Inclusi\u00f3n<\/li>\n<li>Bases Neuropsicobiol\u00f3gicas del Desarrollo<\/li>\n<li>Educaci\u00f3n Psicomotriz<\/li>\n<li>Psicolog\u00eda Educacional<\/li>\n<li><a href=\"https:\/\/ipesco-scr.infd.edu.ar\/sitio\/wp-content\/uploads\/2020\/12\/PEE-17-PROGRAMA-HISTORIA-y-POL\u00cdTICA-de-la-EDUCACI\u00d3N-ARGENTINA-2020-GARC\u00cdA.pdf\">Historia y Pol\u00edticas de la Educaci\u00f3n Argentina<\/a><\/li>\n<li>Pr\u00e1ctica Pedag\u00f3gia II<br \/>\n<hr \/>\n<h4>3\u00b0 a\u00f1o<\/h4>\n<hr \/>\n<\/li>\n<li>Abordajes Pedag\u00f3gicos para el Sujeto con Discapacidad Intelectual I<\/li>\n<li>Lengua de Se\u00f1as Argentina<\/li>\n<li>Sistemas Aumentativos y Alternativos de la Comunicaci\u00f3n<\/li>\n<li>Filosof\u00eda de la Educaci\u00f3n<\/li>\n<li>Alfabetizaci\u00f3n Inicial para el Sujeto con Discapacidad Intelectual<\/li>\n<li>Educaci\u00f3n Temprana<\/li>\n<li>Pedagog\u00eda<\/li>\n<li>Trastornos Motores<\/li>\n<li>EDI<\/li>\n<li>Pr\u00e1ctica Pedag\u00f3gica III<br \/>\n<hr \/>\n<h4>4\u00b0 a\u00f1o<\/h4>\n<hr \/>\n<\/li>\n<li>Abordajes Pedag\u00f3gicos para el Sujeto con Discapacidad Intelectual II<\/li>\n<li>Educaci\u00f3n Sexual Integral<\/li>\n<li>Sociolog\u00eda de la Educaci\u00f3n<\/li>\n<li>Multidiscapacidad<\/li>\n<li>Alteraciones del Lenguaje y la Comunicaci\u00f3n en el Sujeto con Discapacidad Intelectual<\/li>\n<\/ol>\n<hr \/>\n","protected":false},"excerpt":{"rendered":"<p>PROFESORADO DE EDUCACI\u00d3N ESPECIAL con Orientaci\u00f3n en Discapacidad Intelectual Res. Plan\u00a0N\u00b0 0295\/19 Res. Ministerial N\u00b03606\/19 1\u00b0 a\u00f1o Did\u00e1ctica General Ciencias Sociales y su Did\u00e1ctica Lengua y Literatura y su Did\u00e1ctica El Sujeto de la Educaci\u00f3n Especial Problem\u00e1ticas Contempor\u00e1neas de la Educaci\u00f3n Especial Alfabetizaci\u00f3n Acad\u00e9mica Historia Argentina y Latinoamericana Tecnolog\u00eda de la Informaci\u00f3n y la Comunicaci\u00f3n &#8230; <a title=\"PEE &#8211; DI &#8211; Programas &#8211; 2020 (0295\/19)\" class=\"read-more\" href=\"https:\/\/ipesco-scr.infd.edu.ar\/sitio\/pee-di-programas-2020-2\/\" aria-label=\"More on PEE &#8211; DI &#8211; Programas &#8211; 2020 (0295\/19)\">[+]<\/a><\/p>\n","protected":false},"author":1759,"featured_media":0,"parent":0,"menu_order":0,"comment_status":"closed","ping_status":"closed","template":"","meta":[],"acf":[],"_links":{"self":[{"href":"https:\/\/ipesco-scr.infd.edu.ar\/sitio\/wp-json\/wp\/v2\/pages\/2933"}],"collection":[{"href":"https:\/\/ipesco-scr.infd.edu.ar\/sitio\/wp-json\/wp\/v2\/pages"}],"about":[{"href":"https:\/\/ipesco-scr.infd.edu.ar\/sitio\/wp-json\/wp\/v2\/types\/page"}],"author":[{"embeddable":true,"href":"https:\/\/ipesco-scr.infd.edu.ar\/sitio\/wp-json\/wp\/v2\/users\/1759"}],"replies":[{"embeddable":true,"href":"https:\/\/ipesco-scr.infd.edu.ar\/sitio\/wp-json\/wp\/v2\/comments?post=2933"}],"version-history":[{"count":11,"href":"https:\/\/ipesco-scr.infd.edu.ar\/sitio\/wp-json\/wp\/v2\/pages\/2933\/revisions"}],"predecessor-version":[{"id":6069,"href":"https:\/\/ipesco-scr.infd.edu.ar\/sitio\/wp-json\/wp\/v2\/pages\/2933\/revisions\/6069"}],"wp:attachment":[{"href":"https:\/\/ipesco-scr.infd.edu.ar\/sitio\/wp-json\/wp\/v2\/media?parent=2933"}],"curies":[{"name":"wp","href":"https:\/\/api.w.org\/{rel}","templated":true}]}}