{"id":3247,"date":"2020-12-10T21:24:31","date_gmt":"2020-12-11T00:24:31","guid":{"rendered":"https:\/\/ipesco-scr.infd.edu.ar\/sitio\/?page_id=3247"},"modified":"2020-12-10T21:24:31","modified_gmt":"2020-12-11T00:24:31","slug":"preinscripciones-2021","status":"publish","type":"page","link":"https:\/\/ipesco-scr.infd.edu.ar\/sitio\/preinscripciones-2021\/","title":{"rendered":"Preinscripciones 2021"},"content":{"rendered":"<p><img decoding=\"async\" loading=\"lazy\" class=\" wp-image-3110 alignleft\" src=\"https:\/\/ipesco-scr.infd.edu.ar\/sitio\/wp-content\/uploads\/2020\/10\/logo-ipes.png\" alt=\"Logo IPES Caleta Olivia\" width=\"128\" height=\"112\" \/><span style=\"color: #000000;\">La <strong>preinscripci\u00f3n para carreras de grado<\/strong> que ofrece el<em><strong> Instituto Provincial de Educaci\u00f3n Superior Sede Caleta Olivi<\/strong><strong>a<\/strong><\/em> se realiza anualmente, durante los meses de diciembre, enero y febrero inclusive.<\/span><\/p>\n<p><span style=\"color: #000000;\">Para realizar su <strong>PREINSCRIPCI\u00d3N POR INTERNET<\/strong> deber\u00e1 seleccionar la carrera de su preferencia, y completar el formulario electr\u00f3nico de PREINSCRIPCI\u00d3N (ONLINE).<\/span><\/p>\n<hr \/>\n<ul>\n<li><a href=\"https:\/\/forms.gle\/jwDeWmnodMw4DWjHA\" target=\"_blank\" rel=\"noopener\">Profesorado de Artes Visuales<\/a><\/li>\n<\/ul>\n<hr \/>\n<ul>\n<li><a href=\"https:\/\/forms.gle\/aurjuuaNkuLWudqSA\" target=\"_blank\" rel=\"noopener\">Profesorado de Educaci\u00f3n Especial con orientaci\u00f3n en Discapacidad Intelectual<\/a><\/li>\n<\/ul>\n<hr \/>\n<ul>\n<li><a href=\"https:\/\/forms.gle\/L8TyyDVAkgW9zRAF9\" target=\"_blank\" rel=\"noopener\">Profesorado de Educaci\u00f3n Especial con orientaci\u00f3n en Sordos e Hipoac\u00fasicos<\/a><\/li>\n<\/ul>\n<hr \/>\n<ul>\n<li><a href=\"https:\/\/forms.gle\/pkoeuHZLMTnbVEnE6\" target=\"_blank\" rel=\"noopener\">Profesorado de Educaci\u00f3n Secundaria en Lengua y Literatura<\/a><\/li>\n<\/ul>\n<hr \/>\n<ul>\n<li><a href=\"https:\/\/forms.gle\/YkZSgi4JK1SNjY5o9\" target=\"_blank\" rel=\"noopener\">Profesorado de Ingl\u00e9s<\/a><\/li>\n<\/ul>\n<hr \/>\n<ul>\n<li><a href=\"https:\/\/forms.gle\/hBmRfNWajGZDLWoX8\" target=\"_blank\" rel=\"noopener\">Profesorado de M\u00fasica<\/a><\/li>\n<\/ul>\n<hr \/>\n<p>&nbsp;<\/p>\n","protected":false},"excerpt":{"rendered":"<p>La preinscripci\u00f3n para carreras de grado que ofrece el Instituto Provincial de Educaci\u00f3n Superior Sede Caleta Olivia se realiza anualmente, durante los meses de diciembre, enero y febrero inclusive. Para realizar su PREINSCRIPCI\u00d3N POR INTERNET deber\u00e1 seleccionar la carrera de su preferencia, y completar el formulario electr\u00f3nico de PREINSCRIPCI\u00d3N (ONLINE). Profesorado de Artes Visuales Profesorado &#8230; <a title=\"Preinscripciones 2021\" class=\"read-more\" href=\"https:\/\/ipesco-scr.infd.edu.ar\/sitio\/preinscripciones-2021\/\" aria-label=\"More on Preinscripciones 2021\">[+]<\/a><\/p>\n","protected":false},"author":1759,"featured_media":0,"parent":0,"menu_order":0,"comment_status":"closed","ping_status":"closed","template":"","meta":[],"acf":[],"_links":{"self":[{"href":"https:\/\/ipesco-scr.infd.edu.ar\/sitio\/wp-json\/wp\/v2\/pages\/3247"}],"collection":[{"href":"https:\/\/ipesco-scr.infd.edu.ar\/sitio\/wp-json\/wp\/v2\/pages"}],"about":[{"href":"https:\/\/ipesco-scr.infd.edu.ar\/sitio\/wp-json\/wp\/v2\/types\/page"}],"author":[{"embeddable":true,"href":"https:\/\/ipesco-scr.infd.edu.ar\/sitio\/wp-json\/wp\/v2\/users\/1759"}],"replies":[{"embeddable":true,"href":"https:\/\/ipesco-scr.infd.edu.ar\/sitio\/wp-json\/wp\/v2\/comments?post=3247"}],"version-history":[{"count":18,"href":"https:\/\/ipesco-scr.infd.edu.ar\/sitio\/wp-json\/wp\/v2\/pages\/3247\/revisions"}],"predecessor-version":[{"id":3300,"href":"https:\/\/ipesco-scr.infd.edu.ar\/sitio\/wp-json\/wp\/v2\/pages\/3247\/revisions\/3300"}],"wp:attachment":[{"href":"https:\/\/ipesco-scr.infd.edu.ar\/sitio\/wp-json\/wp\/v2\/media?parent=3247"}],"curies":[{"name":"wp","href":"https:\/\/api.w.org\/{rel}","templated":true}]}}