{"id":3679,"date":"2021-05-27T13:43:14","date_gmt":"2021-05-27T16:43:14","guid":{"rendered":"https:\/\/ipesco-scr.infd.edu.ar\/sitio\/?page_id=3679"},"modified":"2021-05-27T14:20:59","modified_gmt":"2021-05-27T17:20:59","slug":"jornada-institucional-esi","status":"publish","type":"page","link":"https:\/\/ipesco-scr.infd.edu.ar\/sitio\/jornada-institucional-esi\/","title":{"rendered":"Jornada Institucional ESI"},"content":{"rendered":"<div id='gallery-1' class='gallery galleryid-3679 gallery-columns-2 gallery-size-thumbnail'><figure class='gallery-item'>\n\t\t\t<div class='gallery-icon landscape'>\n\t\t\t\t<a href='https:\/\/ipesco-scr.infd.edu.ar\/sitio\/jornada-institucional-esi\/whatsapp-image-2021-05-26-at-22-28-53\/#main'><img width=\"500\" height=\"500\" src=\"https:\/\/ipesco-scr.infd.edu.ar\/sitio\/wp-content\/uploads\/2021\/05\/WhatsApp-Image-2021-05-26-at-22.28.53-500x500.jpeg\" class=\"attachment-thumbnail size-thumbnail\" alt=\"Momentos del encuentro sincr\u00f3nico\" decoding=\"async\" loading=\"lazy\" \/><\/a>\n\t\t\t<\/div><\/figure><figure class='gallery-item'>\n\t\t\t<div class='gallery-icon landscape'>\n\t\t\t\t<a href='https:\/\/ipesco-scr.infd.edu.ar\/sitio\/jornada-institucional-esi\/whatsapp-image-2021-05-26-at-22-29-21\/#main'><img width=\"500\" height=\"500\" src=\"https:\/\/ipesco-scr.infd.edu.ar\/sitio\/wp-content\/uploads\/2021\/05\/WhatsApp-Image-2021-05-26-at-22.29.21-500x500.jpeg\" class=\"attachment-thumbnail size-thumbnail\" alt=\"\" decoding=\"async\" loading=\"lazy\" \/><\/a>\n\t\t\t<\/div><\/figure><figure class='gallery-item'>\n\t\t\t<div class='gallery-icon portrait'>\n\t\t\t\t<a href='https:\/\/ipesco-scr.infd.edu.ar\/sitio\/jornada-institucional-esi\/whatsapp-image-2021-05-26-at-22-29-23\/#main'><img width=\"500\" height=\"500\" src=\"https:\/\/ipesco-scr.infd.edu.ar\/sitio\/wp-content\/uploads\/2021\/05\/WhatsApp-Image-2021-05-26-at-22.29.23-500x500.jpeg\" class=\"attachment-thumbnail size-thumbnail\" alt=\"\" decoding=\"async\" loading=\"lazy\" \/><\/a>\n\t\t\t<\/div><\/figure><figure class='gallery-item'>\n\t\t\t<div class='gallery-icon landscape'>\n\t\t\t\t<a href='https:\/\/ipesco-scr.infd.edu.ar\/sitio\/jornada-institucional-esi\/whatsapp-image-2021-05-26-at-22-29-25\/#main'><img width=\"500\" height=\"500\" src=\"https:\/\/ipesco-scr.infd.edu.ar\/sitio\/wp-content\/uploads\/2021\/05\/WhatsApp-Image-2021-05-26-at-22.29.25-500x500.jpeg\" class=\"attachment-thumbnail size-thumbnail\" alt=\"\" decoding=\"async\" loading=\"lazy\" \/><\/a>\n\t\t\t<\/div><\/figure>\n\t\t<\/div>\n\n<p align=\"justify\">El d\u00eda 26 de mayo, el IPES-CO realizo dos jornadas de trabajo, a las 11 hrs. y a las 20 hrs. respectivamente, con los docentes de los diferentes profesorados de la instituci\u00f3n, con el fin de dar inicio a una mirada institucional sobre la ESI y organizar un trabajo cuyo eje es la transversalidad de su abordaje hacia el interior de los profesorados.<\/p>\n<p align=\"justify\"><a name=\"_GoBack\"><\/a>La asistencia a la misma conto con la presencia de m\u00e1s de 100 docentes, la Referente Institucional Prof. Natalia Jumilla y las profesoras Adriana Perez y Alejandra Mart\u00ednez, fueron quienes desarrollaron las ideas principales que conllevaron a la presentaci\u00f3n institucional de trabajo colaborativo sobre esta propuesta.<\/p>\n<p align=\"justify\">Agradecemos profundamente la presencia de nuestros colegas y el acompa\u00f1amiento del equipo institucional de ESI.<\/p>\n<p align=\"justify\">Sirva de Notificaci\u00f3n<\/p>\n<p align=\"justify\">Equipo de Gesti\u00f3n IPES-CO<\/p>\n<p>&nbsp;<\/p>\n","protected":false},"excerpt":{"rendered":"<p>El d\u00eda 26 de mayo, el IPES-CO realizo dos jornadas de trabajo, a las 11 hrs. y a las 20 hrs. respectivamente, con los docentes de los diferentes profesorados de la instituci\u00f3n, con el fin de dar inicio a una mirada institucional sobre la ESI y organizar un trabajo cuyo eje es la transversalidad de &#8230; <a title=\"Jornada Institucional ESI\" class=\"read-more\" href=\"https:\/\/ipesco-scr.infd.edu.ar\/sitio\/jornada-institucional-esi\/\" aria-label=\"More on Jornada Institucional ESI\">[+]<\/a><\/p>\n","protected":false},"author":1759,"featured_media":0,"parent":0,"menu_order":0,"comment_status":"closed","ping_status":"closed","template":"","meta":[],"acf":[],"_links":{"self":[{"href":"https:\/\/ipesco-scr.infd.edu.ar\/sitio\/wp-json\/wp\/v2\/pages\/3679"}],"collection":[{"href":"https:\/\/ipesco-scr.infd.edu.ar\/sitio\/wp-json\/wp\/v2\/pages"}],"about":[{"href":"https:\/\/ipesco-scr.infd.edu.ar\/sitio\/wp-json\/wp\/v2\/types\/page"}],"author":[{"embeddable":true,"href":"https:\/\/ipesco-scr.infd.edu.ar\/sitio\/wp-json\/wp\/v2\/users\/1759"}],"replies":[{"embeddable":true,"href":"https:\/\/ipesco-scr.infd.edu.ar\/sitio\/wp-json\/wp\/v2\/comments?post=3679"}],"version-history":[{"count":6,"href":"https:\/\/ipesco-scr.infd.edu.ar\/sitio\/wp-json\/wp\/v2\/pages\/3679\/revisions"}],"predecessor-version":[{"id":3696,"href":"https:\/\/ipesco-scr.infd.edu.ar\/sitio\/wp-json\/wp\/v2\/pages\/3679\/revisions\/3696"}],"wp:attachment":[{"href":"https:\/\/ipesco-scr.infd.edu.ar\/sitio\/wp-json\/wp\/v2\/media?parent=3679"}],"curies":[{"name":"wp","href":"https:\/\/api.w.org\/{rel}","templated":true}]}}