{"id":3853,"date":"2022-11-23T08:26:00","date_gmt":"2022-11-23T11:26:00","guid":{"rendered":"https:\/\/ipesco-scr.infd.edu.ar\/sitio\/?page_id=3853"},"modified":"2022-11-23T20:26:24","modified_gmt":"2022-11-23T23:26:24","slug":"pav-programas-2021-2888-16","status":"publish","type":"page","link":"https:\/\/ipesco-scr.infd.edu.ar\/sitio\/pav-programas-2021-2888-16\/","title":{"rendered":"PAV &#8211; Programas 2021 (2888\/16)"},"content":{"rendered":"<pre style=\"text-align: center;\"><span style=\"color: #0000ff;\"><strong>PROFESORADO DE ARTES VISUALES<\/strong><\/span>\n<span style=\"color: #0000ff;\"><strong>Res. Plan N\u00b02888\/16<\/strong><\/span>\n<span style=\"color: #0000ff;\"><strong>Res. Ministerial N\u00b03154\/17<\/strong><\/span><\/pre>\n<hr \/>\n<h4>1\u00b0 a\u00f1o<\/h4>\n<hr \/>\n<ol>\n<li><a href=\"https:\/\/ipesco-scr.infd.edu.ar\/sitio\/wp-content\/uploads\/2021\/07\/PAV-01-DIDACTICA-GENERAL-2021.pdf\">Did\u00e1ctica General<\/a><\/li>\n<li><a href=\"https:\/\/ipesco-scr.infd.edu.ar\/sitio\/wp-content\/uploads\/2021\/07\/PAV-02-PEDAGOGIA-2021.pdf\">Pedagog\u00eda<\/a><\/li>\n<li>Lenguaje Visual I<\/li>\n<li><a href=\"https:\/\/ipesco-scr.infd.edu.ar\/sitio\/wp-content\/uploads\/2021\/07\/PAV-04-EDI-PRODUCCI\u00d3N-EN-LECTURA-Y-ESCRITURA-ACADEMICA-2021.pdf\">EDI: Producci\u00f3n en Lectura y Escritura Acad\u00e9mica<\/a><\/li>\n<li>Seminario de Teatro<\/li>\n<li>Pintura I<\/li>\n<li>Dibujo I<\/li>\n<li>Escultura I<\/li>\n<li><a href=\"https:\/\/ipesco-scr.infd.edu.ar\/sitio\/wp-content\/uploads\/2021\/12\/PAV-09-GRABADO-Y-ARTE-IMPRESO-I-2021.pdf\" target=\"_blank\" rel=\"noopener\">Grabado y Arte Impreso I<\/a><\/li>\n<li><a href=\"https:\/\/ipesco-scr.infd.edu.ar\/sitio\/wp-content\/uploads\/2021\/07\/PAV-10-PR\u00c1CTICA-PEDAG\u00d3GICA-I-2021.pdf\">Pr\u00e1ctica Pedag\u00f3gica I<\/a><br \/>\n<hr \/>\n<h4>2\u00b0 a\u00f1o<\/h4>\n<hr \/>\n<\/li>\n<li><a href=\"https:\/\/ipesco-scr.infd.edu.ar\/sitio\/wp-content\/uploads\/2021\/07\/PAV-11-PSICOLOG\u00cdA-EDUCACIONAL-2021.pdf\">Psicolog\u00eda Educacional<\/a><\/li>\n<li>TIC en la Ense\u00f1anza<\/li>\n<li>Lenguaje Visual II<\/li>\n<li><a href=\"https:\/\/ipesco-scr.infd.edu.ar\/sitio\/wp-content\/uploads\/2021\/12\/PAV-14-SUJETO-DE-LA-EDUCACION-DE-NIVEL-INICIAL-Y-PRIMARIO-2021.pdf\" target=\"_blank\" rel=\"noopener\">Sujeto de la Educaci\u00f3n de Nivel Inicial y Primario<\/a><\/li>\n<li>Did\u00e1ctica de las Artes Visuales I<\/li>\n<li><a href=\"https:\/\/ipesco-scr.infd.edu.ar\/sitio\/wp-content\/uploads\/2021\/12\/PAV-16-HISTORIA-SOCIOCULTURAL-DE-LAS-ARTES-VISUALES-I-2021.pdf\" target=\"_blank\" rel=\"noopener\">Historia Sociocultural de las Artes Visuales I<\/a><\/li>\n<li>Pintura II<\/li>\n<li>Dibujo II<\/li>\n<li>Escultura II<\/li>\n<li><a href=\"https:\/\/ipesco-scr.infd.edu.ar\/sitio\/wp-content\/uploads\/2021\/07\/PAV-20-GRABADO-Y-ARTE-IMPRESO-II-2021.pdf\">Grabado y Arte Impreso II<\/a><\/li>\n<li><a href=\"https:\/\/ipesco-scr.infd.edu.ar\/sitio\/wp-content\/uploads\/2021\/07\/PAV-21-PR\u00c1CTICA-PEDAG\u00d3GICA-II-2021.pdf\">Pr\u00e1ctica Pedag\u00f3gica II<\/a><br \/>\n<hr \/>\n<h4>3\u00b0 a\u00f1o<\/h4>\n<hr \/>\n<\/li>\n<li><a href=\"https:\/\/ipesco-scr.infd.edu.ar\/sitio\/wp-content\/uploads\/2021\/07\/PAV-22-HISTORIA-Y-POLITICA-EDUCATIVA-2021.pdf\">Historia y Pol\u00edtica Educativa<\/a><\/li>\n<li><a href=\"https:\/\/ipesco-scr.infd.edu.ar\/sitio\/wp-content\/uploads\/2021\/12\/PAV-23-SEMINARIO-DE-ARTE-E-INCLUSION-2021.pdf\" target=\"_blank\" rel=\"noopener\">Seminario de Arte e Inclusi\u00f3n<\/a><\/li>\n<li><a href=\"https:\/\/ipesco-scr.infd.edu.ar\/sitio\/wp-content\/uploads\/2021\/07\/PAV-24-SUJETO-DE-LA-EDUCACION-DE-NIVEL-SECUNDARIO-2021.pdf\">Sujeto de la Educaci\u00f3n de Nivel Secundario<\/a><\/li>\n<li><a href=\"https:\/\/ipesco-scr.infd.edu.ar\/sitio\/wp-content\/uploads\/2021\/12\/PAV-25-DIDACTICA-DE-LAS-ARTES-VISUALES-II-2021.pdf\" target=\"_blank\" rel=\"noopener\">Did\u00e1ctica de las Artes Visuales II<\/a><\/li>\n<li><a href=\"https:\/\/ipesco-scr.infd.edu.ar\/sitio\/wp-content\/uploads\/2021\/12\/PAV-26-HISTORIA-SOCIOCULTURAL-DE-LAS-ARTES-VISUALES-II-2021.pdf\" target=\"_blank\" rel=\"noopener\">Historia Sociocultural de las Artes Visuales II<\/a><\/li>\n<li><a href=\"https:\/\/ipesco-scr.infd.edu.ar\/sitio\/wp-content\/uploads\/2021\/07\/PAV-27-EDI-LENGUAJE-DE-LA-TECNOLOG\u00cdA-Y-EL-ARTE-2021.pdf\">EDI: El Lenguaje de la Tecnolog\u00eda y el Arte<\/a><\/li>\n<li>Pintura III<\/li>\n<li>Escultura III<\/li>\n<li><a href=\"https:\/\/ipesco-scr.infd.edu.ar\/sitio\/wp-content\/uploads\/2021\/07\/PAV-30-GRABADO-Y-ARTE-IMPRESO-III-2021.pdf\">Grabado y Arte Impreso III<\/a><\/li>\n<li><a href=\"https:\/\/ipesco-scr.infd.edu.ar\/sitio\/wp-content\/uploads\/2021\/07\/PAV-31-PR\u00c1TICA-PEDAG\u00d3GICA-III-2021.pdf\">Pr\u00e1ctica Pedag\u00f3gica III<\/a><br \/>\n<hr \/>\n<h4>4\u00b0 a\u00f1o<\/h4>\n<hr \/>\n<\/li>\n<li><a href=\"https:\/\/ipesco-scr.infd.edu.ar\/sitio\/wp-content\/uploads\/2021\/07\/PAV-32-EST\u00c9TICAS-CONTEMPOR\u00c1NEAS-2021.pdf\">Est\u00e9ticas Contempor\u00e1neas<\/a><\/li>\n<li><a href=\"https:\/\/ipesco-scr.infd.edu.ar\/sitio\/wp-content\/uploads\/2021\/12\/PAV-33-SOCIOLOGIA-DE-LA-EDUCACION-2021.pdf\" target=\"_blank\" rel=\"noopener\">Sociolog\u00eda de la Educaci\u00f3n<\/a><\/li>\n<li><a href=\"https:\/\/ipesco-scr.infd.edu.ar\/sitio\/wp-content\/uploads\/2021\/07\/PAV-34-FORMACI\u00d3N-ETICA-Y-CIUDADANA-2021.pdf\">Formaci\u00f3n \u00c9tica y Ciudadana<\/a><\/li>\n<li>EDI<\/li>\n<li><a href=\"https:\/\/ipesco-scr.infd.edu.ar\/sitio\/wp-content\/uploads\/2021\/12\/PAV-36-ALLER-DE-PRODUCCION-AUDIOVISUAL-2021.pdf\" target=\"_blank\" rel=\"noopener\">Taller de Producci\u00f3n Audiovisual<\/a><\/li>\n<li><a href=\"https:\/\/ipesco-scr.infd.edu.ar\/sitio\/wp-content\/uploads\/2021\/12\/PAV-37-TALLER-DE-FOTOGRAFIA-2021.pdf\" target=\"_blank\" rel=\"noopener\">Taller de Fotograf\u00eda<\/a><\/li>\n<li>Historia Sociocultural de las Artes Visuales en Latinoam\u00e9rica y Argentina<\/li>\n<li>Taller de Producci\u00f3n Contempor\u00e1nea<\/li>\n<li><a href=\"https:\/\/ipesco-scr.infd.edu.ar\/sitio\/wp-content\/uploads\/2021\/12\/PAV-40-TALLER-DE-LAS-ARTES-VISUALES-2021.pdf\" target=\"_blank\" rel=\"noopener\">Taller de las Artes Visuales<\/a>: Opci\u00f3n especialidad: Pintura, Escultura o Grabado y Arte Impreso<\/li>\n<li><a href=\"https:\/\/ipesco-scr.infd.edu.ar\/sitio\/wp-content\/uploads\/2021\/07\/PAV-41-PR\u00c1CTICA-PEDAG\u00d3GICA-IV-2021.pdf\">Pr\u00e1ctica Pedag\u00f3gica IV<\/a><\/li>\n<\/ol>\n","protected":false},"excerpt":{"rendered":"<p>PROFESORADO DE ARTES VISUALES Res. Plan N\u00b02888\/16 Res. Ministerial N\u00b03154\/17 1\u00b0 a\u00f1o Did\u00e1ctica General Pedagog\u00eda Lenguaje Visual I EDI: Producci\u00f3n en Lectura y Escritura Acad\u00e9mica Seminario de Teatro Pintura I Dibujo I Escultura I Grabado y Arte Impreso I Pr\u00e1ctica Pedag\u00f3gica I 2\u00b0 a\u00f1o Psicolog\u00eda Educacional TIC en la Ense\u00f1anza Lenguaje Visual II Sujeto de &#8230; <a title=\"PAV &#8211; Programas 2021 (2888\/16)\" class=\"read-more\" href=\"https:\/\/ipesco-scr.infd.edu.ar\/sitio\/pav-programas-2021-2888-16\/\" aria-label=\"More on PAV &#8211; Programas 2021 (2888\/16)\">[+]<\/a><\/p>\n","protected":false},"author":1759,"featured_media":0,"parent":0,"menu_order":0,"comment_status":"closed","ping_status":"closed","template":"","meta":[],"acf":[],"_links":{"self":[{"href":"https:\/\/ipesco-scr.infd.edu.ar\/sitio\/wp-json\/wp\/v2\/pages\/3853"}],"collection":[{"href":"https:\/\/ipesco-scr.infd.edu.ar\/sitio\/wp-json\/wp\/v2\/pages"}],"about":[{"href":"https:\/\/ipesco-scr.infd.edu.ar\/sitio\/wp-json\/wp\/v2\/types\/page"}],"author":[{"embeddable":true,"href":"https:\/\/ipesco-scr.infd.edu.ar\/sitio\/wp-json\/wp\/v2\/users\/1759"}],"replies":[{"embeddable":true,"href":"https:\/\/ipesco-scr.infd.edu.ar\/sitio\/wp-json\/wp\/v2\/comments?post=3853"}],"version-history":[{"count":32,"href":"https:\/\/ipesco-scr.infd.edu.ar\/sitio\/wp-json\/wp\/v2\/pages\/3853\/revisions"}],"predecessor-version":[{"id":6067,"href":"https:\/\/ipesco-scr.infd.edu.ar\/sitio\/wp-json\/wp\/v2\/pages\/3853\/revisions\/6067"}],"wp:attachment":[{"href":"https:\/\/ipesco-scr.infd.edu.ar\/sitio\/wp-json\/wp\/v2\/media?parent=3853"}],"curies":[{"name":"wp","href":"https:\/\/api.w.org\/{rel}","templated":true}]}}