{"id":3857,"date":"2021-12-12T20:52:00","date_gmt":"2021-12-12T23:52:00","guid":{"rendered":"https:\/\/ipesco-scr.infd.edu.ar\/sitio\/?page_id=3857"},"modified":"2022-11-23T20:34:32","modified_gmt":"2022-11-23T23:34:32","slug":"pee-di-programas-2021-0295-19","status":"publish","type":"page","link":"https:\/\/ipesco-scr.infd.edu.ar\/sitio\/pee-di-programas-2021-0295-19\/","title":{"rendered":"PEE &#8211; DI &#8211; Programas &#8211; 2021 (0295\/19)"},"content":{"rendered":"<pre style=\"text-align: center;\"><span style=\"color: #0000ff;\"><strong>PROFESORADO DE EDUCACI\u00d3N ESPECIAL con Orientaci\u00f3n en Discapacidad Intelectual<\/strong><\/span>\n<span style=\"color: #0000ff;\"><strong>Res. Plan\u00a0N\u00b0 0295\/19<\/strong><\/span>\n<span style=\"color: #0000ff;\"><strong>Res. Ministerial N\u00b03606\/19<\/strong><\/span><\/pre>\n<hr \/>\n<h4>1\u00b0 a\u00f1o<\/h4>\n<hr \/>\n<ol>\n<li><a href=\"https:\/\/ipesco-scr.infd.edu.ar\/sitio\/wp-content\/uploads\/2021\/07\/PEE-DI-SEH-1-DID\u00c1CTICA-GENERAL-2021.pdf\">Did\u00e1ctica General<\/a><\/li>\n<li><a href=\"https:\/\/ipesco-scr.infd.edu.ar\/sitio\/wp-content\/uploads\/2021\/07\/PEE-DI-SEH-2-CIENCIAS-SOCIALES-Y-SU-DID\u00c1CTICA-2021.pdf\">Ciencias Sociales y su Did\u00e1ctica<\/a><\/li>\n<li><a href=\"https:\/\/ipesco-scr.infd.edu.ar\/sitio\/wp-content\/uploads\/2021\/07\/PEE-DI-SEH-3-LENGUA-Y-LITERATURA-Y-SU-DID\u00c1CTICA-2021.pdf\">Lengua y Literatura y su Did\u00e1ctica<\/a><\/li>\n<li><a href=\"https:\/\/ipesco-scr.infd.edu.ar\/sitio\/wp-content\/uploads\/2021\/07\/PEE-DI-SEH-4-EL-SUJETO-DE-LA-EDUCACI\u00d3N-ESPECIAL-2021.pdf\">El Sujeto de la Educaci\u00f3n Especial<\/a><\/li>\n<li><a href=\"https:\/\/ipesco-scr.infd.edu.ar\/sitio\/wp-content\/uploads\/2021\/07\/PEE-DI-SEH-5-PROBLEM\u00c1TICAS-CONTEMPOR\u00c1NEAS-DE-LA-EDUCACI\u00d3N-ESPECIAL-2021.pdf\">Problem\u00e1ticas Contempor\u00e1neas de la Educaci\u00f3n Especial<\/a><\/li>\n<li><a href=\"https:\/\/ipesco-scr.infd.edu.ar\/sitio\/wp-content\/uploads\/2021\/07\/PEE-DI-SEH-6-ALFABETIZACI\u00d3N-ACAD\u00c9MICA-2021.pdf\">Alfabetizaci\u00f3n Acad\u00e9mica<\/a><\/li>\n<li>Historia Argentina y Latinoamericana<\/li>\n<li>Tecnolog\u00eda de la Informaci\u00f3n y la Comunicaci\u00f3n y Educaci\u00f3n\u00a0 &#8211; <a href=\"https:\/\/ipesco-scr.infd.edu.ar\/sitio\/wp-content\/uploads\/2021\/12\/PEE-DI-SEH-8-COMISION-A-TIC-Y-EDUCACION-2021.pdf\" target=\"_blank\" rel=\"noopener\">Comisi\u00f3n A<\/a><\/li>\n<li><a href=\"https:\/\/ipesco-scr.infd.edu.ar\/sitio\/wp-content\/uploads\/2021\/07\/PEE-DI-SEH-9-PR\u00c1CTICA-PEDAG\u00d3GICA-I-2021.pdf\">Pr\u00e1ctica Pedag\u00f3gica I<\/a><br \/>\n<hr \/>\n<h4>2\u00b0 a\u00f1o<\/h4>\n<hr \/>\n<\/li>\n<li><a href=\"https:\/\/ipesco-scr.infd.edu.ar\/sitio\/wp-content\/uploads\/2021\/07\/PEE-DI-SEH-10-MATEM\u00c1TICA-Y-SU-DID\u00c1CTICA-2021.pdf\">Matem\u00e1tica y su Did\u00e1ctica<\/a><\/li>\n<li><a href=\"https:\/\/ipesco-scr.infd.edu.ar\/sitio\/wp-content\/uploads\/2021\/07\/PEE-DI-SEH-11-CIENCIAS-NATURALES-Y-SU-DID\u00c1CTICA-2021.pdf\">Ciencias Naturales y su Did\u00e1ctica<\/a><\/li>\n<li><a href=\"https:\/\/ipesco-scr.infd.edu.ar\/sitio\/wp-content\/uploads\/2021\/07\/PEE-DI-SEH-12-COMUNICACI\u00d3N-Y-LENGUAJE-2021.pdf\">Comunicaci\u00f3n y Lenguaje<\/a><\/li>\n<li><a href=\"https:\/\/ipesco-scr.infd.edu.ar\/sitio\/wp-content\/uploads\/2021\/07\/PEE-DI-SEH-13-INTEGRACI\u00d3N-COMO-ESTRATEGIA-PARA-LA-INCLUSI\u00d3N-2021.pdf\">Integraci\u00f3n como Estrategia para la Inclusi\u00f3n<\/a><\/li>\n<li><a href=\"https:\/\/ipesco-scr.infd.edu.ar\/sitio\/wp-content\/uploads\/2021\/07\/PEE-DI-SEH-14-BASES-NEUROPSICOBIOL\u00d3GICAS-DEL-DESARROLLO-2021.pdf\">Bases Neuropsicobiol\u00f3gicas del Desarrollo<\/a><\/li>\n<li><a href=\"https:\/\/ipesco-scr.infd.edu.ar\/sitio\/wp-content\/uploads\/2021\/07\/PEE-DI-SEH-15-EDUCACI\u00d3N-PSICOMOTRIZ-2021.pdf\">Educaci\u00f3n Psicomotriz<\/a><\/li>\n<li>Psicolog\u00eda Educacional<\/li>\n<li><a href=\"https:\/\/ipesco-scr.infd.edu.ar\/sitio\/wp-content\/uploads\/2021\/12\/PEE-DI-SEH-17-18-HISTORIA-Y-POLITICA-DE-LA-EDUCACION-ARGENTINA-2021.pdf\" target=\"_blank\" rel=\"noopener\">Historia y Pol\u00edticas de la Educaci\u00f3n Argentina<\/a><\/li>\n<li><a href=\"https:\/\/ipesco-scr.infd.edu.ar\/sitio\/wp-content\/uploads\/2021\/07\/PEE-DI-SEH-18-19-PR\u00c1CTICA-PEDAG\u00d3GICA-II-2021.pdf\">Pr\u00e1ctica Pedag\u00f3gica II<\/a><br \/>\n<hr \/>\n<h4>3\u00b0 a\u00f1o<\/h4>\n<hr \/>\n<\/li>\n<li><a href=\"https:\/\/ipesco-scr.infd.edu.ar\/sitio\/wp-content\/uploads\/2021\/07\/PEE-DI-19-ABORDAJES-PEDAG\u00d3GICOS-PARA-EL-SUJETO-CON-DISCAPACIDAD-INTELECTUAL-I-2021.pdf\">Abordajes Pedag\u00f3gicos para el Sujeto con Discapacidad Intelectual I<\/a><\/li>\n<li><a href=\"https:\/\/ipesco-scr.infd.edu.ar\/sitio\/wp-content\/uploads\/2021\/07\/PEE-DI-20-LENGUA-DE-SE\u00d1AS-ARGENTINA-2021.pdf\">Lengua de Se\u00f1as Argentina<\/a><\/li>\n<li><a href=\"https:\/\/ipesco-scr.infd.edu.ar\/sitio\/wp-content\/uploads\/2021\/07\/PEE-DI-21-SISTEMAS-AUMENTATIVOS-Y-ALTERNATIVOS-DE-LA-COMUNICACI\u00d3N-2021.pdf\">Sistemas Aumentativos y Alternativos de la Comunicaci\u00f3n<\/a><\/li>\n<li><a href=\"https:\/\/ipesco-scr.infd.edu.ar\/sitio\/wp-content\/uploads\/2021\/07\/PEE-DI-22-FILOFOF\u00cdA-DE-LA-EDUCACI\u00d3N-2021.pdf\">Filosof\u00eda de la Educaci\u00f3n<\/a><\/li>\n<li><a href=\"https:\/\/ipesco-scr.infd.edu.ar\/sitio\/wp-content\/uploads\/2021\/07\/PEE-DI-23-ALFABETIZACI\u00d3N-INICIAL-EN-SUJETOS-CON-DISCAPACIDAD-INTELECTUAL-2021.pdf\">Alfabetizaci\u00f3n Inicial para el Sujeto con Discapacidad Intelectual<\/a><\/li>\n<li><a href=\"https:\/\/ipesco-scr.infd.edu.ar\/sitio\/wp-content\/uploads\/2021\/07\/PEE-DI-24-EDUCACI\u00d3N-TEMPRANA-2021.pdf\">Educaci\u00f3n Temprana<\/a><\/li>\n<li><a href=\"https:\/\/ipesco-scr.infd.edu.ar\/sitio\/wp-content\/uploads\/2021\/12\/PEE-DI-SEH-27-PEDAGOGIA-2021.pdf\" target=\"_blank\" rel=\"noopener\">Pedagog\u00eda<\/a><\/li>\n<li>Trastornos Motores<\/li>\n<li><a href=\"https:\/\/ipesco-scr.infd.edu.ar\/sitio\/wp-content\/uploads\/2021\/12\/PEE-DI-27-EDI-EDUCACION-EN-CONTEXTOS-RURALES-2021.pdf\" target=\"_blank\" rel=\"noopener\">EDI: Educaci\u00f3n en Contextos Rurales<\/a><\/li>\n<li><a href=\"https:\/\/ipesco-scr.infd.edu.ar\/sitio\/wp-content\/uploads\/2021\/07\/PEE-DI-28-PR\u00c1CTICA-PEDAG\u00d3GICA-III-2021.pdf\">Pr\u00e1ctica Pedag\u00f3gica III<\/a><br \/>\n<hr \/>\n<h4>4\u00b0 a\u00f1o<\/h4>\n<hr \/>\n<\/li>\n<li>Abordajes Pedag\u00f3gicos para el Sujeto con Discapacidad Intelectual II<\/li>\n<li>Educaci\u00f3n Sexual Integral<\/li>\n<li>Sociolog\u00eda de la Educaci\u00f3n<\/li>\n<li>Multidiscapacidad<\/li>\n<li>Alteraciones del Lenguaje y la Comunicaci\u00f3n en el Sujeto con Discapacidad Intelectual<\/li>\n<\/ol>\n<hr \/>\n","protected":false},"excerpt":{"rendered":"<p>PROFESORADO DE EDUCACI\u00d3N ESPECIAL con Orientaci\u00f3n en Discapacidad Intelectual Res. Plan\u00a0N\u00b0 0295\/19 Res. Ministerial N\u00b03606\/19 1\u00b0 a\u00f1o Did\u00e1ctica General Ciencias Sociales y su Did\u00e1ctica Lengua y Literatura y su Did\u00e1ctica El Sujeto de la Educaci\u00f3n Especial Problem\u00e1ticas Contempor\u00e1neas de la Educaci\u00f3n Especial Alfabetizaci\u00f3n Acad\u00e9mica Historia Argentina y Latinoamericana Tecnolog\u00eda de la Informaci\u00f3n y la Comunicaci\u00f3n &#8230; <a title=\"PEE &#8211; DI &#8211; Programas &#8211; 2021 (0295\/19)\" class=\"read-more\" href=\"https:\/\/ipesco-scr.infd.edu.ar\/sitio\/pee-di-programas-2021-0295-19\/\" aria-label=\"More on PEE &#8211; DI &#8211; Programas &#8211; 2021 (0295\/19)\">[+]<\/a><\/p>\n","protected":false},"author":1759,"featured_media":0,"parent":0,"menu_order":0,"comment_status":"closed","ping_status":"closed","template":"","meta":[],"acf":[],"_links":{"self":[{"href":"https:\/\/ipesco-scr.infd.edu.ar\/sitio\/wp-json\/wp\/v2\/pages\/3857"}],"collection":[{"href":"https:\/\/ipesco-scr.infd.edu.ar\/sitio\/wp-json\/wp\/v2\/pages"}],"about":[{"href":"https:\/\/ipesco-scr.infd.edu.ar\/sitio\/wp-json\/wp\/v2\/types\/page"}],"author":[{"embeddable":true,"href":"https:\/\/ipesco-scr.infd.edu.ar\/sitio\/wp-json\/wp\/v2\/users\/1759"}],"replies":[{"embeddable":true,"href":"https:\/\/ipesco-scr.infd.edu.ar\/sitio\/wp-json\/wp\/v2\/comments?post=3857"}],"version-history":[{"count":29,"href":"https:\/\/ipesco-scr.infd.edu.ar\/sitio\/wp-json\/wp\/v2\/pages\/3857\/revisions"}],"predecessor-version":[{"id":6071,"href":"https:\/\/ipesco-scr.infd.edu.ar\/sitio\/wp-json\/wp\/v2\/pages\/3857\/revisions\/6071"}],"wp:attachment":[{"href":"https:\/\/ipesco-scr.infd.edu.ar\/sitio\/wp-json\/wp\/v2\/media?parent=3857"}],"curies":[{"name":"wp","href":"https:\/\/api.w.org\/{rel}","templated":true}]}}