{"id":3867,"date":"2021-12-12T20:54:00","date_gmt":"2021-12-12T23:54:00","guid":{"rendered":"https:\/\/ipesco-scr.infd.edu.ar\/sitio\/?page_id=3867"},"modified":"2022-11-23T20:39:10","modified_gmt":"2022-11-23T23:39:10","slug":"pee-sh-programas-2021-0295-19","status":"publish","type":"page","link":"https:\/\/ipesco-scr.infd.edu.ar\/sitio\/pee-sh-programas-2021-0295-19\/","title":{"rendered":"PEE &#8211; SH &#8211; Programas &#8211; 2021 (0295\/19)"},"content":{"rendered":"<pre style=\"text-align: center;\"><span style=\"color: #0000ff;\"><strong>PROFESORADO DE EDUCACI\u00d3N ESPECIAL con Orientaci\u00f3n en Sordos e Hipoac\u00fasicos<\/strong><\/span>\n<span style=\"color: #0000ff;\"><strong>Res. Plan N\u00b00295\/19<\/strong><\/span>\n<span style=\"color: #0000ff;\"><strong>Res. Ministerial N\u00b03606\/19<\/strong><\/span><\/pre>\n<hr \/>\n<h4><strong>1\u00b0 a\u00f1o<\/strong><\/h4>\n<hr \/>\n<ol>\n<li><a href=\"https:\/\/ipesco-scr.infd.edu.ar\/sitio\/wp-content\/uploads\/2021\/07\/PEE-DI-SEH-1-DID\u00c1CTICA-GENERAL-2021.pdf\">Did\u00e1ctica General<\/a><\/li>\n<li><a href=\"https:\/\/ipesco-scr.infd.edu.ar\/sitio\/wp-content\/uploads\/2021\/07\/PEE-DI-SEH-2-CIENCIAS-SOCIALES-Y-SU-DID\u00c1CTICA-2021.pdf\">Ciencias Sociales y su Did\u00e1ctica<\/a><\/li>\n<li><a href=\"https:\/\/ipesco-scr.infd.edu.ar\/sitio\/wp-content\/uploads\/2021\/07\/PEE-DI-SEH-3-LENGUA-Y-LITERATURA-Y-SU-DID\u00c1CTICA-2021.pdf\">Lengua y Literatura y su Did\u00e1ctica<\/a><\/li>\n<li><a href=\"https:\/\/ipesco-scr.infd.edu.ar\/sitio\/wp-content\/uploads\/2021\/07\/PEE-DI-SEH-4-EL-SUJETO-DE-LA-EDUCACI\u00d3N-ESPECIAL-2021.pdf\">El Sujeto de la Educaci\u00f3n Especial<\/a><\/li>\n<li><a href=\"https:\/\/ipesco-scr.infd.edu.ar\/sitio\/wp-content\/uploads\/2021\/07\/PEE-DI-SEH-5-PROBLEM\u00c1TICAS-CONTEMPOR\u00c1NEAS-DE-LA-EDUCACI\u00d3N-ESPECIAL-2021.pdf\">Problem\u00e1ticas Contempor\u00e1neas de la Educaci\u00f3n Especial<\/a><\/li>\n<li><a href=\"https:\/\/ipesco-scr.infd.edu.ar\/sitio\/wp-content\/uploads\/2021\/07\/PEE-DI-SEH-6-ALFABETIZACI\u00d3N-ACAD\u00c9MICA-2021.pdf\">Alfabetizaci\u00f3n Acad\u00e9mica<\/a><\/li>\n<li>Historia Argentina y Latinoamericana<\/li>\n<li>Tecnolog\u00edas de la Informaci\u00f3n y la Comunicaci\u00f3n y Educaci\u00f3n<\/li>\n<li><a href=\"https:\/\/ipesco-scr.infd.edu.ar\/sitio\/wp-content\/uploads\/2021\/07\/PEE-DI-SEH-9-PR\u00c1CTICA-PEDAG\u00d3GICA-I-2021.pdf\">Pr\u00e1ctica Pedag\u00f3gica I<\/a><br \/>\n<hr \/>\n<h4>2\u00b0 a\u00f1o<\/h4>\n<hr \/>\n<\/li>\n<li><a href=\"https:\/\/ipesco-scr.infd.edu.ar\/sitio\/wp-content\/uploads\/2021\/07\/PEE-DI-SEH-10-MATEM\u00c1TICA-Y-SU-DID\u00c1CTICA-2021.pdf\">Matem\u00e1tica y su Did\u00e1ctica<\/a><\/li>\n<li><a href=\"https:\/\/ipesco-scr.infd.edu.ar\/sitio\/wp-content\/uploads\/2021\/07\/PEE-DI-SEH-11-CIENCIAS-NATURALES-Y-SU-DID\u00c1CTICA-2021.pdf\">Ciencias Naturales y su Did\u00e1ctica<\/a><\/li>\n<li><a href=\"https:\/\/ipesco-scr.infd.edu.ar\/sitio\/wp-content\/uploads\/2021\/07\/PEE-DI-SEH-12-COMUNICACI\u00d3N-Y-LENGUAJE-2021.pdf\">Comunicaci\u00f3n y Lenguaje<\/a><\/li>\n<li><a href=\"https:\/\/ipesco-scr.infd.edu.ar\/sitio\/wp-content\/uploads\/2021\/07\/PEE-DI-SEH-13-INTEGRACI\u00d3N-COMO-ESTRATEGIA-PARA-LA-INCLUSI\u00d3N-2021.pdf\">Integraci\u00f3n como Estrategia para la Inclusi\u00f3n<\/a><\/li>\n<li><a href=\"https:\/\/ipesco-scr.infd.edu.ar\/sitio\/wp-content\/uploads\/2021\/07\/PEE-DI-SEH-14-BASES-NEUROPSICOBIOL\u00d3GICAS-DEL-DESARROLLO-2021.pdf\">Bases Neuropsicobiol\u00f3gicas del Desarrollo<\/a><\/li>\n<li><a href=\"https:\/\/ipesco-scr.infd.edu.ar\/sitio\/wp-content\/uploads\/2021\/07\/PEE-DI-SEH-15-EDUCACI\u00d3N-PSICOMOTRIZ-2021.pdf\">Educaci\u00f3n Psicomotriz<\/a><\/li>\n<li><a href=\"https:\/\/ipesco-scr.infd.edu.ar\/sitio\/wp-content\/uploads\/2021\/07\/PEE-SEH-16-EDI-CUERPO-JUEGO-Y-EXPRESI\u00d3N-2021.pdf\">EDI: Cuerpo, Juego y Expresi\u00f3n<\/a><\/li>\n<li>Psicolog\u00eda Educacional<\/li>\n<li><a href=\"https:\/\/ipesco-scr.infd.edu.ar\/sitio\/wp-content\/uploads\/2021\/12\/PEE-DI-SEH-17-18-HISTORIA-Y-POLITICA-DE-LA-EDUCACION-ARGENTINA-2021.pdf\" target=\"_blank\" rel=\"noopener\">Historia y Pol\u00edticas de la Educaci\u00f3n Argentina<\/a><\/li>\n<li><a href=\"https:\/\/ipesco-scr.infd.edu.ar\/sitio\/wp-content\/uploads\/2021\/07\/PEE-DI-SEH-18-19-PR\u00c1CTICA-PEDAG\u00d3GICA-II-2021.pdf\">Pr\u00e1ctica Pedag\u00f3gica II<\/a><br \/>\n<hr \/>\n<h4>3\u00b0 a\u00f1o<\/h4>\n<hr \/>\n<\/li>\n<li><a href=\"https:\/\/ipesco-scr.infd.edu.ar\/sitio\/wp-content\/uploads\/2021\/07\/PEE-SEH-20-LENGUA-DE-SE\u00d1AS-ARGENTINA-I-2021.pdf\">Lengua de Se\u00f1as Argentina I<\/a><\/li>\n<li><a href=\"https:\/\/ipesco-scr.infd.edu.ar\/sitio\/wp-content\/uploads\/2021\/07\/PEE-SEH-21-ABORDAJES-PEDAG\u00d3GICOS-PARA-EL-SUJETO-SORDO-E-HIPOAC\u00daSICO-I-2021.pdf\">Abordajes Pedag\u00f3gicos para el Sujeto Sordo e Hipoac\u00fasico I<\/a><\/li>\n<li><a href=\"https:\/\/ipesco-scr.infd.edu.ar\/sitio\/wp-content\/uploads\/2021\/07\/PEE-SEH-22-FILOFOF\u00cdA-DE-LA-EDUCACI\u00d3N-2021.pdf\">Filosof\u00eda de la Educaci\u00f3n<\/a><\/li>\n<li><a href=\"https:\/\/ipesco-scr.infd.edu.ar\/sitio\/wp-content\/uploads\/2021\/07\/PEE-SEH-23-EDUCACI\u00d3N-TEMPRANA-2021.pdf\">Educaci\u00f3n Temprana<\/a><\/li>\n<li><a href=\"https:\/\/ipesco-scr.infd.edu.ar\/sitio\/wp-content\/uploads\/2021\/07\/PEE-SEH-24-ALTERACIONES-DEL-LENGUAJE-Y-LA-COMUNICACI\u00d3N-2021.pdf\">Alteraciones del Lenguaje y la Comunicaci\u00f3n<\/a><\/li>\n<li><a href=\"https:\/\/ipesco-scr.infd.edu.ar\/sitio\/wp-content\/uploads\/2021\/12\/PEE-SEH-25-ALFABETIZACION-INICIAL-PARA-EL-SUJETO-SEH-2021.pdf\" target=\"_blank\" rel=\"noopener\">Alfabetizaci\u00f3n Inicial para el Sujeto Sordo e Hipoac\u00fasico<\/a><\/li>\n<li><a href=\"https:\/\/ipesco-scr.infd.edu.ar\/sitio\/wp-content\/uploads\/2021\/12\/PEE-DI-SEH-27-PEDAGOGIA-2021.pdf\" target=\"_blank\" rel=\"noopener\">Pedagog\u00eda<\/a><\/li>\n<li>Problem\u00e1tica de la Subjetividad y la Discapacidad<\/li>\n<li><a href=\"https:\/\/ipesco-scr.infd.edu.ar\/sitio\/wp-content\/uploads\/2021\/07\/PEE-SEH-28-PR\u00c1CTICA-PEDAG\u00d3GICA-III-2021.pdf\">Pr\u00e1ctica Pedag\u00f3gica III<\/a><br \/>\n<hr \/>\n<h4>4\u00b0 a\u00f1o<\/h4>\n<hr \/>\n<\/li>\n<li>Lengua de Se\u00f1as Argentina II<\/li>\n<li>Abordajes Pedag\u00f3gicos para el Sujeto Sordo e Hipoac\u00fasico II<\/li>\n<li>Multidiscapacidad<\/li>\n<li>Sociolog\u00eda de la Educaci\u00f3n<\/li>\n<li>Educaci\u00f3n del Adulto Sordo e Hipoac\u00fasico y Mundo del Trabajo<\/li>\n<li>Educaci\u00f3n Sexual Integral<\/li>\n<li>EDI<\/li>\n<li>Sistema Aumentativo y Alternativos de la Comunicaci\u00f3n<\/li>\n<li>Formaci\u00f3n \u00c9tica y Ciudadana<\/li>\n<li>Residencia Pedag\u00f3gica<\/li>\n<\/ol>\n<hr \/>\n","protected":false},"excerpt":{"rendered":"<p>PROFESORADO DE EDUCACI\u00d3N ESPECIAL con Orientaci\u00f3n en Sordos e Hipoac\u00fasicos Res. Plan N\u00b00295\/19 Res. Ministerial N\u00b03606\/19 1\u00b0 a\u00f1o Did\u00e1ctica General Ciencias Sociales y su Did\u00e1ctica Lengua y Literatura y su Did\u00e1ctica El Sujeto de la Educaci\u00f3n Especial Problem\u00e1ticas Contempor\u00e1neas de la Educaci\u00f3n Especial Alfabetizaci\u00f3n Acad\u00e9mica Historia Argentina y Latinoamericana Tecnolog\u00edas de la Informaci\u00f3n y la &#8230; <a title=\"PEE &#8211; SH &#8211; Programas &#8211; 2021 (0295\/19)\" class=\"read-more\" href=\"https:\/\/ipesco-scr.infd.edu.ar\/sitio\/pee-sh-programas-2021-0295-19\/\" aria-label=\"More on PEE &#8211; SH &#8211; Programas &#8211; 2021 (0295\/19)\">[+]<\/a><\/p>\n","protected":false},"author":1759,"featured_media":0,"parent":0,"menu_order":0,"comment_status":"closed","ping_status":"closed","template":"","meta":[],"acf":[],"_links":{"self":[{"href":"https:\/\/ipesco-scr.infd.edu.ar\/sitio\/wp-json\/wp\/v2\/pages\/3867"}],"collection":[{"href":"https:\/\/ipesco-scr.infd.edu.ar\/sitio\/wp-json\/wp\/v2\/pages"}],"about":[{"href":"https:\/\/ipesco-scr.infd.edu.ar\/sitio\/wp-json\/wp\/v2\/types\/page"}],"author":[{"embeddable":true,"href":"https:\/\/ipesco-scr.infd.edu.ar\/sitio\/wp-json\/wp\/v2\/users\/1759"}],"replies":[{"embeddable":true,"href":"https:\/\/ipesco-scr.infd.edu.ar\/sitio\/wp-json\/wp\/v2\/comments?post=3867"}],"version-history":[{"count":30,"href":"https:\/\/ipesco-scr.infd.edu.ar\/sitio\/wp-json\/wp\/v2\/pages\/3867\/revisions"}],"predecessor-version":[{"id":6073,"href":"https:\/\/ipesco-scr.infd.edu.ar\/sitio\/wp-json\/wp\/v2\/pages\/3867\/revisions\/6073"}],"wp:attachment":[{"href":"https:\/\/ipesco-scr.infd.edu.ar\/sitio\/wp-json\/wp\/v2\/media?parent=3867"}],"curies":[{"name":"wp","href":"https:\/\/api.w.org\/{rel}","templated":true}]}}