{"id":3878,"date":"2021-12-12T21:23:00","date_gmt":"2021-12-13T00:23:00","guid":{"rendered":"https:\/\/ipesco-scr.infd.edu.ar\/sitio\/?page_id=3878"},"modified":"2021-12-12T21:23:32","modified_gmt":"2021-12-13T00:23:32","slug":"pl-programas-2021-1959-15","status":"publish","type":"page","link":"https:\/\/ipesco-scr.infd.edu.ar\/sitio\/pl-programas-2021-1959-15\/","title":{"rendered":"PL &#8211; Programas 2021 (1959\/15)"},"content":{"rendered":"<pre style=\"text-align: center;\"><span style=\"color: #0000ff;\"><strong>PROFESORADO DE EDUCACI\u00d3N SECUNDARIA EN LENGUA Y LITERATURA <\/strong><\/span>\n<span style=\"color: #0000ff;\"><strong>Res. Plan N\u00b0 1959\/15<\/strong><\/span>\n<span style=\"color: #0000ff;\"><strong>Res. Ministerial N\u00b0 818\/16<\/strong><\/span><\/pre>\n<hr \/>\n<h4>1\u00b0 a\u00f1o<\/h4>\n<hr \/>\n<ol>\n<li><a href=\"https:\/\/ipesco-scr.infd.edu.ar\/sitio\/wp-content\/uploads\/2021\/07\/PL-01-PRACTICA-PEDAGOGICA-I-2021.pdf\">Pr\u00e1ctica Pedag\u00f3gica I<\/a><\/li>\n<li><a href=\"https:\/\/ipesco-scr.infd.edu.ar\/sitio\/wp-content\/uploads\/2021\/07\/PL-02-GRAMATICA-ESPA\u00d1OLA-I-2021.pdf\">Gram\u00e1tica Espa\u00f1ola I<\/a><\/li>\n<li><a href=\"https:\/\/ipesco-scr.infd.edu.ar\/sitio\/wp-content\/uploads\/2021\/07\/PL-03-TALLER-DE-LECTURA-Y-PRODUCCION-2021.pdf\">Taller de Lectura y Producci\u00f3n<\/a><\/li>\n<li><a href=\"https:\/\/ipesco-scr.infd.edu.ar\/sitio\/wp-content\/uploads\/2021\/07\/PL-04-TEORIA-Y-PRACTICA-LITERARIA-2021.pdf\">Teor\u00eda y Pr\u00e1ctica Literaria<\/a><\/li>\n<li><a href=\"https:\/\/ipesco-scr.infd.edu.ar\/sitio\/wp-content\/uploads\/2021\/07\/PL-05-LITERATURA-ARGENTINA-I-2021.pdf\">Literatura Argentina I<\/a><\/li>\n<li><a href=\"https:\/\/ipesco-scr.infd.edu.ar\/sitio\/wp-content\/uploads\/2021\/07\/PL-06-PEDAGOGIA-2021.pdf\">Pedagog\u00eda<\/a><\/li>\n<li><a href=\"https:\/\/ipesco-scr.infd.edu.ar\/sitio\/wp-content\/uploads\/2021\/07\/PL-07-DIDACTICA-GENERAL-2021.pdf\">Did\u00e1ctica General<\/a><\/li>\n<li><a href=\"https:\/\/ipesco-scr.infd.edu.ar\/sitio\/wp-content\/uploads\/2021\/07\/PL-08-EDI-PRACTICAS-DE-LECTURA-Y-ESCRITURA-2021.pdf\">EDI: Pr\u00e1cticas de Lectura y Escritura<\/a><\/li>\n<li><a href=\"https:\/\/ipesco-scr.infd.edu.ar\/sitio\/wp-content\/uploads\/2021\/12\/PL-09-LITERATURA-CLASICA-I-2021.pdf\" target=\"_blank\" rel=\"noopener\">Literatura Cl\u00e1sica I<\/a><\/li>\n<li><a href=\"https:\/\/ipesco-scr.infd.edu.ar\/sitio\/wp-content\/uploads\/2021\/12\/PL-10-HISTORIA-ARGENTINA-Y-LATINOAMERICANA-2021.pdf\" target=\"_blank\" rel=\"noopener\">Historia Argentina y Latinoamericana<\/a><br \/>\n<hr \/>\n<h4>2\u00b0 a\u00f1o<\/h4>\n<hr \/>\n<\/li>\n<li><a href=\"https:\/\/ipesco-scr.infd.edu.ar\/sitio\/wp-content\/uploads\/2021\/07\/PL-11-GRAMATICA-ESPA\u00d1OLA-II-2021.pdf\">Gram\u00e1tica Espa\u00f1ola II<\/a><\/li>\n<li><a href=\"https:\/\/ipesco-scr.infd.edu.ar\/sitio\/wp-content\/uploads\/2021\/07\/PL-12-LITERATURA-ARGENTINA-II-2021.pdf\">Literatura Argentina II<\/a><\/li>\n<li><a href=\"https:\/\/ipesco-scr.infd.edu.ar\/sitio\/wp-content\/uploads\/2021\/07\/PL-13-PRACTICA-PEDAGOGICA-II-2021.pdf\">Pr\u00e1ctica Pedag\u00f3gica II<\/a><\/li>\n<li><a href=\"https:\/\/ipesco-scr.infd.edu.ar\/sitio\/wp-content\/uploads\/2021\/07\/PL-14-TIC-EN-LA-ENSE\u00d1ANZA-2021.pdf\">TIC en la Ense\u00f1anza<\/a><\/li>\n<li><a href=\"https:\/\/ipesco-scr.infd.edu.ar\/sitio\/wp-content\/uploads\/2021\/07\/PL-15-PSICOLOGIA-EDUCACIONAL-2021.pdf\">Psicolog\u00eda Educacional<\/a><\/li>\n<li><a href=\"https:\/\/ipesco-scr.infd.edu.ar\/sitio\/wp-content\/uploads\/2021\/07\/PL-16-SUJETO-DE-LA-EDUCACION-2021.pdf\">Sujeto de la Educaci\u00f3n<\/a><\/li>\n<li><a href=\"https:\/\/ipesco-scr.infd.edu.ar\/sitio\/wp-content\/uploads\/2021\/07\/PL-17-TEORIA-LITERARIA-2021.pdf\">Teor\u00eda Literaria<\/a><\/li>\n<li><a href=\"https:\/\/ipesco-scr.infd.edu.ar\/sitio\/wp-content\/uploads\/2021\/07\/PL-18-ALFABETIZACION-ACADEMICA-2021.pdf\">Alfabetizaci\u00f3n Acad\u00e9mica<\/a><\/li>\n<li><a href=\"https:\/\/ipesco-scr.infd.edu.ar\/sitio\/wp-content\/uploads\/2021\/12\/PL-19-LITERATURA-CLASICA-II-2021.pdf\" target=\"_blank\" rel=\"noopener\">Literatura Cl\u00e1sica II<\/a><br \/>\n<hr \/>\n<h4><strong>3\u00b0 a\u00f1o<\/strong><\/h4>\n<hr \/>\n<\/li>\n<li><a href=\"https:\/\/ipesco-scr.infd.edu.ar\/sitio\/wp-content\/uploads\/2021\/07\/PL-20-FILOSOFIA-2021.pdf\">Filosof\u00eda<\/a><\/li>\n<li><a href=\"https:\/\/ipesco-scr.infd.edu.ar\/sitio\/wp-content\/uploads\/2021\/07\/PL-21-LINGUISTICA-I-2021.pdf\">Ling\u00fc\u00edstica I<\/a><\/li>\n<li><a href=\"https:\/\/ipesco-scr.infd.edu.ar\/sitio\/wp-content\/uploads\/2021\/07\/PL-22-LITERATURA-LATINOAMERICANA-I-2021.pdf\">Literatura Latinoamericana I<\/a><\/li>\n<li><a href=\"https:\/\/ipesco-scr.infd.edu.ar\/sitio\/wp-content\/uploads\/2021\/07\/PL-23-LITERATURA-EUROPEA-2021.pdf\">Literatura Europea<\/a><\/li>\n<li><a href=\"https:\/\/ipesco-scr.infd.edu.ar\/sitio\/wp-content\/uploads\/2021\/07\/PL-24-DIDACTICA-DE-LA-LENGUA-Y-LA-LITERATURA-I-2021.pdf\">Did\u00e1ctica de la Lengua y la Literatura I<\/a><\/li>\n<li><a href=\"https:\/\/ipesco-scr.infd.edu.ar\/sitio\/wp-content\/uploads\/2021\/07\/PL-25-PR\u00c1CTICA-PEDAG\u00d3GICA-III-2021.pdf\">Pr\u00e1ctica Pedag\u00f3gica III<\/a><\/li>\n<li><a href=\"https:\/\/ipesco-scr.infd.edu.ar\/sitio\/wp-content\/uploads\/2021\/07\/PL-26-LITERATURA-ESPA\u00d1OLA-2021.pdf\">Literatura Espa\u00f1ola<\/a><\/li>\n<li>Sociolog\u00eda en la Educaci\u00f3n<\/li>\n<li><a href=\"https:\/\/ipesco-scr.infd.edu.ar\/sitio\/wp-content\/uploads\/2021\/12\/PL-28-HISTORIA-Y-POLITICA-EDUCATIVA-20213652.pdf\" target=\"_blank\" rel=\"noopener\">Historia y Pol\u00edtica Educativa<\/a><br \/>\n<hr \/>\n<h4><strong>4\u00b0 a\u00f1o<\/strong><\/h4>\n<hr \/>\n<\/li>\n<li><a href=\"https:\/\/ipesco-scr.infd.edu.ar\/sitio\/wp-content\/uploads\/2021\/07\/PL-29-RESIDENCIA-2021.pdf\">Pr\u00e1ctica Pedag\u00f3gica IV<\/a><\/li>\n<li><a href=\"https:\/\/ipesco-scr.infd.edu.ar\/sitio\/wp-content\/uploads\/2021\/07\/PL-30-MOVIMIENTOS-EST\u00c9TICOS-CULTURALES-Y-LITERATURA-2021.pdf\">Movimientos Est\u00e9ticos, Culturales y Literatura<\/a><\/li>\n<li><a href=\"https:\/\/ipesco-scr.infd.edu.ar\/sitio\/wp-content\/uploads\/2021\/07\/PL-31-LINGUISTICA-II-2021.pdf\">Ling\u00fc\u00edstica II<\/a><\/li>\n<li><a href=\"https:\/\/ipesco-scr.infd.edu.ar\/sitio\/wp-content\/uploads\/2021\/07\/PL-32-LITERATURA-LATINOAMERICANA-II-2021.pdf\">Literatura Latinoamericana II<\/a><\/li>\n<li><a href=\"https:\/\/ipesco-scr.infd.edu.ar\/sitio\/wp-content\/uploads\/2021\/12\/PL-33-ANALISIS-DEL-DISCURSO-2021.pdf\" target=\"_blank\" rel=\"noopener\">An\u00e1lisis del Discurso<\/a><\/li>\n<li><a href=\"https:\/\/ipesco-scr.infd.edu.ar\/sitio\/wp-content\/uploads\/2021\/07\/PL-34-FORMACION-ETICA-Y-CIUDADANA-2021.pdf\">Formaci\u00f3n \u00c9tica y Ciudadana<\/a><\/li>\n<li><a href=\"https:\/\/ipesco-scr.infd.edu.ar\/sitio\/wp-content\/uploads\/2021\/12\/PL-35-LITERATURA-INFANTO-JUVENIL-20213654.pdf\" target=\"_blank\" rel=\"noopener\">Literatura Infanto-Juvenil<\/a><\/li>\n<li><a href=\"https:\/\/ipesco-scr.infd.edu.ar\/sitio\/wp-content\/uploads\/2021\/07\/PL-36-DIDACTICA-DE-LA-LENGUA-Y-LA-LITERATURA-II-2021.pdf\">Did\u00e1ctica de la Lengua y la Literatura II<\/a><\/li>\n<li><a href=\"https:\/\/ipesco-scr.infd.edu.ar\/sitio\/wp-content\/uploads\/2021\/07\/PL-37-EDI-EXPRESION-CORPORAL-2021.pdf\">EDI: Expresi\u00f3n Corporal<\/a><\/li>\n<li><a href=\"https:\/\/ipesco-scr.infd.edu.ar\/sitio\/wp-content\/uploads\/2021\/12\/PL-38-EDI-EDUCACION-SEXUAL-INTEGRAL-2021.pdf\" target=\"_blank\" rel=\"noopener\">EDI: Educaci\u00f3n Sexual Integral<\/a><\/li>\n<\/ol>\n","protected":false},"excerpt":{"rendered":"<p>PROFESORADO DE EDUCACI\u00d3N SECUNDARIA EN LENGUA Y LITERATURA Res. Plan N\u00b0 1959\/15 Res. Ministerial N\u00b0 818\/16 1\u00b0 a\u00f1o Pr\u00e1ctica Pedag\u00f3gica I Gram\u00e1tica Espa\u00f1ola I Taller de Lectura y Producci\u00f3n Teor\u00eda y Pr\u00e1ctica Literaria Literatura Argentina I Pedagog\u00eda Did\u00e1ctica General EDI: Pr\u00e1cticas de Lectura y Escritura Literatura Cl\u00e1sica I Historia Argentina y Latinoamericana 2\u00b0 a\u00f1o Gram\u00e1tica &#8230; <a title=\"PL &#8211; Programas 2021 (1959\/15)\" class=\"read-more\" href=\"https:\/\/ipesco-scr.infd.edu.ar\/sitio\/pl-programas-2021-1959-15\/\" aria-label=\"More on PL &#8211; Programas 2021 (1959\/15)\">[+]<\/a><\/p>\n","protected":false},"author":1759,"featured_media":0,"parent":0,"menu_order":0,"comment_status":"closed","ping_status":"closed","template":"","meta":[],"acf":[],"_links":{"self":[{"href":"https:\/\/ipesco-scr.infd.edu.ar\/sitio\/wp-json\/wp\/v2\/pages\/3878"}],"collection":[{"href":"https:\/\/ipesco-scr.infd.edu.ar\/sitio\/wp-json\/wp\/v2\/pages"}],"about":[{"href":"https:\/\/ipesco-scr.infd.edu.ar\/sitio\/wp-json\/wp\/v2\/types\/page"}],"author":[{"embeddable":true,"href":"https:\/\/ipesco-scr.infd.edu.ar\/sitio\/wp-json\/wp\/v2\/users\/1759"}],"replies":[{"embeddable":true,"href":"https:\/\/ipesco-scr.infd.edu.ar\/sitio\/wp-json\/wp\/v2\/comments?post=3878"}],"version-history":[{"count":40,"href":"https:\/\/ipesco-scr.infd.edu.ar\/sitio\/wp-json\/wp\/v2\/pages\/3878\/revisions"}],"predecessor-version":[{"id":4731,"href":"https:\/\/ipesco-scr.infd.edu.ar\/sitio\/wp-json\/wp\/v2\/pages\/3878\/revisions\/4731"}],"wp:attachment":[{"href":"https:\/\/ipesco-scr.infd.edu.ar\/sitio\/wp-json\/wp\/v2\/media?parent=3878"}],"curies":[{"name":"wp","href":"https:\/\/api.w.org\/{rel}","templated":true}]}}