{"id":4529,"date":"2021-11-20T19:45:30","date_gmt":"2021-11-20T22:45:30","guid":{"rendered":"https:\/\/ipesco-scr.infd.edu.ar\/sitio\/?page_id=4529"},"modified":"2021-11-20T20:10:36","modified_gmt":"2021-11-20T23:10:36","slug":"ipes-co-participo-del-desfile-civico-militar","status":"publish","type":"page","link":"https:\/\/ipesco-scr.infd.edu.ar\/sitio\/ipes-co-participo-del-desfile-civico-militar\/","title":{"rendered":"IPES-CO particip\u00f3 del desfile c\u00edvico militar"},"content":{"rendered":"\n<p>Con motivo del 120\u00b0 Aniversario de la Ciudad de Caleta Olivia, el Equipo de Gesti\u00f3n, Coordinadores de Carrera, Administrativos, Docentes y Estudiantes, encabezados por los Abanderados de la Instituci\u00f3n, participaron del desfile c\u00edvico-militar realizado en el mediod\u00eda de hoy en las cercan\u00edas de la plaza 20 de noviembre.<\/p>\n\n\n\n<figure class=\"wp-block-gallery columns-2 is-cropped wp-block-gallery-1 is-layout-flex\"><ul class=\"blocks-gallery-grid\"><li class=\"blocks-gallery-item\"><figure><img decoding=\"async\" loading=\"lazy\" width=\"1280\" height=\"576\" src=\"https:\/\/ipesco-scr.infd.edu.ar\/sitio\/wp-content\/uploads\/2021\/11\/WhatsApp-Image-2021-11-20-at-14.48.51.jpeg\" alt=\"\" data-id=\"4548\" data-full-url=\"https:\/\/ipesco-scr.infd.edu.ar\/sitio\/wp-content\/uploads\/2021\/11\/WhatsApp-Image-2021-11-20-at-14.48.51.jpeg\" data-link=\"https:\/\/ipesco-scr.infd.edu.ar\/sitio\/?attachment_id=4548#main\" class=\"wp-image-4548\" srcset=\"https:\/\/ipesco-scr.infd.edu.ar\/sitio\/wp-content\/uploads\/2021\/11\/WhatsApp-Image-2021-11-20-at-14.48.51.jpeg 1280w, https:\/\/ipesco-scr.infd.edu.ar\/sitio\/wp-content\/uploads\/2021\/11\/WhatsApp-Image-2021-11-20-at-14.48.51-1000x450.jpeg 1000w, https:\/\/ipesco-scr.infd.edu.ar\/sitio\/wp-content\/uploads\/2021\/11\/WhatsApp-Image-2021-11-20-at-14.48.51-768x346.jpeg 768w\" sizes=\"(max-width: 1280px) 100vw, 1280px\" \/><\/figure><\/li><li class=\"blocks-gallery-item\"><figure><img decoding=\"async\" loading=\"lazy\" width=\"1600\" height=\"720\" src=\"https:\/\/ipesco-scr.infd.edu.ar\/sitio\/wp-content\/uploads\/2021\/11\/WhatsApp-Image-2021-11-20-at-14.47.20.jpeg\" alt=\"\" data-id=\"4547\" data-full-url=\"https:\/\/ipesco-scr.infd.edu.ar\/sitio\/wp-content\/uploads\/2021\/11\/WhatsApp-Image-2021-11-20-at-14.47.20.jpeg\" data-link=\"https:\/\/ipesco-scr.infd.edu.ar\/sitio\/?attachment_id=4547#main\" class=\"wp-image-4547\" srcset=\"https:\/\/ipesco-scr.infd.edu.ar\/sitio\/wp-content\/uploads\/2021\/11\/WhatsApp-Image-2021-11-20-at-14.47.20.jpeg 1600w, https:\/\/ipesco-scr.infd.edu.ar\/sitio\/wp-content\/uploads\/2021\/11\/WhatsApp-Image-2021-11-20-at-14.47.20-1000x450.jpeg 1000w, https:\/\/ipesco-scr.infd.edu.ar\/sitio\/wp-content\/uploads\/2021\/11\/WhatsApp-Image-2021-11-20-at-14.47.20-768x346.jpeg 768w, https:\/\/ipesco-scr.infd.edu.ar\/sitio\/wp-content\/uploads\/2021\/11\/WhatsApp-Image-2021-11-20-at-14.47.20-1536x691.jpeg 1536w\" sizes=\"(max-width: 1600px) 100vw, 1600px\" \/><\/figure><\/li><li class=\"blocks-gallery-item\"><figure><img decoding=\"async\" loading=\"lazy\" width=\"1600\" height=\"720\" src=\"https:\/\/ipesco-scr.infd.edu.ar\/sitio\/wp-content\/uploads\/2021\/11\/WhatsApp-Image-2021-11-20-at-14.46.26.jpeg\" alt=\"\" data-id=\"4546\" data-full-url=\"https:\/\/ipesco-scr.infd.edu.ar\/sitio\/wp-content\/uploads\/2021\/11\/WhatsApp-Image-2021-11-20-at-14.46.26.jpeg\" data-link=\"https:\/\/ipesco-scr.infd.edu.ar\/sitio\/?attachment_id=4546#main\" class=\"wp-image-4546\" srcset=\"https:\/\/ipesco-scr.infd.edu.ar\/sitio\/wp-content\/uploads\/2021\/11\/WhatsApp-Image-2021-11-20-at-14.46.26.jpeg 1600w, https:\/\/ipesco-scr.infd.edu.ar\/sitio\/wp-content\/uploads\/2021\/11\/WhatsApp-Image-2021-11-20-at-14.46.26-1000x450.jpeg 1000w, https:\/\/ipesco-scr.infd.edu.ar\/sitio\/wp-content\/uploads\/2021\/11\/WhatsApp-Image-2021-11-20-at-14.46.26-768x346.jpeg 768w, https:\/\/ipesco-scr.infd.edu.ar\/sitio\/wp-content\/uploads\/2021\/11\/WhatsApp-Image-2021-11-20-at-14.46.26-1536x691.jpeg 1536w\" sizes=\"(max-width: 1600px) 100vw, 1600px\" \/><\/figure><\/li><li class=\"blocks-gallery-item\"><figure><img decoding=\"async\" loading=\"lazy\" width=\"1032\" height=\"774\" src=\"https:\/\/ipesco-scr.infd.edu.ar\/sitio\/wp-content\/uploads\/2021\/11\/WhatsApp-Image-2021-11-20-at-14.45.33.jpeg\" alt=\"\" data-id=\"4545\" data-full-url=\"https:\/\/ipesco-scr.infd.edu.ar\/sitio\/wp-content\/uploads\/2021\/11\/WhatsApp-Image-2021-11-20-at-14.45.33.jpeg\" data-link=\"https:\/\/ipesco-scr.infd.edu.ar\/sitio\/?attachment_id=4545#main\" class=\"wp-image-4545\" srcset=\"https:\/\/ipesco-scr.infd.edu.ar\/sitio\/wp-content\/uploads\/2021\/11\/WhatsApp-Image-2021-11-20-at-14.45.33.jpeg 1032w, https:\/\/ipesco-scr.infd.edu.ar\/sitio\/wp-content\/uploads\/2021\/11\/WhatsApp-Image-2021-11-20-at-14.45.33-1000x750.jpeg 1000w, https:\/\/ipesco-scr.infd.edu.ar\/sitio\/wp-content\/uploads\/2021\/11\/WhatsApp-Image-2021-11-20-at-14.45.33-768x576.jpeg 768w\" sizes=\"(max-width: 1032px) 100vw, 1032px\" \/><\/figure><\/li><li class=\"blocks-gallery-item\"><figure><img decoding=\"async\" loading=\"lazy\" width=\"1280\" height=\"576\" src=\"https:\/\/ipesco-scr.infd.edu.ar\/sitio\/wp-content\/uploads\/2021\/11\/WhatsApp-Image-2021-11-20-at-14.36.03.jpeg\" alt=\"\" data-id=\"4544\" data-full-url=\"https:\/\/ipesco-scr.infd.edu.ar\/sitio\/wp-content\/uploads\/2021\/11\/WhatsApp-Image-2021-11-20-at-14.36.03.jpeg\" data-link=\"https:\/\/ipesco-scr.infd.edu.ar\/sitio\/?attachment_id=4544#main\" class=\"wp-image-4544\" srcset=\"https:\/\/ipesco-scr.infd.edu.ar\/sitio\/wp-content\/uploads\/2021\/11\/WhatsApp-Image-2021-11-20-at-14.36.03.jpeg 1280w, https:\/\/ipesco-scr.infd.edu.ar\/sitio\/wp-content\/uploads\/2021\/11\/WhatsApp-Image-2021-11-20-at-14.36.03-1000x450.jpeg 1000w, https:\/\/ipesco-scr.infd.edu.ar\/sitio\/wp-content\/uploads\/2021\/11\/WhatsApp-Image-2021-11-20-at-14.36.03-768x346.jpeg 768w\" sizes=\"(max-width: 1280px) 100vw, 1280px\" \/><\/figure><\/li><li class=\"blocks-gallery-item\"><figure><img decoding=\"async\" src=\"https:\/\/ipesco-scr.infd.edu.ar\/sitio\/wp-content\/uploads\/2021\/11\/WhatsApp-Image-2021-11-20-at-14.36.03-2-1000x750.jpeg\" alt=\"\" data-id=\"4543\" data-full-url=\"https:\/\/ipesco-scr.infd.edu.ar\/sitio\/wp-content\/uploads\/2021\/11\/WhatsApp-Image-2021-11-20-at-14.36.03-2.jpeg\" data-link=\"https:\/\/ipesco-scr.infd.edu.ar\/sitio\/?attachment_id=4543#main\" class=\"wp-image-4543\"\/><\/figure><\/li><li class=\"blocks-gallery-item\"><figure><img decoding=\"async\" loading=\"lazy\" width=\"1280\" height=\"576\" src=\"https:\/\/ipesco-scr.infd.edu.ar\/sitio\/wp-content\/uploads\/2021\/11\/WhatsApp-Image-2021-11-20-at-14.36.01-1.jpeg\" alt=\"\" data-id=\"4537\" data-full-url=\"https:\/\/ipesco-scr.infd.edu.ar\/sitio\/wp-content\/uploads\/2021\/11\/WhatsApp-Image-2021-11-20-at-14.36.01-1.jpeg\" data-link=\"https:\/\/ipesco-scr.infd.edu.ar\/sitio\/?attachment_id=4537#main\" class=\"wp-image-4537\" srcset=\"https:\/\/ipesco-scr.infd.edu.ar\/sitio\/wp-content\/uploads\/2021\/11\/WhatsApp-Image-2021-11-20-at-14.36.01-1.jpeg 1280w, https:\/\/ipesco-scr.infd.edu.ar\/sitio\/wp-content\/uploads\/2021\/11\/WhatsApp-Image-2021-11-20-at-14.36.01-1-1000x450.jpeg 1000w, https:\/\/ipesco-scr.infd.edu.ar\/sitio\/wp-content\/uploads\/2021\/11\/WhatsApp-Image-2021-11-20-at-14.36.01-1-768x346.jpeg 768w\" sizes=\"(max-width: 1280px) 100vw, 1280px\" \/><\/figure><\/li><li class=\"blocks-gallery-item\"><figure><img decoding=\"async\" loading=\"lazy\" width=\"1280\" height=\"576\" src=\"https:\/\/ipesco-scr.infd.edu.ar\/sitio\/wp-content\/uploads\/2021\/11\/WhatsApp-Image-2021-11-20-at-14.36.01-2.jpeg\" alt=\"\" data-id=\"4538\" data-full-url=\"https:\/\/ipesco-scr.infd.edu.ar\/sitio\/wp-content\/uploads\/2021\/11\/WhatsApp-Image-2021-11-20-at-14.36.01-2.jpeg\" data-link=\"https:\/\/ipesco-scr.infd.edu.ar\/sitio\/?attachment_id=4538#main\" class=\"wp-image-4538\" srcset=\"https:\/\/ipesco-scr.infd.edu.ar\/sitio\/wp-content\/uploads\/2021\/11\/WhatsApp-Image-2021-11-20-at-14.36.01-2.jpeg 1280w, https:\/\/ipesco-scr.infd.edu.ar\/sitio\/wp-content\/uploads\/2021\/11\/WhatsApp-Image-2021-11-20-at-14.36.01-2-1000x450.jpeg 1000w, https:\/\/ipesco-scr.infd.edu.ar\/sitio\/wp-content\/uploads\/2021\/11\/WhatsApp-Image-2021-11-20-at-14.36.01-2-768x346.jpeg 768w\" sizes=\"(max-width: 1280px) 100vw, 1280px\" \/><\/figure><\/li><li class=\"blocks-gallery-item\"><figure><img decoding=\"async\" loading=\"lazy\" width=\"1280\" height=\"576\" src=\"https:\/\/ipesco-scr.infd.edu.ar\/sitio\/wp-content\/uploads\/2021\/11\/WhatsApp-Image-2021-11-20-at-14.36.01.jpeg\" alt=\"\" data-id=\"4539\" data-full-url=\"https:\/\/ipesco-scr.infd.edu.ar\/sitio\/wp-content\/uploads\/2021\/11\/WhatsApp-Image-2021-11-20-at-14.36.01.jpeg\" data-link=\"https:\/\/ipesco-scr.infd.edu.ar\/sitio\/?attachment_id=4539#main\" class=\"wp-image-4539\" srcset=\"https:\/\/ipesco-scr.infd.edu.ar\/sitio\/wp-content\/uploads\/2021\/11\/WhatsApp-Image-2021-11-20-at-14.36.01.jpeg 1280w, https:\/\/ipesco-scr.infd.edu.ar\/sitio\/wp-content\/uploads\/2021\/11\/WhatsApp-Image-2021-11-20-at-14.36.01-1000x450.jpeg 1000w, https:\/\/ipesco-scr.infd.edu.ar\/sitio\/wp-content\/uploads\/2021\/11\/WhatsApp-Image-2021-11-20-at-14.36.01-768x346.jpeg 768w\" sizes=\"(max-width: 1280px) 100vw, 1280px\" \/><\/figure><\/li><li class=\"blocks-gallery-item\"><figure><img decoding=\"async\" loading=\"lazy\" width=\"1280\" height=\"576\" src=\"https:\/\/ipesco-scr.infd.edu.ar\/sitio\/wp-content\/uploads\/2021\/11\/WhatsApp-Image-2021-11-20-at-14.36.02-1.jpeg\" alt=\"\" data-id=\"4540\" data-full-url=\"https:\/\/ipesco-scr.infd.edu.ar\/sitio\/wp-content\/uploads\/2021\/11\/WhatsApp-Image-2021-11-20-at-14.36.02-1.jpeg\" data-link=\"https:\/\/ipesco-scr.infd.edu.ar\/sitio\/?attachment_id=4540#main\" class=\"wp-image-4540\" srcset=\"https:\/\/ipesco-scr.infd.edu.ar\/sitio\/wp-content\/uploads\/2021\/11\/WhatsApp-Image-2021-11-20-at-14.36.02-1.jpeg 1280w, https:\/\/ipesco-scr.infd.edu.ar\/sitio\/wp-content\/uploads\/2021\/11\/WhatsApp-Image-2021-11-20-at-14.36.02-1-1000x450.jpeg 1000w, https:\/\/ipesco-scr.infd.edu.ar\/sitio\/wp-content\/uploads\/2021\/11\/WhatsApp-Image-2021-11-20-at-14.36.02-1-768x346.jpeg 768w\" sizes=\"(max-width: 1280px) 100vw, 1280px\" \/><\/figure><\/li><li class=\"blocks-gallery-item\"><figure><img decoding=\"async\" loading=\"lazy\" width=\"1280\" height=\"576\" src=\"https:\/\/ipesco-scr.infd.edu.ar\/sitio\/wp-content\/uploads\/2021\/11\/WhatsApp-Image-2021-11-20-at-14.36.02.jpeg\" alt=\"\" data-id=\"4541\" data-full-url=\"https:\/\/ipesco-scr.infd.edu.ar\/sitio\/wp-content\/uploads\/2021\/11\/WhatsApp-Image-2021-11-20-at-14.36.02.jpeg\" data-link=\"https:\/\/ipesco-scr.infd.edu.ar\/sitio\/?attachment_id=4541#main\" class=\"wp-image-4541\" srcset=\"https:\/\/ipesco-scr.infd.edu.ar\/sitio\/wp-content\/uploads\/2021\/11\/WhatsApp-Image-2021-11-20-at-14.36.02.jpeg 1280w, https:\/\/ipesco-scr.infd.edu.ar\/sitio\/wp-content\/uploads\/2021\/11\/WhatsApp-Image-2021-11-20-at-14.36.02-1000x450.jpeg 1000w, https:\/\/ipesco-scr.infd.edu.ar\/sitio\/wp-content\/uploads\/2021\/11\/WhatsApp-Image-2021-11-20-at-14.36.02-768x346.jpeg 768w\" sizes=\"(max-width: 1280px) 100vw, 1280px\" \/><\/figure><\/li><li class=\"blocks-gallery-item\"><figure><img decoding=\"async\" loading=\"lazy\" width=\"1280\" height=\"576\" src=\"https:\/\/ipesco-scr.infd.edu.ar\/sitio\/wp-content\/uploads\/2021\/11\/WhatsApp-Image-2021-11-20-at-14.36.03-1.jpeg\" alt=\"\" data-id=\"4542\" data-full-url=\"https:\/\/ipesco-scr.infd.edu.ar\/sitio\/wp-content\/uploads\/2021\/11\/WhatsApp-Image-2021-11-20-at-14.36.03-1.jpeg\" data-link=\"https:\/\/ipesco-scr.infd.edu.ar\/sitio\/?attachment_id=4542#main\" class=\"wp-image-4542\" srcset=\"https:\/\/ipesco-scr.infd.edu.ar\/sitio\/wp-content\/uploads\/2021\/11\/WhatsApp-Image-2021-11-20-at-14.36.03-1.jpeg 1280w, https:\/\/ipesco-scr.infd.edu.ar\/sitio\/wp-content\/uploads\/2021\/11\/WhatsApp-Image-2021-11-20-at-14.36.03-1-1000x450.jpeg 1000w, https:\/\/ipesco-scr.infd.edu.ar\/sitio\/wp-content\/uploads\/2021\/11\/WhatsApp-Image-2021-11-20-at-14.36.03-1-768x346.jpeg 768w\" sizes=\"(max-width: 1280px) 100vw, 1280px\" \/><\/figure><\/li><li class=\"blocks-gallery-item\"><figure><img decoding=\"async\" loading=\"lazy\" width=\"1280\" height=\"576\" src=\"https:\/\/ipesco-scr.infd.edu.ar\/sitio\/wp-content\/uploads\/2021\/11\/WhatsApp-Image-2021-11-20-at-14.36.00.jpeg\" alt=\"\" data-id=\"4536\" data-full-url=\"https:\/\/ipesco-scr.infd.edu.ar\/sitio\/wp-content\/uploads\/2021\/11\/WhatsApp-Image-2021-11-20-at-14.36.00.jpeg\" data-link=\"https:\/\/ipesco-scr.infd.edu.ar\/sitio\/?attachment_id=4536#main\" class=\"wp-image-4536\" srcset=\"https:\/\/ipesco-scr.infd.edu.ar\/sitio\/wp-content\/uploads\/2021\/11\/WhatsApp-Image-2021-11-20-at-14.36.00.jpeg 1280w, https:\/\/ipesco-scr.infd.edu.ar\/sitio\/wp-content\/uploads\/2021\/11\/WhatsApp-Image-2021-11-20-at-14.36.00-1000x450.jpeg 1000w, https:\/\/ipesco-scr.infd.edu.ar\/sitio\/wp-content\/uploads\/2021\/11\/WhatsApp-Image-2021-11-20-at-14.36.00-768x346.jpeg 768w\" sizes=\"(max-width: 1280px) 100vw, 1280px\" \/><\/figure><\/li><li class=\"blocks-gallery-item\"><figure><img decoding=\"async\" loading=\"lazy\" width=\"1280\" height=\"576\" src=\"https:\/\/ipesco-scr.infd.edu.ar\/sitio\/wp-content\/uploads\/2021\/11\/WhatsApp-Image-2021-11-20-at-14.36.00-2.jpeg\" alt=\"\" data-id=\"4535\" data-full-url=\"https:\/\/ipesco-scr.infd.edu.ar\/sitio\/wp-content\/uploads\/2021\/11\/WhatsApp-Image-2021-11-20-at-14.36.00-2.jpeg\" data-link=\"https:\/\/ipesco-scr.infd.edu.ar\/sitio\/?attachment_id=4535#main\" class=\"wp-image-4535\" srcset=\"https:\/\/ipesco-scr.infd.edu.ar\/sitio\/wp-content\/uploads\/2021\/11\/WhatsApp-Image-2021-11-20-at-14.36.00-2.jpeg 1280w, https:\/\/ipesco-scr.infd.edu.ar\/sitio\/wp-content\/uploads\/2021\/11\/WhatsApp-Image-2021-11-20-at-14.36.00-2-1000x450.jpeg 1000w, https:\/\/ipesco-scr.infd.edu.ar\/sitio\/wp-content\/uploads\/2021\/11\/WhatsApp-Image-2021-11-20-at-14.36.00-2-768x346.jpeg 768w\" sizes=\"(max-width: 1280px) 100vw, 1280px\" \/><\/figure><\/li><li class=\"blocks-gallery-item\"><figure><img decoding=\"async\" loading=\"lazy\" width=\"1280\" height=\"576\" src=\"https:\/\/ipesco-scr.infd.edu.ar\/sitio\/wp-content\/uploads\/2021\/11\/WhatsApp-Image-2021-11-20-at-14.36.00-1.jpeg\" alt=\"\" data-id=\"4534\" data-full-url=\"https:\/\/ipesco-scr.infd.edu.ar\/sitio\/wp-content\/uploads\/2021\/11\/WhatsApp-Image-2021-11-20-at-14.36.00-1.jpeg\" data-link=\"https:\/\/ipesco-scr.infd.edu.ar\/sitio\/?attachment_id=4534#main\" class=\"wp-image-4534\" srcset=\"https:\/\/ipesco-scr.infd.edu.ar\/sitio\/wp-content\/uploads\/2021\/11\/WhatsApp-Image-2021-11-20-at-14.36.00-1.jpeg 1280w, https:\/\/ipesco-scr.infd.edu.ar\/sitio\/wp-content\/uploads\/2021\/11\/WhatsApp-Image-2021-11-20-at-14.36.00-1-1000x450.jpeg 1000w, https:\/\/ipesco-scr.infd.edu.ar\/sitio\/wp-content\/uploads\/2021\/11\/WhatsApp-Image-2021-11-20-at-14.36.00-1-768x346.jpeg 768w\" sizes=\"(max-width: 1280px) 100vw, 1280px\" \/><\/figure><\/li><li class=\"blocks-gallery-item\"><figure><img decoding=\"async\" loading=\"lazy\" width=\"1280\" height=\"576\" src=\"https:\/\/ipesco-scr.infd.edu.ar\/sitio\/wp-content\/uploads\/2021\/11\/WhatsApp-Image-2021-11-20-at-14.35.59.jpeg\" alt=\"\" data-id=\"4533\" data-full-url=\"https:\/\/ipesco-scr.infd.edu.ar\/sitio\/wp-content\/uploads\/2021\/11\/WhatsApp-Image-2021-11-20-at-14.35.59.jpeg\" data-link=\"https:\/\/ipesco-scr.infd.edu.ar\/sitio\/?attachment_id=4533#main\" class=\"wp-image-4533\" srcset=\"https:\/\/ipesco-scr.infd.edu.ar\/sitio\/wp-content\/uploads\/2021\/11\/WhatsApp-Image-2021-11-20-at-14.35.59.jpeg 1280w, https:\/\/ipesco-scr.infd.edu.ar\/sitio\/wp-content\/uploads\/2021\/11\/WhatsApp-Image-2021-11-20-at-14.35.59-1000x450.jpeg 1000w, https:\/\/ipesco-scr.infd.edu.ar\/sitio\/wp-content\/uploads\/2021\/11\/WhatsApp-Image-2021-11-20-at-14.35.59-768x346.jpeg 768w\" sizes=\"(max-width: 1280px) 100vw, 1280px\" \/><\/figure><\/li><li class=\"blocks-gallery-item\"><figure><img decoding=\"async\" loading=\"lazy\" width=\"1280\" height=\"576\" src=\"https:\/\/ipesco-scr.infd.edu.ar\/sitio\/wp-content\/uploads\/2021\/11\/WhatsApp-Image-2021-11-20-at-14.35.59-2.jpeg\" alt=\"\" data-id=\"4532\" data-full-url=\"https:\/\/ipesco-scr.infd.edu.ar\/sitio\/wp-content\/uploads\/2021\/11\/WhatsApp-Image-2021-11-20-at-14.35.59-2.jpeg\" data-link=\"https:\/\/ipesco-scr.infd.edu.ar\/sitio\/?attachment_id=4532#main\" class=\"wp-image-4532\" srcset=\"https:\/\/ipesco-scr.infd.edu.ar\/sitio\/wp-content\/uploads\/2021\/11\/WhatsApp-Image-2021-11-20-at-14.35.59-2.jpeg 1280w, https:\/\/ipesco-scr.infd.edu.ar\/sitio\/wp-content\/uploads\/2021\/11\/WhatsApp-Image-2021-11-20-at-14.35.59-2-1000x450.jpeg 1000w, https:\/\/ipesco-scr.infd.edu.ar\/sitio\/wp-content\/uploads\/2021\/11\/WhatsApp-Image-2021-11-20-at-14.35.59-2-768x346.jpeg 768w\" sizes=\"(max-width: 1280px) 100vw, 1280px\" \/><\/figure><\/li><li class=\"blocks-gallery-item\"><figure><img decoding=\"async\" loading=\"lazy\" width=\"1280\" height=\"576\" src=\"https:\/\/ipesco-scr.infd.edu.ar\/sitio\/wp-content\/uploads\/2021\/11\/WhatsApp-Image-2021-11-20-at-14.35.59-1.jpeg\" alt=\"\" data-id=\"4531\" data-full-url=\"https:\/\/ipesco-scr.infd.edu.ar\/sitio\/wp-content\/uploads\/2021\/11\/WhatsApp-Image-2021-11-20-at-14.35.59-1.jpeg\" data-link=\"https:\/\/ipesco-scr.infd.edu.ar\/sitio\/?attachment_id=4531#main\" class=\"wp-image-4531\" srcset=\"https:\/\/ipesco-scr.infd.edu.ar\/sitio\/wp-content\/uploads\/2021\/11\/WhatsApp-Image-2021-11-20-at-14.35.59-1.jpeg 1280w, https:\/\/ipesco-scr.infd.edu.ar\/sitio\/wp-content\/uploads\/2021\/11\/WhatsApp-Image-2021-11-20-at-14.35.59-1-1000x450.jpeg 1000w, https:\/\/ipesco-scr.infd.edu.ar\/sitio\/wp-content\/uploads\/2021\/11\/WhatsApp-Image-2021-11-20-at-14.35.59-1-768x346.jpeg 768w\" sizes=\"(max-width: 1280px) 100vw, 1280px\" \/><\/figure><\/li><\/ul><\/figure>\n","protected":false},"excerpt":{"rendered":"<p>Con motivo del 120\u00b0 Aniversario de la Ciudad de Caleta Olivia, el Equipo de Gesti\u00f3n, Coordinadores de Carrera, Administrativos, Docentes y Estudiantes, encabezados por los Abanderados de la Instituci\u00f3n, participaron del desfile c\u00edvico-militar realizado en el mediod\u00eda de hoy en las cercan\u00edas de la plaza 20 de noviembre.<\/p>\n","protected":false},"author":1759,"featured_media":4543,"parent":0,"menu_order":0,"comment_status":"closed","ping_status":"closed","template":"","meta":[],"acf":[],"_links":{"self":[{"href":"https:\/\/ipesco-scr.infd.edu.ar\/sitio\/wp-json\/wp\/v2\/pages\/4529"}],"collection":[{"href":"https:\/\/ipesco-scr.infd.edu.ar\/sitio\/wp-json\/wp\/v2\/pages"}],"about":[{"href":"https:\/\/ipesco-scr.infd.edu.ar\/sitio\/wp-json\/wp\/v2\/types\/page"}],"author":[{"embeddable":true,"href":"https:\/\/ipesco-scr.infd.edu.ar\/sitio\/wp-json\/wp\/v2\/users\/1759"}],"replies":[{"embeddable":true,"href":"https:\/\/ipesco-scr.infd.edu.ar\/sitio\/wp-json\/wp\/v2\/comments?post=4529"}],"version-history":[{"count":3,"href":"https:\/\/ipesco-scr.infd.edu.ar\/sitio\/wp-json\/wp\/v2\/pages\/4529\/revisions"}],"predecessor-version":[{"id":4550,"href":"https:\/\/ipesco-scr.infd.edu.ar\/sitio\/wp-json\/wp\/v2\/pages\/4529\/revisions\/4550"}],"wp:featuredmedia":[{"embeddable":true,"href":"https:\/\/ipesco-scr.infd.edu.ar\/sitio\/wp-json\/wp\/v2\/media\/4543"}],"wp:attachment":[{"href":"https:\/\/ipesco-scr.infd.edu.ar\/sitio\/wp-json\/wp\/v2\/media?parent=4529"}],"curies":[{"name":"wp","href":"https:\/\/api.w.org\/{rel}","templated":true}]}}