{"id":4893,"date":"2024-03-11T12:31:10","date_gmt":"2024-03-11T15:31:10","guid":{"rendered":"https:\/\/ipesco-scr.infd.edu.ar\/sitio\/?page_id=4893"},"modified":"2024-03-11T12:31:11","modified_gmt":"2024-03-11T15:31:11","slug":"semana-del-alumno-ingresante","status":"publish","type":"page","link":"https:\/\/ipesco-scr.infd.edu.ar\/sitio\/semana-del-alumno-ingresante\/","title":{"rendered":"TALLER DE INGRESANTES DEL 11 AL 15 DE MARZO"},"content":{"rendered":"\n<p class=\"has-text-align-center has-text-color has-background has-medium-font-size\" style=\"color:#1f3cbf;background-color:#f3f740\"><strong>INGRESANTES COHORTE 2024 &#8211; CRONOGRAMA DE ACTIVIDADES POR CARRERA<\/strong><\/p>\n\n\n\n<p>El Instituto Provincial de Educaci\u00f3n Superior Sede Caleta Olivia comunica que dar\u00e1 inicio <em>EL TALLER DE INGRESANTES <\/em>para estudiantes inscriptos a 1\u00b0 a\u00f1o de todos los profesorados.<\/p>\n\n\n\n<p>Comenzar\u00e1 hoy lunes 11, y se extender\u00e1 hasta el viernes 15 de marzo inclusive.  Todos los talleres comenzar\u00e1n a las 19 horas, a excepci\u00f3n del d\u00eda viernes (consultar cronograma).  La distribuci\u00f3n ser\u00e1 en distintos edificios.  A continuaci\u00f3n, se presentan los cronogramas de actividades de cada carrera.<\/p>\n\n\n\n<p><strong>CRONOGRAMA DE ACTIVIDADES POR CARRERA<\/strong><\/p>\n\n\n\n<p class=\"has-text-align-center has-text-color has-background has-medium-font-size\" style=\"color:#1f3cbf;background-color:#f3f740\"><strong>PROFESORADO DE ARTES VISUALES<\/strong> <strong>&#8211; EPP N\u00b0 65<\/strong> &#8211; (ingreso por Colegio N\u00b0 20 &#8211; B\u00b0 Los Pinos)<\/p>\n\n\n\n<div class=\"wp-block-file\"><object class=\"wp-block-file__embed\" data=\"https:\/\/ipesco-scr.infd.edu.ar\/sitio\/wp-content\/uploads\/2024\/03\/PAV-SEMANA-INGRESANTE-2024.pdf\" type=\"application\/pdf\" style=\"width:100%;height:300px\" aria-label=\"Incrustado de PAV-SEMANA-INGRESANTE-2024.\"><\/object><a id=\"wp-block-file--media-38b30c85-485e-42e6-b088-790d8243ccfc\" href=\"https:\/\/ipesco-scr.infd.edu.ar\/sitio\/wp-content\/uploads\/2024\/03\/PAV-SEMANA-INGRESANTE-2024.pdf\" target=\"_blank\" rel=\"noreferrer noopener\">PAV-SEMANA-INGRESANTE-2024<\/a><a href=\"https:\/\/ipesco-scr.infd.edu.ar\/sitio\/wp-content\/uploads\/2024\/03\/PAV-SEMANA-INGRESANTE-2024.pdf\" class=\"wp-block-file__button wp-element-button\" download aria-describedby=\"wp-block-file--media-38b30c85-485e-42e6-b088-790d8243ccfc\">Descarga<\/a><\/div>\n\n\n\n<hr class=\"wp-block-separator has-alpha-channel-opacity\"\/>\n\n\n\n<p class=\"has-text-align-center has-text-color has-background has-medium-font-size\" style=\"color:#1f3cbf;background-color:#f3f740\"><strong>PROFESORADO DE EDUCACI\u00d3N ESPECIAL<\/strong> <strong>&#8211; Colegio N\u00b0 20<\/strong> (B\u00b0 Los Pinos)<\/p>\n\n\n\n<div class=\"wp-block-file\"><object class=\"wp-block-file__embed\" data=\"https:\/\/ipesco-scr.infd.edu.ar\/sitio\/wp-content\/uploads\/2024\/03\/PEE-SEMANA-INGRESANTE-2024.pdf\" type=\"application\/pdf\" style=\"width:100%;height:300px\" aria-label=\"Incrustado de PEE-SEMANA-INGRESANTE-2024.\"><\/object><a id=\"wp-block-file--media-711e75d0-73c5-48fc-a750-697177262897\" href=\"https:\/\/ipesco-scr.infd.edu.ar\/sitio\/wp-content\/uploads\/2024\/03\/PEE-SEMANA-INGRESANTE-2024.pdf\" target=\"_blank\" rel=\"noreferrer noopener\">PEE-SEMANA-INGRESANTE-2024<\/a><a href=\"https:\/\/ipesco-scr.infd.edu.ar\/sitio\/wp-content\/uploads\/2024\/03\/PEE-SEMANA-INGRESANTE-2024.pdf\" class=\"wp-block-file__button wp-element-button\" download aria-describedby=\"wp-block-file--media-711e75d0-73c5-48fc-a750-697177262897\">Descarga<\/a><\/div>\n\n\n\n<hr class=\"wp-block-separator has-alpha-channel-opacity\"\/>\n\n\n\n<p class=\"has-text-align-center has-text-color has-background has-medium-font-size\" style=\"color:#1f3cbf;background-color:#f3f740\"><strong>PROFESORADO DE EDUCACI\u00d3N SECUNDARIA EN LENGUA Y LITERATURA<\/strong> &#8211; <strong>EPP N\u00b074<\/strong> (B\u00b0 Mirador)<\/p>\n\n\n\n<div class=\"wp-block-file\"><object class=\"wp-block-file__embed\" data=\"https:\/\/ipesco-scr.infd.edu.ar\/sitio\/wp-content\/uploads\/2024\/03\/PLyL-SEMANA-INGRESANTES-2024.pdf\" type=\"application\/pdf\" style=\"width:100%;height:300px\" aria-label=\"Incrustado de PLyL-SEMANA-INGRESANTES-2024.\"><\/object><a id=\"wp-block-file--media-3867a4c3-7f17-4245-881c-f23fd02376d3\" href=\"https:\/\/ipesco-scr.infd.edu.ar\/sitio\/wp-content\/uploads\/2024\/03\/PLyL-SEMANA-INGRESANTES-2024.pdf\" target=\"_blank\" rel=\"noreferrer noopener\">PLyL-SEMANA-INGRESANTES-2024<\/a><a href=\"https:\/\/ipesco-scr.infd.edu.ar\/sitio\/wp-content\/uploads\/2024\/03\/PLyL-SEMANA-INGRESANTES-2024.pdf\" class=\"wp-block-file__button wp-element-button\" download aria-describedby=\"wp-block-file--media-3867a4c3-7f17-4245-881c-f23fd02376d3\">Descarga<\/a><\/div>\n\n\n\n<hr class=\"wp-block-separator has-alpha-channel-opacity\"\/>\n\n\n\n<p class=\"has-text-align-center has-text-color has-background has-medium-font-size\" style=\"color:#1f3cbf;background-color:#f3f740\"><strong>PROFESORADO DE INGL\u00c9S<\/strong> &#8211; <strong>EPP N\u00b074<\/strong> (B\u00b0 Mirador)<\/p>\n\n\n\n<div class=\"wp-block-file\"><object class=\"wp-block-file__embed\" data=\"https:\/\/ipesco-scr.infd.edu.ar\/sitio\/wp-content\/uploads\/2024\/03\/PI-SEMANA-INGRESANTES-2024.pdf\" type=\"application\/pdf\" style=\"width:100%;height:300px\" aria-label=\"Incrustado de PI-SEMANA-INGRESANTES-2024.\"><\/object><a id=\"wp-block-file--media-e22fc88c-21c1-47f9-b18d-b2cfde3245f6\" href=\"https:\/\/ipesco-scr.infd.edu.ar\/sitio\/wp-content\/uploads\/2024\/03\/PI-SEMANA-INGRESANTES-2024.pdf\" target=\"_blank\" rel=\"noreferrer noopener\">PI-SEMANA-INGRESANTES-2024<\/a><a href=\"https:\/\/ipesco-scr.infd.edu.ar\/sitio\/wp-content\/uploads\/2024\/03\/PI-SEMANA-INGRESANTES-2024.pdf\" class=\"wp-block-file__button wp-element-button\" download aria-describedby=\"wp-block-file--media-e22fc88c-21c1-47f9-b18d-b2cfde3245f6\">Descarga<\/a><\/div>\n\n\n\n<hr class=\"wp-block-separator has-alpha-channel-opacity\"\/>\n\n\n\n<p class=\"has-text-align-center has-text-color has-background has-medium-font-size\" style=\"color:#1f3cbf;background-color:#f3f740\"><strong>PROFESORADO DE M\u00daSICA<\/strong> <strong>EPP N\u00b0 65<\/strong> &#8211; (ingreso por Colegio N\u00b0 20 &#8211; B\u00b0 Los Pinos)<\/p>\n\n\n\n<div class=\"wp-block-file\"><object class=\"wp-block-file__embed\" data=\"https:\/\/ipesco-scr.infd.edu.ar\/sitio\/wp-content\/uploads\/2024\/03\/PM-SEMANA-DEL-INGRESANTE-2024-1.pdf\" type=\"application\/pdf\" style=\"width:100%;height:300px\" aria-label=\"Incrustado de PM-SEMANA-DEL-INGRESANTE-2024-1.\"><\/object><a id=\"wp-block-file--media-33355074-f88c-4561-874d-6be0561b08f9\" href=\"https:\/\/ipesco-scr.infd.edu.ar\/sitio\/wp-content\/uploads\/2024\/03\/PM-SEMANA-DEL-INGRESANTE-2024-1.pdf\" target=\"_blank\" rel=\"noreferrer noopener\">PM-SEMANA-DEL-INGRESANTE-2024-1<\/a><a href=\"https:\/\/ipesco-scr.infd.edu.ar\/sitio\/wp-content\/uploads\/2024\/03\/PM-SEMANA-DEL-INGRESANTE-2024-1.pdf\" class=\"wp-block-file__button wp-element-button\" download aria-describedby=\"wp-block-file--media-33355074-f88c-4561-874d-6be0561b08f9\">Descarga<\/a><\/div>\n\n\n\n<pre class=\"wp-block-preformatted has-base-3-color has-contrast-background-color has-text-color has-background has-medium-font-size\"><strong><em>INGRESANTES AL PROFESORADO DE M\u00daSICA - TRAER ARCHIVOS RAM Y RAI <\/em><\/strong><\/pre>\n\n\n\n<div class=\"wp-block-file\"><object class=\"wp-block-file__embed\" data=\"https:\/\/ipesco-scr.infd.edu.ar\/sitio\/wp-content\/uploads\/2024\/03\/RAM-Acdo.248-10_C.P.E.pdf\" type=\"application\/pdf\" style=\"width:100%;height:300px\" aria-label=\"Incrustado de RAM-Acdo.248-10_C.P.E.\"><\/object><a id=\"wp-block-file--media-b86b17c7-9c55-485c-bae1-88fc50078a66\" href=\"https:\/\/ipesco-scr.infd.edu.ar\/sitio\/wp-content\/uploads\/2024\/03\/RAM-Acdo.248-10_C.P.E.pdf\" target=\"_blank\" rel=\"noreferrer noopener\">RAM-Acdo.248-10_C.P.E<\/a><a href=\"https:\/\/ipesco-scr.infd.edu.ar\/sitio\/wp-content\/uploads\/2024\/03\/RAM-Acdo.248-10_C.P.E.pdf\" class=\"wp-block-file__button wp-element-button\" download aria-describedby=\"wp-block-file--media-b86b17c7-9c55-485c-bae1-88fc50078a66\">Descarga<\/a><\/div>\n\n\n\n<hr class=\"wp-block-separator has-alpha-channel-opacity\"\/>\n\n\n\n<div class=\"wp-block-file\"><object class=\"wp-block-file__embed\" data=\"https:\/\/ipesco-scr.infd.edu.ar\/sitio\/wp-content\/uploads\/2024\/03\/RAI-Disp.Int_.039-11_D.P.E.S.pdf\" type=\"application\/pdf\" style=\"width:100%;height:300px\" aria-label=\"Incrustado de RAI-Disp.Int_.039-11_D.P.E.S.\"><\/object><a id=\"wp-block-file--media-788792d3-36bf-4621-8254-b3fdecd5f7bc\" href=\"https:\/\/ipesco-scr.infd.edu.ar\/sitio\/wp-content\/uploads\/2024\/03\/RAI-Disp.Int_.039-11_D.P.E.S.pdf\" target=\"_blank\" rel=\"noreferrer noopener\">RAI-Disp.Int_.039-11_D.P.E.S<\/a><a href=\"https:\/\/ipesco-scr.infd.edu.ar\/sitio\/wp-content\/uploads\/2024\/03\/RAI-Disp.Int_.039-11_D.P.E.S.pdf\" class=\"wp-block-file__button wp-element-button\" download aria-describedby=\"wp-block-file--media-788792d3-36bf-4621-8254-b3fdecd5f7bc\">Descarga<\/a><\/div>\n\n\n\n<hr class=\"wp-block-separator has-alpha-channel-opacity\"\/>\n","protected":false},"excerpt":{"rendered":"<p>INGRESANTES COHORTE 2024 &#8211; CRONOGRAMA DE ACTIVIDADES POR CARRERA El Instituto Provincial de Educaci\u00f3n Superior Sede Caleta Olivia comunica que dar\u00e1 inicio EL TALLER DE INGRESANTES para estudiantes inscriptos a 1\u00b0 a\u00f1o de todos los profesorados. Comenzar\u00e1 hoy lunes 11, y se extender\u00e1 hasta el viernes 15 de marzo inclusive. Todos los talleres comenzar\u00e1n a &#8230; <a title=\"TALLER DE INGRESANTES DEL 11 AL 15 DE MARZO\" class=\"read-more\" href=\"https:\/\/ipesco-scr.infd.edu.ar\/sitio\/semana-del-alumno-ingresante\/\" aria-label=\"More on TALLER DE INGRESANTES DEL 11 AL 15 DE MARZO\">[+]<\/a><\/p>\n","protected":false},"author":1759,"featured_media":0,"parent":0,"menu_order":0,"comment_status":"closed","ping_status":"closed","template":"","meta":[],"acf":[],"_links":{"self":[{"href":"https:\/\/ipesco-scr.infd.edu.ar\/sitio\/wp-json\/wp\/v2\/pages\/4893"}],"collection":[{"href":"https:\/\/ipesco-scr.infd.edu.ar\/sitio\/wp-json\/wp\/v2\/pages"}],"about":[{"href":"https:\/\/ipesco-scr.infd.edu.ar\/sitio\/wp-json\/wp\/v2\/types\/page"}],"author":[{"embeddable":true,"href":"https:\/\/ipesco-scr.infd.edu.ar\/sitio\/wp-json\/wp\/v2\/users\/1759"}],"replies":[{"embeddable":true,"href":"https:\/\/ipesco-scr.infd.edu.ar\/sitio\/wp-json\/wp\/v2\/comments?post=4893"}],"version-history":[{"count":18,"href":"https:\/\/ipesco-scr.infd.edu.ar\/sitio\/wp-json\/wp\/v2\/pages\/4893\/revisions"}],"predecessor-version":[{"id":7614,"href":"https:\/\/ipesco-scr.infd.edu.ar\/sitio\/wp-json\/wp\/v2\/pages\/4893\/revisions\/7614"}],"wp:attachment":[{"href":"https:\/\/ipesco-scr.infd.edu.ar\/sitio\/wp-json\/wp\/v2\/media?parent=4893"}],"curies":[{"name":"wp","href":"https:\/\/api.w.org\/{rel}","templated":true}]}}