{"id":5069,"date":"2022-04-07T21:17:15","date_gmt":"2022-04-08T00:17:15","guid":{"rendered":"https:\/\/ipesco-scr.infd.edu.ar\/sitio\/?page_id=5069"},"modified":"2022-04-07T21:18:50","modified_gmt":"2022-04-08T00:18:50","slug":"alumnos-ingresantes-2022","status":"publish","type":"page","link":"https:\/\/ipesco-scr.infd.edu.ar\/sitio\/alumnos-ingresantes-2022\/","title":{"rendered":"Campus virtual &#8211; formulario para ingresantes"},"content":{"rendered":"\n<p>Si es ingresante 2022 y no ha estudiado anteriormente en el IPES-CO, por lo tanto, no tiene un usuario para ingresar al campus virtual, por favor, complete a la brevedad el formulario correspondiente a su carrera para que sea dado de alta en las aulas virtuales correspondientes.  <\/p>\n\n\n\n<div class=\"wp-block-columns is-layout-flex wp-container-4\">\n<div class=\"wp-block-column is-layout-flow\">\n<p class=\"has-text-align-center\"><span class=\"has-inline-color has-luminous-vivid-orange-color\"><strong><a href=\"https:\/\/forms.gle\/VWtfnvsiM89PT8ty9\" data-type=\"URL\" data-id=\"https:\/\/forms.gle\/VWtfnvsiM89PT8ty9\" target=\"_blank\" rel=\"noreferrer noopener\">Profesorado de Artes Visuales<\/a><\/strong><\/span><\/p>\n<\/div>\n\n\n\n<div class=\"wp-block-column is-layout-flow\">\n<p class=\"has-text-align-center\"><strong><span class=\"has-inline-color has-luminous-vivid-orange-color\"><a href=\"https:\/\/forms.gle\/4qp7W7RcLLSd6Qj76\" data-type=\"URL\" data-id=\"https:\/\/forms.gle\/4qp7W7RcLLSd6Qj76\" target=\"_blank\" rel=\"noreferrer noopener\">Profesorado de M\u00fasica<\/a><\/span><\/strong><\/p>\n<\/div>\n\n\n\n<div class=\"wp-block-column is-layout-flow\">\n<p class=\"has-text-align-center\"><strong><span class=\"has-inline-color has-luminous-vivid-orange-color\"><a href=\"https:\/\/forms.gle\/2K3sf2QYqXe66Hqc7\" data-type=\"URL\" data-id=\"https:\/\/forms.gle\/2K3sf2QYqXe66Hqc7\" target=\"_blank\" rel=\"noreferrer noopener\">Profesorado de Ingl\u00e9s<\/a><\/span><\/strong><\/p>\n<\/div>\n<\/div>\n\n\n\n<div class=\"wp-block-columns is-layout-flex wp-container-8\">\n<div class=\"wp-block-column is-layout-flow\">\n<p class=\"has-text-align-center\"><strong><a href=\"https:\/\/forms.gle\/gk9S9XFJ6WxuJXXn9\" data-type=\"URL\" data-id=\"https:\/\/forms.gle\/gk9S9XFJ6WxuJXXn9\" target=\"_blank\" rel=\"noreferrer noopener\">Profesorado de Educaci\u00f3n Especial con orientaci\u00f3n en Discapacidad Intelectual<\/a><\/strong><\/p>\n<\/div>\n\n\n\n<div class=\"wp-block-column is-layout-flow\">\n<p class=\"has-text-align-center\"><a href=\"https:\/\/forms.gle\/W9gHyXYTJH59QfXj6\" data-type=\"URL\" data-id=\"https:\/\/forms.gle\/W9gHyXYTJH59QfXj6\" target=\"_blank\" rel=\"noreferrer noopener\"><strong>Profesorado de Educaci\u00f3n Especial con orientaci\u00f3n en Sordos e Hipoac\u00fasicos<\/strong><\/a><\/p>\n<\/div>\n\n\n\n<div class=\"wp-block-column is-layout-flow\">\n<p><strong><a href=\"https:\/\/forms.gle\/sBJAxZSdsB8JVvwTA\" data-type=\"URL\" data-id=\"https:\/\/forms.gle\/sBJAxZSdsB8JVvwTA\" target=\"_blank\" rel=\"noreferrer noopener\">Profesorado de Educaci\u00f3n Secundaria en Lengua y Literatura<\/a><\/strong><\/p>\n<\/div>\n<\/div>\n\n\n\n<hr class=\"wp-block-separator\"\/>\n\n\n\n<p><\/p>\n","protected":false},"excerpt":{"rendered":"<p>Si es ingresante 2022 y no ha estudiado anteriormente en el IPES-CO, por lo tanto, no tiene un usuario para ingresar al campus virtual, por favor, complete a la brevedad el formulario correspondiente a su carrera para que sea dado de alta en las aulas virtuales correspondientes. Profesorado de Artes Visuales Profesorado de M\u00fasica Profesorado &#8230; <a title=\"Campus virtual &#8211; formulario para ingresantes\" class=\"read-more\" href=\"https:\/\/ipesco-scr.infd.edu.ar\/sitio\/alumnos-ingresantes-2022\/\" aria-label=\"More on Campus virtual &#8211; formulario para ingresantes\">[+]<\/a><\/p>\n","protected":false},"author":1759,"featured_media":0,"parent":0,"menu_order":0,"comment_status":"closed","ping_status":"closed","template":"","meta":[],"acf":[],"_links":{"self":[{"href":"https:\/\/ipesco-scr.infd.edu.ar\/sitio\/wp-json\/wp\/v2\/pages\/5069"}],"collection":[{"href":"https:\/\/ipesco-scr.infd.edu.ar\/sitio\/wp-json\/wp\/v2\/pages"}],"about":[{"href":"https:\/\/ipesco-scr.infd.edu.ar\/sitio\/wp-json\/wp\/v2\/types\/page"}],"author":[{"embeddable":true,"href":"https:\/\/ipesco-scr.infd.edu.ar\/sitio\/wp-json\/wp\/v2\/users\/1759"}],"replies":[{"embeddable":true,"href":"https:\/\/ipesco-scr.infd.edu.ar\/sitio\/wp-json\/wp\/v2\/comments?post=5069"}],"version-history":[{"count":4,"href":"https:\/\/ipesco-scr.infd.edu.ar\/sitio\/wp-json\/wp\/v2\/pages\/5069\/revisions"}],"predecessor-version":[{"id":5074,"href":"https:\/\/ipesco-scr.infd.edu.ar\/sitio\/wp-json\/wp\/v2\/pages\/5069\/revisions\/5074"}],"wp:attachment":[{"href":"https:\/\/ipesco-scr.infd.edu.ar\/sitio\/wp-json\/wp\/v2\/media?parent=5069"}],"curies":[{"name":"wp","href":"https:\/\/api.w.org\/{rel}","templated":true}]}}