{"id":5077,"date":"2023-03-16T11:31:00","date_gmt":"2023-03-16T14:31:00","guid":{"rendered":"https:\/\/ipesco-scr.infd.edu.ar\/sitio\/?page_id=5077"},"modified":"2024-03-09T11:31:22","modified_gmt":"2024-03-09T14:31:22","slug":"egresados","status":"publish","type":"page","link":"https:\/\/ipesco-scr.infd.edu.ar\/sitio\/egresados\/","title":{"rendered":"EGRESADOS"},"content":{"rendered":"\n<pre class=\"wp-block-preformatted has-base-3-color has-midnight-gradient-background has-text-color has-background has-large-font-size\"><strong><em>T\u00edtulos<\/em><\/strong><\/pre>\n\n\n\n<p>Se encuentran disponibles los t\u00edtulos de grado para ser retirados en instalaciones del IPES-CO, sito en el Complejo Educativo Los Pinos.<\/p>\n\n\n\n<p><mark style=\"background-color:rgba(0, 0, 0, 0)\" class=\"has-inline-color has-vivid-cyan-blue-color\"><strong><kbd>D<\/kbd>\u00edas y horario para retirar:<\/strong><\/mark> lunes a viernes de 18.30 a 22.30 horas.  Acudir con lapicera negra personal para firmar el Libro Matriz correspondiente.<\/p>\n\n\n\n<p><strong><span class=\"has-inline-color has-vivid-cyan-blue-color\">Retiro con autorizaci\u00f3n:<\/span><\/strong> as\u00ed mismo, ante la necesidad justificada de enviar a una persona para retirar el t\u00edtulo, se solicita que la misma acuda con una autorizaci\u00f3n del\/la graduado\/a autenticada ante Juez de Paz o Escribano, acompa\u00f1ada de la fotocopia del DNI de la persona que retira para acreditar identidad.<\/p>\n\n\n\n<p><strong><mark style=\"background-color:rgba(0, 0, 0, 0)\" class=\"has-inline-color has-vivid-cyan-blue-color\">Ante cualquier consulta: <\/mark><\/strong>comunicarse al correo institucional <em><strong>ipescaletaolivia@gmail.com <\/strong><\/em><\/p>\n\n\n\n<div class=\"wp-block-file\"><object class=\"wp-block-file__embed\" data=\"https:\/\/ipesco-scr.infd.edu.ar\/sitio\/wp-content\/uploads\/2023\/03\/Listado-de-titulos-para-retirar-15-03-23.pdf\" type=\"application\/pdf\" style=\"width:100%;height:600px\" aria-label=\"Incrustado de Listado-de-titulos-para-retirar-15-03-23.\"><\/object><a id=\"wp-block-file--media-f7be13c3-9800-450d-91d7-001a671bb964\" href=\"https:\/\/ipesco-scr.infd.edu.ar\/sitio\/wp-content\/uploads\/2023\/03\/Listado-de-titulos-para-retirar-15-03-23.pdf\">Listado-de-titulos-para-retirar-15-03-23<\/a><a href=\"https:\/\/ipesco-scr.infd.edu.ar\/sitio\/wp-content\/uploads\/2023\/03\/Listado-de-titulos-para-retirar-15-03-23.pdf\" class=\"wp-block-file__button wp-element-button\" download aria-describedby=\"wp-block-file--media-f7be13c3-9800-450d-91d7-001a671bb964\">Descarga<\/a><\/div>\n\n\n\n<hr class=\"wp-block-separator has-css-opacity\"\/>\n\n\n\n<p><\/p>\n","protected":false},"excerpt":{"rendered":"<p>T\u00edtulos Se encuentran disponibles los t\u00edtulos de grado para ser retirados en instalaciones del IPES-CO, sito en el Complejo Educativo Los Pinos. D\u00edas y horario para retirar: lunes a viernes de 18.30 a 22.30 horas. Acudir con lapicera negra personal para firmar el Libro Matriz correspondiente. Retiro con autorizaci\u00f3n: as\u00ed mismo, ante la necesidad justificada &#8230; <a title=\"EGRESADOS\" class=\"read-more\" href=\"https:\/\/ipesco-scr.infd.edu.ar\/sitio\/egresados\/\" aria-label=\"More on EGRESADOS\">[+]<\/a><\/p>\n","protected":false},"author":1759,"featured_media":0,"parent":0,"menu_order":0,"comment_status":"closed","ping_status":"closed","template":"","meta":[],"acf":[],"_links":{"self":[{"href":"https:\/\/ipesco-scr.infd.edu.ar\/sitio\/wp-json\/wp\/v2\/pages\/5077"}],"collection":[{"href":"https:\/\/ipesco-scr.infd.edu.ar\/sitio\/wp-json\/wp\/v2\/pages"}],"about":[{"href":"https:\/\/ipesco-scr.infd.edu.ar\/sitio\/wp-json\/wp\/v2\/types\/page"}],"author":[{"embeddable":true,"href":"https:\/\/ipesco-scr.infd.edu.ar\/sitio\/wp-json\/wp\/v2\/users\/1759"}],"replies":[{"embeddable":true,"href":"https:\/\/ipesco-scr.infd.edu.ar\/sitio\/wp-json\/wp\/v2\/comments?post=5077"}],"version-history":[{"count":17,"href":"https:\/\/ipesco-scr.infd.edu.ar\/sitio\/wp-json\/wp\/v2\/pages\/5077\/revisions"}],"predecessor-version":[{"id":7592,"href":"https:\/\/ipesco-scr.infd.edu.ar\/sitio\/wp-json\/wp\/v2\/pages\/5077\/revisions\/7592"}],"wp:attachment":[{"href":"https:\/\/ipesco-scr.infd.edu.ar\/sitio\/wp-json\/wp\/v2\/media?parent=5077"}],"curies":[{"name":"wp","href":"https:\/\/api.w.org\/{rel}","templated":true}]}}