{"id":5705,"date":"2022-11-02T21:43:00","date_gmt":"2022-11-03T00:43:00","guid":{"rendered":"https:\/\/ipesco-scr.infd.edu.ar\/sitio\/?page_id=5705"},"modified":"2025-02-12T20:35:49","modified_gmt":"2025-02-12T23:35:49","slug":"formularios-de-inscripcion","status":"publish","type":"page","link":"https:\/\/ipesco-scr.infd.edu.ar\/sitio\/formularios-de-inscripcion\/","title":{"rendered":"FORMULARIOS DE INSCRIPCI\u00d3N"},"content":{"rendered":"\n<pre id=\"block-9701215b-2782-4dbf-91df-f2c59f9ff442\" class=\"wp-block-preformatted has-contrast-color has-light-green-cyan-to-vivid-green-cyan-gradient-background has-text-color has-background\"><strong>El R\u00c9GIMEN ACAD\u00c9MICO MARCO (RAM) Acuerdo CPE N\u00b0 248\/10 se desarroll\u00f3 en el marco de los fines y objetivos de la Pol\u00edtica Nacional y Provincial, garantizando a todos los\/as interesados\/as, el ingreso, permanencia y el pertinente egreso de la Educaci\u00f3n Superior.\nEn su Cap\u00edtulo II: Del Ingreso e Inscripciones, especifica qui\u00e9nes podr\u00e1n ingresar como alumnos a los Institutos de Educaci\u00f3n Superior.<\/strong><\/pre>\n\n\n\n<p class=\"has-contrast-color has-text-color has-medium-font-size\"><em><span><b>A conti<\/b><\/span><strong>nuaci\u00f3n, se presentan las caracter\u00edsticas de cada una de las posibilidades de INGRESO AL IPES-CO. Cualquiera sea su caso, deber\u00e1 DESCARGAR EL FORMULARIO DE INSCRIPCI\u00d3N correspondiente, en formato PDF, imprimirlo en hoja tama\u00f1o legal\/oficio y completar toda la informaci\u00f3n solicitada en letra imprenta para su presentaci\u00f3n junto al resto de la documentaci\u00f3n requerida<\/strong><\/em><strong><em>, y de esta manera, estar\u00e1 completa su inscripci\u00f3n<\/em><\/strong>.<\/p>\n\n\n\n<div class=\"wp-block-columns is-layout-flex wp-container-4\">\n<div class=\"wp-block-column is-layout-flow\">\n<pre class=\"wp-block-preformatted\"><mark style=\"background-color:rgba(0, 0, 0, 0)\" class=\"has-inline-color has-vivid-cyan-blue-color\"><strong>ALUMNO REGULAR<\/strong><\/mark><\/pre>\n<\/div>\n\n\n\n<div class=\"wp-block-column is-vertically-aligned-center is-layout-flow\">\n<pre class=\"wp-block-preformatted\"><strong><span class=\"has-inline-color has-vivid-cyan-blue-color\">ALUMNO CONDICIONAL<\/span><\/strong><\/pre>\n<\/div>\n\n\n\n<div class=\"wp-block-column is-layout-flow\">\n<pre class=\"wp-block-preformatted\"><strong><mark style=\"background-color:rgba(0, 0, 0, 0)\" class=\"has-inline-color has-vivid-cyan-blue-color\">INGRESANTE POR ART\u00cdCULO 7\u00b0<\/mark><\/strong> - postulaci\u00f3n cerrada al 1\u00b0 de marzo<\/pre>\n<\/div>\n<\/div>\n\n\n\n<div class=\"wp-block-columns is-layout-flex wp-container-8\">\n<div class=\"wp-block-column is-layout-flow\">\n<p><em><strong>Art\u00edculo 1\u00b0:<\/strong>&nbsp;Podr\u00e1n ingresar como alumnos a los Institutos de Educaci\u00f3n Superior, quienes acrediten la aprobaci\u00f3n del Nivel Secundario o Polimodal en cualquiera de sus modalidades o un t\u00edtulo superior.<\/em><\/p>\n<\/div>\n\n\n\n<div class=\"wp-block-column is-layout-flow\">\n<p><em><strong>Art\u00edculo 2\u00b0:<\/strong>&nbsp;Podr\u00e1n ingresar como alumnos condicionales a los Institutos de Educaci\u00f3n Superior quienes adeuden espacios curriculares del Nivel Secundario o Polimodal, debiendo aprobar dichos espacios al finalizar la primera instancia complementaria para la acreditaci\u00f3n en el ciclo lectivo inscripto. &nbsp;<\/em><\/p>\n\n\n\n<p>(No deber\u00e1 adeudar materias al 31\/07\/24).<\/p>\n<\/div>\n\n\n\n<div class=\"wp-block-column is-layout-flow\">\n<p><em><strong>Art\u00edculo 3\u00b0:<\/strong>&nbsp;En concordancia con las leyes nacionales vigentes sobre la materia, los mayores de 25 a\u00f1os que no hayan finalizado los estudios de Nivel Secundario\/Polimodal podr\u00e1n ingresar siempre que demuestren, a trav\u00e9s de una evaluaci\u00f3n al efecto, que tienen la preparaci\u00f3n acad\u00e9mica y\/o experiencia laboral acorde con los estudios que se proponen iniciar, as\u00ed como aptitudes y conocimientos suficientes para cursarlos satisfactoriamente, en la Instituci\u00f3n donde se inscriba.<\/em><\/p>\n<\/div>\n<\/div>\n\n\n\n<div class=\"wp-block-columns is-layout-flex wp-container-12\">\n<div class=\"wp-block-column is-layout-flow\">\n<p class=\"has-contrast-color has-electric-grass-gradient-background has-text-color has-background\"><em><strong>CLIC sobre el formulario para descargar<\/strong><\/em><\/p>\n<\/div>\n\n\n\n<div class=\"wp-block-column is-layout-flow\">\n<p class=\"has-contrast-color has-electric-grass-gradient-background has-text-color has-background\"><strong><em>CLIC sobre el formulario para descargar<\/em><\/strong><\/p>\n<\/div>\n\n\n\n<div class=\"wp-block-column is-layout-flow\">\n<p class=\"has-contrast-color has-electric-grass-gradient-background has-text-color has-background\"><strong><em>CLIC sobre el formulario para descargar<\/em><\/strong><\/p>\n<\/div>\n<\/div>\n\n\n\n<div class=\"wp-block-columns is-layout-flex wp-container-16\">\n<div class=\"wp-block-column is-layout-flow\">\n<figure class=\"wp-block-image size-large\"><a href=\"https:\/\/ipesco-scr.infd.edu.ar\/sitio\/tipos-de-formulario-de-inscripcion\/upload\/Inscripcion_Regular_1.pdf\" target=\"_blank\" rel=\"noopener\"><img decoding=\"async\" loading=\"lazy\" width=\"542\" height=\"972\" src=\"https:\/\/ipesco-scr.infd.edu.ar\/sitio\/wp-content\/uploads\/2022\/11\/ALUMNO-REGULAR.jpg\" alt=\"\" class=\"wp-image-5712\"\/><\/a><\/figure>\n<\/div>\n\n\n\n<div class=\"wp-block-column is-layout-flow\">\n<figure class=\"wp-block-image size-large is-resized is-style-default\"><a href=\"https:\/\/ipesco-scr.infd.edu.ar\/sitio\/tipos-de-formulario-de-inscripcion\/upload\/Inscripcion_Condicional_2.pdf\" target=\"_blank\" rel=\"noopener\"><img decoding=\"async\" loading=\"lazy\" src=\"https:\/\/ipesco-scr.infd.edu.ar\/sitio\/wp-content\/uploads\/2022\/11\/ALUMNO-CONDICIONAL-1.jpg\" alt=\"\" class=\"wp-image-5715\" width=\"316\" height=\"571\"\/><\/a><\/figure>\n\n\n\n<p><\/p>\n<\/div>\n\n\n\n<div class=\"wp-block-column is-layout-flow\">\n<figure class=\"wp-block-image size-large is-resized\"><a href=\"https:\/\/ipesco-scr.infd.edu.ar\/sitio\/tipos-de-formulario-de-inscripcion\/upload\/Inscripcion_Articulo_7_3.pdf\" target=\"_blank\" rel=\"noopener\"><img decoding=\"async\" loading=\"lazy\" src=\"https:\/\/ipesco-scr.infd.edu.ar\/sitio\/wp-content\/uploads\/2022\/11\/ARTICULO-7.jpg\" alt=\"\" class=\"wp-image-5717\" width=\"322\" height=\"571\"\/><\/a><\/figure>\n\n\n\n<p><\/p>\n<\/div>\n<\/div>\n","protected":false},"excerpt":{"rendered":"<p>El R\u00c9GIMEN ACAD\u00c9MICO MARCO (RAM) Acuerdo CPE N\u00b0 248\/10 se desarroll\u00f3 en el marco de los fines y objetivos de la Pol\u00edtica Nacional y Provincial, garantizando a todos los\/as interesados\/as, el ingreso, permanencia y el pertinente egreso de la Educaci\u00f3n Superior. En su Cap\u00edtulo II: Del Ingreso e Inscripciones, especifica qui\u00e9nes podr\u00e1n ingresar como alumnos &#8230; <a title=\"FORMULARIOS DE INSCRIPCI\u00d3N\" class=\"read-more\" href=\"https:\/\/ipesco-scr.infd.edu.ar\/sitio\/formularios-de-inscripcion\/\" aria-label=\"More on FORMULARIOS DE INSCRIPCI\u00d3N\">[+]<\/a><\/p>\n","protected":false},"author":1759,"featured_media":0,"parent":0,"menu_order":0,"comment_status":"closed","ping_status":"closed","template":"","meta":[],"acf":[],"_links":{"self":[{"href":"https:\/\/ipesco-scr.infd.edu.ar\/sitio\/wp-json\/wp\/v2\/pages\/5705"}],"collection":[{"href":"https:\/\/ipesco-scr.infd.edu.ar\/sitio\/wp-json\/wp\/v2\/pages"}],"about":[{"href":"https:\/\/ipesco-scr.infd.edu.ar\/sitio\/wp-json\/wp\/v2\/types\/page"}],"author":[{"embeddable":true,"href":"https:\/\/ipesco-scr.infd.edu.ar\/sitio\/wp-json\/wp\/v2\/users\/1759"}],"replies":[{"embeddable":true,"href":"https:\/\/ipesco-scr.infd.edu.ar\/sitio\/wp-json\/wp\/v2\/comments?post=5705"}],"version-history":[{"count":21,"href":"https:\/\/ipesco-scr.infd.edu.ar\/sitio\/wp-json\/wp\/v2\/pages\/5705\/revisions"}],"predecessor-version":[{"id":7291,"href":"https:\/\/ipesco-scr.infd.edu.ar\/sitio\/wp-json\/wp\/v2\/pages\/5705\/revisions\/7291"}],"wp:attachment":[{"href":"https:\/\/ipesco-scr.infd.edu.ar\/sitio\/wp-json\/wp\/v2\/media?parent=5705"}],"curies":[{"name":"wp","href":"https:\/\/api.w.org\/{rel}","templated":true}]}}