{"id":5816,"date":"2023-02-15T20:34:00","date_gmt":"2023-02-15T23:34:00","guid":{"rendered":"https:\/\/ipesco-scr.infd.edu.ar\/sitio\/?page_id=5816"},"modified":"2026-03-16T21:39:58","modified_gmt":"2026-03-17T00:39:58","slug":"ingreso-al-ipes-co-2023","status":"publish","type":"page","link":"https:\/\/ipesco-scr.infd.edu.ar\/sitio\/ingreso-al-ipes-co-2023\/","title":{"rendered":"INGRESO AL IPES-CO 2026"},"content":{"rendered":"\n<p class=\"has-text-align-center\"><strong><span class=\"has-inline-color has-vivid-cyan-blue-color\">EDUCACI\u00d3N P\u00daBLICA &#8211; GRATUITA &#8211; PRESENCIAL &#8211; CARRERAS DE GRADO &#8211; T\u00cdTULOS CON VALIDEZ NACIONAL &#8211; 4 A\u00d1OS DE DURACI\u00d3N &#8211; R\u00c9GIMEN ACAD\u00c9MICO FLEXIBLE&nbsp;<\/span><\/strong><\/p>\n\n\n\n<figure class=\"wp-block-image size-large\"><img decoding=\"async\" loading=\"lazy\" width=\"1319\" height=\"264\" src=\"https:\/\/ipesco-scr.infd.edu.ar\/sitio\/wp-content\/uploads\/2022\/11\/estudiantes.jpg\" alt=\"\" class=\"wp-image-5840\" srcset=\"https:\/\/ipesco-scr.infd.edu.ar\/sitio\/wp-content\/uploads\/2022\/11\/estudiantes.jpg 1319w, https:\/\/ipesco-scr.infd.edu.ar\/sitio\/wp-content\/uploads\/2022\/11\/estudiantes-1000x200.jpg 1000w, https:\/\/ipesco-scr.infd.edu.ar\/sitio\/wp-content\/uploads\/2022\/11\/estudiantes-768x154.jpg 768w\" sizes=\"(max-width: 1319px) 100vw, 1319px\" \/><\/figure>\n\n\n\n<p>Se informa a los interesados que contin\u00faan abiertas las preinscripciones online y las inscripciones definitivas para este a\u00f1o.<\/p>\n\n\n\n<p>Las carreras son gratuitas, tienen cuatro a\u00f1os de duraci\u00f3n, t\u00edtulos de grado con validez nacional, modalidad de cursada presencial y r\u00e9gimen acad\u00e9mico flexible.<\/p>\n\n\n\n<p>La <a><\/a>propuesta acad\u00e9mica est\u00e1 integrada por seis profesorados:<\/p>\n\n\n\n<p>&#8211; Artes Visuales<\/p>\n\n\n\n<p>&#8211; M\u00fasica<\/p>\n\n\n\n<p>&#8211; Ingl\u00e9s<\/p>\n\n\n\n<p>&#8211; Lengua y Literatura<\/p>\n\n\n\n<p>&#8211; Educaci\u00f3n Especial orientaci\u00f3n Discapacidad Intelectual<\/p>\n\n\n\n<p>&#8211; Educaci\u00f3n Especial orientaci\u00f3n Sordos e Hipoac\u00fasicos<\/p>\n\n\n\n<p><\/p>\n\n\n\n<p>&#8211; <strong><a href=\"https:\/\/ipesco-scr.infd.edu.ar\/sitio\/preinscripcion-online-2023\/\">Formularios de preinscripci\u00f3n online por carrera<\/a><\/strong>. O podr\u00e1 optar y realizar la preinscripci\u00f3n presencial en instalaciones del IPES-CO, sito en Jos\u00e9 Koltum 1370, Barrio Los Pinos (acceso por Colegio 20), 1\u00b0 piso, oficina Bedel\u00eda, atenci\u00f3n de lunes a viernes de 19 a 21.30 horas.<\/p>\n\n\n\n<p>&#8211; <strong><a href=\"https:\/\/ipesco-scr.infd.edu.ar\/sitio\/requisitos-de-inscripcion\/\">Requisitos de inscripci\u00f3n y documentaci\u00f3n a presentar<\/a><\/strong>.<\/p>\n\n\n\n<p>&#8211; <strong><a href=\"https:\/\/ipesco-scr.infd.edu.ar\/sitio\/formularios-de-inscripcion\/\">Tipos de formularios de inscripci\u00f3n definitiva<\/a><\/strong>.<\/p>\n\n\n\n<p>&#8211; Beneficios para mayores de 25 a\u00f1os con secundario incompleto y la posibilidad de acceder por el Art\u00edculo 7\u00b0.  <\/p>\n\n\n\n<p><\/p>\n","protected":false},"excerpt":{"rendered":"<p>EDUCACI\u00d3N P\u00daBLICA &#8211; GRATUITA &#8211; PRESENCIAL &#8211; CARRERAS DE GRADO &#8211; T\u00cdTULOS CON VALIDEZ NACIONAL &#8211; 4 A\u00d1OS DE DURACI\u00d3N &#8211; R\u00c9GIMEN ACAD\u00c9MICO FLEXIBLE&nbsp; Se informa a los interesados que contin\u00faan abiertas las preinscripciones online y las inscripciones definitivas para este a\u00f1o. Las carreras son gratuitas, tienen cuatro a\u00f1os de duraci\u00f3n, t\u00edtulos de grado con &#8230; <a title=\"INGRESO AL IPES-CO 2026\" class=\"read-more\" href=\"https:\/\/ipesco-scr.infd.edu.ar\/sitio\/ingreso-al-ipes-co-2023\/\" aria-label=\"More on INGRESO AL IPES-CO 2026\">[+]<\/a><\/p>\n","protected":false},"author":1759,"featured_media":0,"parent":0,"menu_order":0,"comment_status":"closed","ping_status":"closed","template":"","meta":[],"acf":[],"_links":{"self":[{"href":"https:\/\/ipesco-scr.infd.edu.ar\/sitio\/wp-json\/wp\/v2\/pages\/5816"}],"collection":[{"href":"https:\/\/ipesco-scr.infd.edu.ar\/sitio\/wp-json\/wp\/v2\/pages"}],"about":[{"href":"https:\/\/ipesco-scr.infd.edu.ar\/sitio\/wp-json\/wp\/v2\/types\/page"}],"author":[{"embeddable":true,"href":"https:\/\/ipesco-scr.infd.edu.ar\/sitio\/wp-json\/wp\/v2\/users\/1759"}],"replies":[{"embeddable":true,"href":"https:\/\/ipesco-scr.infd.edu.ar\/sitio\/wp-json\/wp\/v2\/comments?post=5816"}],"version-history":[{"count":9,"href":"https:\/\/ipesco-scr.infd.edu.ar\/sitio\/wp-json\/wp\/v2\/pages\/5816\/revisions"}],"predecessor-version":[{"id":9168,"href":"https:\/\/ipesco-scr.infd.edu.ar\/sitio\/wp-json\/wp\/v2\/pages\/5816\/revisions\/9168"}],"wp:attachment":[{"href":"https:\/\/ipesco-scr.infd.edu.ar\/sitio\/wp-json\/wp\/v2\/media?parent=5816"}],"curies":[{"name":"wp","href":"https:\/\/api.w.org\/{rel}","templated":true}]}}