{"id":6944,"date":"2023-07-04T22:16:06","date_gmt":"2023-07-05T01:16:06","guid":{"rendered":"https:\/\/ipesco-scr.infd.edu.ar\/sitio\/?page_id=6944"},"modified":"2023-11-13T20:14:08","modified_gmt":"2023-11-13T23:14:08","slug":"pee-di-programas-2023","status":"publish","type":"page","link":"https:\/\/ipesco-scr.infd.edu.ar\/sitio\/pee-di-programas-2023\/","title":{"rendered":"PEE DI &#8211; PROGRAMAS (2023)"},"content":{"rendered":"\n<div class=\"wp-block-group has-background is-vertical is-layout-flex wp-container-1\" style=\"background:linear-gradient(135deg,rgb(2,3,129) 0%,rgb(40,116,252) 0%)\">\n<p class=\"has-large-font-size\"><strong>Profesorado de Educaci\u00f3n Especial con Orientaci\u00f3n en Discapacidad Intelectual<\/strong><\/p>\n\n\n\n<p><strong>Res. Plan 0295\/19<\/strong><\/p>\n<\/div>\n\n\n\n<p><strong>1er a\u00f1o <\/strong><\/p>\n\n\n\n<div class=\"wp-block-file\"><a id=\"wp-block-file--media-54503e94-fe09-451e-b21e-b31a6b617de5\" href=\"https:\/\/ipesco-scr.infd.edu.ar\/sitio\/wp-content\/uploads\/2023\/07\/PEE-DI-SEH-01-Didactica-General-2023.pdf\">PEE-DI-SEH-01-Didactica-General-2023<\/a><a href=\"https:\/\/ipesco-scr.infd.edu.ar\/sitio\/wp-content\/uploads\/2023\/07\/PEE-DI-SEH-01-Didactica-General-2023.pdf\" class=\"wp-block-file__button wp-element-button\" download aria-describedby=\"wp-block-file--media-54503e94-fe09-451e-b21e-b31a6b617de5\">Descarga<\/a><\/div>\n\n\n\n<div class=\"wp-block-file\"><a id=\"wp-block-file--media-3ece341d-63a3-4fb3-8f60-976ec5f77f39\" href=\"https:\/\/ipesco-scr.infd.edu.ar\/sitio\/wp-content\/uploads\/2023\/07\/PEE-DI-SEH-02-Ciencias-Sociales-y-su-Didactica-2023.pdf\">PEE-DI-SEH-02-Ciencias-Sociales-y-su-Didactica-2023<\/a><a href=\"https:\/\/ipesco-scr.infd.edu.ar\/sitio\/wp-content\/uploads\/2023\/07\/PEE-DI-SEH-02-Ciencias-Sociales-y-su-Didactica-2023.pdf\" class=\"wp-block-file__button wp-element-button\" download aria-describedby=\"wp-block-file--media-3ece341d-63a3-4fb3-8f60-976ec5f77f39\">Descarga<\/a><\/div>\n\n\n\n<div class=\"wp-block-file\"><a id=\"wp-block-file--media-1927036e-e2c7-4ea5-9b49-af39725aa6bc\" href=\"https:\/\/ipesco-scr.infd.edu.ar\/sitio\/wp-content\/uploads\/2023\/07\/PPE-DI-SEH-03-Lengua-Literatura-y-su-Didactica-2023.pdf\">PPE-DI-SEH-03-Lengua-Literatura-y-su-Didactica-2023<\/a><a href=\"https:\/\/ipesco-scr.infd.edu.ar\/sitio\/wp-content\/uploads\/2023\/07\/PPE-DI-SEH-03-Lengua-Literatura-y-su-Didactica-2023.pdf\" class=\"wp-block-file__button wp-element-button\" download aria-describedby=\"wp-block-file--media-1927036e-e2c7-4ea5-9b49-af39725aa6bc\">Descarga<\/a><\/div>\n\n\n\n<div class=\"wp-block-file\"><a id=\"wp-block-file--media-d8ed0bec-3eb4-49b9-9b99-aa4dcc3a8e81\" href=\"https:\/\/ipesco-scr.infd.edu.ar\/sitio\/wp-content\/uploads\/2023\/07\/PEE-DI-SEH-04-El-Sujeto-de-la-educacion-especial-2023.pdf\">PEE-DI-SEH-04-El-Sujeto-de-la-educacion-especial-2023<\/a><a href=\"https:\/\/ipesco-scr.infd.edu.ar\/sitio\/wp-content\/uploads\/2023\/07\/PEE-DI-SEH-04-El-Sujeto-de-la-educacion-especial-2023.pdf\" class=\"wp-block-file__button wp-element-button\" download aria-describedby=\"wp-block-file--media-d8ed0bec-3eb4-49b9-9b99-aa4dcc3a8e81\">Descarga<\/a><\/div>\n\n\n\n<div class=\"wp-block-file\"><a id=\"wp-block-file--media-6b8bf858-3387-4740-b7d2-7aa3336c69fc\" href=\"https:\/\/ipesco-scr.infd.edu.ar\/sitio\/wp-content\/uploads\/2023\/07\/PEE-DI-SEH-05-Problematicas-Contemporaneas-de-la-Educacion-Especial-2023.pdf\">PEE-DI-SEH-05-Problematicas-Contemporaneas-de-la-Educacion-Especial-2023<\/a><a href=\"https:\/\/ipesco-scr.infd.edu.ar\/sitio\/wp-content\/uploads\/2023\/07\/PEE-DI-SEH-05-Problematicas-Contemporaneas-de-la-Educacion-Especial-2023.pdf\" class=\"wp-block-file__button wp-element-button\" download aria-describedby=\"wp-block-file--media-6b8bf858-3387-4740-b7d2-7aa3336c69fc\">Descarga<\/a><\/div>\n\n\n\n<div class=\"wp-block-file\"><a id=\"wp-block-file--media-c9cf607a-b0a0-45c7-bebe-61c43c6ac8c4\" href=\"https:\/\/ipesco-scr.infd.edu.ar\/sitio\/wp-content\/uploads\/2023\/07\/PEE-DI-SEH-06-Alfabetizacion-Academica-2023.pdf\">PEE-DI-SEH-06-Alfabetizacion-Academica-2023<\/a><a href=\"https:\/\/ipesco-scr.infd.edu.ar\/sitio\/wp-content\/uploads\/2023\/07\/PEE-DI-SEH-06-Alfabetizacion-Academica-2023.pdf\" class=\"wp-block-file__button wp-element-button\" download aria-describedby=\"wp-block-file--media-c9cf607a-b0a0-45c7-bebe-61c43c6ac8c4\">Descarga<\/a><\/div>\n\n\n\n<div class=\"wp-block-file\"><a id=\"wp-block-file--media-6db4ebfd-be89-4d6f-9e35-4f6d2c98742f\" href=\"https:\/\/ipesco-scr.infd.edu.ar\/sitio\/wp-content\/uploads\/2023\/11\/PEE-DI-SEH-7-HISTORIA-ARGENTINA-Y-LATINOAMERICANA-2023.pdf\">PEE-DI-SEH-7-HISTORIA-ARGENTINA-Y-LATINOAMERICANA-2023<\/a><a href=\"https:\/\/ipesco-scr.infd.edu.ar\/sitio\/wp-content\/uploads\/2023\/11\/PEE-DI-SEH-7-HISTORIA-ARGENTINA-Y-LATINOAMERICANA-2023.pdf\" class=\"wp-block-file__button wp-element-button\" download aria-describedby=\"wp-block-file--media-6db4ebfd-be89-4d6f-9e35-4f6d2c98742f\">Descarga<\/a><\/div>\n\n\n\n<div class=\"wp-block-file\"><a id=\"wp-block-file--media-8ff0682d-fbff-44c2-893c-7bb2f88e004d\" href=\"https:\/\/ipesco-scr.infd.edu.ar\/sitio\/wp-content\/uploads\/2023\/11\/PEE-SEH-DI-8-TIC-Y-EDUCACION-2023.pdf\">PEE-SEH-DI-8-TIC-Y-EDUCACION-2023<\/a><a href=\"https:\/\/ipesco-scr.infd.edu.ar\/sitio\/wp-content\/uploads\/2023\/11\/PEE-SEH-DI-8-TIC-Y-EDUCACION-2023.pdf\" class=\"wp-block-file__button wp-element-button\" download aria-describedby=\"wp-block-file--media-8ff0682d-fbff-44c2-893c-7bb2f88e004d\">Descarga<\/a><\/div>\n\n\n\n<div class=\"wp-block-file\"><a id=\"wp-block-file--media-c17b8128-dda6-4808-aa65-7bd817e5f55c\" href=\"https:\/\/ipesco-scr.infd.edu.ar\/sitio\/wp-content\/uploads\/2023\/07\/PEE-DI-SEH-09-Practica-Pedagogica-I-2023.pdf\">PEE-DI-SEH-09-Practica-Pedagogica-I-2023<\/a><a href=\"https:\/\/ipesco-scr.infd.edu.ar\/sitio\/wp-content\/uploads\/2023\/07\/PEE-DI-SEH-09-Practica-Pedagogica-I-2023.pdf\" class=\"wp-block-file__button wp-element-button\" download aria-describedby=\"wp-block-file--media-c17b8128-dda6-4808-aa65-7bd817e5f55c\">Descarga<\/a><\/div>\n\n\n\n<p><\/p>\n\n\n\n<p><strong>2do a\u00f1o<\/strong><\/p>\n\n\n\n<div class=\"wp-block-file\"><a id=\"wp-block-file--media-aa998d36-3754-4e58-aea8-47ac307ce430\" href=\"https:\/\/ipesco-scr.infd.edu.ar\/sitio\/wp-content\/uploads\/2023\/07\/PEE-DI-SEH-10-Matematica-y-su-Didactica-2023.pdf\">PEE-DI-SEH-10-Matematica-y-su-Didactica-2023<\/a><a href=\"https:\/\/ipesco-scr.infd.edu.ar\/sitio\/wp-content\/uploads\/2023\/07\/PEE-DI-SEH-10-Matematica-y-su-Didactica-2023.pdf\" class=\"wp-block-file__button wp-element-button\" download aria-describedby=\"wp-block-file--media-aa998d36-3754-4e58-aea8-47ac307ce430\">Descarga<\/a><\/div>\n\n\n\n<div class=\"wp-block-file\"><a id=\"wp-block-file--media-d299966b-061d-4443-8a08-2be7f7862546\" href=\"https:\/\/ipesco-scr.infd.edu.ar\/sitio\/wp-content\/uploads\/2023\/07\/PEE-DI-SEH-11-Ciencias-Naturales-y-su-Didactica-2023.pdf\">PEE-DI-SEH-11-Ciencias-Naturales-y-su-Didactica-2023<\/a><a href=\"https:\/\/ipesco-scr.infd.edu.ar\/sitio\/wp-content\/uploads\/2023\/07\/PEE-DI-SEH-11-Ciencias-Naturales-y-su-Didactica-2023.pdf\" class=\"wp-block-file__button wp-element-button\" download aria-describedby=\"wp-block-file--media-d299966b-061d-4443-8a08-2be7f7862546\">Descarga<\/a><\/div>\n\n\n\n<div class=\"wp-block-file\"><a id=\"wp-block-file--media-db3c7d11-a4d4-443e-af06-0ae8866c676c\" href=\"https:\/\/ipesco-scr.infd.edu.ar\/sitio\/wp-content\/uploads\/2023\/07\/PEE-DI-SEH-12-Comunicacion-y-Lenguaje-2023.pdf\">PEE-DI-SEH-12-Comunicacion-y-Lenguaje-2023<\/a><a href=\"https:\/\/ipesco-scr.infd.edu.ar\/sitio\/wp-content\/uploads\/2023\/07\/PEE-DI-SEH-12-Comunicacion-y-Lenguaje-2023.pdf\" class=\"wp-block-file__button wp-element-button\" download aria-describedby=\"wp-block-file--media-db3c7d11-a4d4-443e-af06-0ae8866c676c\">Descarga<\/a><\/div>\n\n\n\n<div class=\"wp-block-file\"><a id=\"wp-block-file--media-94fb8773-886a-4cce-8288-fdc082d320dd\" href=\"https:\/\/ipesco-scr.infd.edu.ar\/sitio\/wp-content\/uploads\/2023\/07\/PEE-DI-SEH-13-Integracion-como-Estrategia-para-la-Inclusion-2023.pdf\">PEE-DI-SEH-13-Integracion-como-Estrategia-para-la-Inclusion-2023<\/a><a href=\"https:\/\/ipesco-scr.infd.edu.ar\/sitio\/wp-content\/uploads\/2023\/07\/PEE-DI-SEH-13-Integracion-como-Estrategia-para-la-Inclusion-2023.pdf\" class=\"wp-block-file__button wp-element-button\" download aria-describedby=\"wp-block-file--media-94fb8773-886a-4cce-8288-fdc082d320dd\">Descarga<\/a><\/div>\n\n\n\n<div class=\"wp-block-file\"><a id=\"wp-block-file--media-985798ef-117f-412a-9512-038e337c8259\" href=\"https:\/\/ipesco-scr.infd.edu.ar\/sitio\/wp-content\/uploads\/2023\/07\/PEE-DI-SEH-14-Bases-Neuropsicobiologicas-Del-Desarrollo-2023.pdf\">PEE-DI-SEH-14-Bases-Neuropsicobiologicas-Del-Desarrollo-2023<\/a><a href=\"https:\/\/ipesco-scr.infd.edu.ar\/sitio\/wp-content\/uploads\/2023\/07\/PEE-DI-SEH-14-Bases-Neuropsicobiologicas-Del-Desarrollo-2023.pdf\" class=\"wp-block-file__button wp-element-button\" download aria-describedby=\"wp-block-file--media-985798ef-117f-412a-9512-038e337c8259\">Descarga<\/a><\/div>\n\n\n\n<div class=\"wp-block-file\"><a id=\"wp-block-file--media-fe500f79-ec8a-4ff1-ad99-8c368130dd9f\" href=\"https:\/\/ipesco-scr.infd.edu.ar\/sitio\/wp-content\/uploads\/2023\/07\/PEE-SEH-DI-15-Educacion-Psicomotriz-2023.pdf\">PEE-SEH-DI-15-Educacion-Psicomotriz-2023<\/a><a href=\"https:\/\/ipesco-scr.infd.edu.ar\/sitio\/wp-content\/uploads\/2023\/07\/PEE-SEH-DI-15-Educacion-Psicomotriz-2023.pdf\" class=\"wp-block-file__button wp-element-button\" download aria-describedby=\"wp-block-file--media-fe500f79-ec8a-4ff1-ad99-8c368130dd9f\">Descarga<\/a><\/div>\n\n\n\n<div class=\"wp-block-file\"><a id=\"wp-block-file--media-d6c880c5-bbb8-4a17-83c4-8cbacda86d5c\" href=\"https:\/\/ipesco-scr.infd.edu.ar\/sitio\/wp-content\/uploads\/2023\/11\/PEE-SEH-DI-16-17-PSICOLOGIA-EDUCACIONAL-2023.pdf\">PEE-SEH-DI-16-17-PSICOLOGIA-EDUCACIONAL-2023<\/a><a href=\"https:\/\/ipesco-scr.infd.edu.ar\/sitio\/wp-content\/uploads\/2023\/11\/PEE-SEH-DI-16-17-PSICOLOGIA-EDUCACIONAL-2023.pdf\" class=\"wp-block-file__button wp-element-button\" download aria-describedby=\"wp-block-file--media-d6c880c5-bbb8-4a17-83c4-8cbacda86d5c\">Descarga<\/a><\/div>\n\n\n\n<div class=\"wp-block-file\"><a id=\"wp-block-file--media-49ee42a0-9eea-4f05-ba2f-43d680bb83ce\" href=\"https:\/\/ipesco-scr.infd.edu.ar\/sitio\/wp-content\/uploads\/2023\/11\/PEE-SEH-DI-17-18-HISTORIA-Y-POLITICAS-DE-LA-EDUCACION-ARGENTINA-2023.pdf\">PEE-SEH-DI-17-18-HISTORIA-Y-POLITICAS-DE-LA-EDUCACION-ARGENTINA-2023<\/a><a href=\"https:\/\/ipesco-scr.infd.edu.ar\/sitio\/wp-content\/uploads\/2023\/11\/PEE-SEH-DI-17-18-HISTORIA-Y-POLITICAS-DE-LA-EDUCACION-ARGENTINA-2023.pdf\" class=\"wp-block-file__button wp-element-button\" download aria-describedby=\"wp-block-file--media-49ee42a0-9eea-4f05-ba2f-43d680bb83ce\">Descarga<\/a><\/div>\n\n\n\n<div class=\"wp-block-file\"><a id=\"wp-block-file--media-40f62524-9d1e-4dbf-b31c-926d6467d72b\" href=\"https:\/\/ipesco-scr.infd.edu.ar\/sitio\/wp-content\/uploads\/2023\/07\/PEE-DI-SEH-18-Practica-Pedagogica-II-2023.pdf\">PEE-DI-SEH-18-Practica-Pedagogica-II-2023<\/a><a href=\"https:\/\/ipesco-scr.infd.edu.ar\/sitio\/wp-content\/uploads\/2023\/07\/PEE-DI-SEH-18-Practica-Pedagogica-II-2023.pdf\" class=\"wp-block-file__button wp-element-button\" download aria-describedby=\"wp-block-file--media-40f62524-9d1e-4dbf-b31c-926d6467d72b\">Descarga<\/a><\/div>\n\n\n\n<p><\/p>\n\n\n\n<p><strong>3er a\u00f1o<\/strong><\/p>\n\n\n\n<div class=\"wp-block-file\"><a id=\"wp-block-file--media-895bc404-2aa5-4e9f-9c12-d1209238592f\" href=\"https:\/\/ipesco-scr.infd.edu.ar\/sitio\/wp-content\/uploads\/2023\/07\/PEE-DI-19-Abordaje-Pedagogico-para-el-Sujeto-con-Discapacidad-Intelectual-I-2023.pdf\">PEE-DI-19-Abordaje-Pedagogico-para-el-Sujeto-con-Discapacidad-Intelectual-I-2023<\/a><a href=\"https:\/\/ipesco-scr.infd.edu.ar\/sitio\/wp-content\/uploads\/2023\/07\/PEE-DI-19-Abordaje-Pedagogico-para-el-Sujeto-con-Discapacidad-Intelectual-I-2023.pdf\" class=\"wp-block-file__button wp-element-button\" download aria-describedby=\"wp-block-file--media-895bc404-2aa5-4e9f-9c12-d1209238592f\">Descarga<\/a><\/div>\n\n\n\n<div class=\"wp-block-file\"><a id=\"wp-block-file--media-e27c6dcd-eabc-4671-872d-c54eff353ec6\" href=\"https:\/\/ipesco-scr.infd.edu.ar\/sitio\/wp-content\/uploads\/2023\/07\/PEE-DI-20-Lengua-de-Senas-Argentina-2023.pdf\">PEE-DI-20-Lengua-de-Senas-Argentina-2023<\/a><a href=\"https:\/\/ipesco-scr.infd.edu.ar\/sitio\/wp-content\/uploads\/2023\/07\/PEE-DI-20-Lengua-de-Senas-Argentina-2023.pdf\" class=\"wp-block-file__button wp-element-button\" download aria-describedby=\"wp-block-file--media-e27c6dcd-eabc-4671-872d-c54eff353ec6\">Descarga<\/a><\/div>\n\n\n\n<div class=\"wp-block-file\"><a id=\"wp-block-file--media-385c84e4-b482-4002-aedc-d75168e52d19\" href=\"https:\/\/ipesco-scr.infd.edu.ar\/sitio\/wp-content\/uploads\/2023\/07\/PEE-DI-21-Sistemas-Aumentativos-y-Alternativos-de-la-Comunicacion-2023.pdf\">PEE-DI-21-Sistemas-Aumentativos-y-Alternativos-de-la-Comunicacion-2023<\/a><a href=\"https:\/\/ipesco-scr.infd.edu.ar\/sitio\/wp-content\/uploads\/2023\/07\/PEE-DI-21-Sistemas-Aumentativos-y-Alternativos-de-la-Comunicacion-2023.pdf\" class=\"wp-block-file__button wp-element-button\" download aria-describedby=\"wp-block-file--media-385c84e4-b482-4002-aedc-d75168e52d19\">Descarga<\/a><\/div>\n\n\n\n<div class=\"wp-block-file\"><a id=\"wp-block-file--media-07606113-f073-4fbe-b2ba-391d029a236c\" href=\"https:\/\/ipesco-scr.infd.edu.ar\/sitio\/wp-content\/uploads\/2023\/07\/PEE-DI-22-Filosofia-de-la-Educacion-2023.pdf\">PEE-DI-22-Filosofia-de-la-Educacion-2023<\/a><a href=\"https:\/\/ipesco-scr.infd.edu.ar\/sitio\/wp-content\/uploads\/2023\/07\/PEE-DI-22-Filosofia-de-la-Educacion-2023.pdf\" class=\"wp-block-file__button wp-element-button\" download aria-describedby=\"wp-block-file--media-07606113-f073-4fbe-b2ba-391d029a236c\">Descarga<\/a><\/div>\n\n\n\n<div class=\"wp-block-file\"><a id=\"wp-block-file--media-3a1164fb-afbc-4584-be51-56b09507c64d\" href=\"https:\/\/ipesco-scr.infd.edu.ar\/sitio\/wp-content\/uploads\/2023\/07\/PEE-DI-23-Alfabetizacion-Inicial-para-el-Sujeto-con-Discapacidad-Intelectual-2023.pdf\">PEE-DI-23-Alfabetizacion-Inicial-para-el-Sujeto-con-Discapacidad-Intelectual-2023<\/a><a href=\"https:\/\/ipesco-scr.infd.edu.ar\/sitio\/wp-content\/uploads\/2023\/07\/PEE-DI-23-Alfabetizacion-Inicial-para-el-Sujeto-con-Discapacidad-Intelectual-2023.pdf\" class=\"wp-block-file__button wp-element-button\" download aria-describedby=\"wp-block-file--media-3a1164fb-afbc-4584-be51-56b09507c64d\">Descarga<\/a><\/div>\n\n\n\n<div class=\"wp-block-file\"><a id=\"wp-block-file--media-7eee3e53-f5f4-4d11-a13e-d07892fcabfd\" href=\"https:\/\/ipesco-scr.infd.edu.ar\/sitio\/wp-content\/uploads\/2023\/07\/PEE-DI-24-Eucacion-Temprana-2023.pdf\">PEE-DI-24-Eucacion-Temprana-2023<\/a><a href=\"https:\/\/ipesco-scr.infd.edu.ar\/sitio\/wp-content\/uploads\/2023\/07\/PEE-DI-24-Eucacion-Temprana-2023.pdf\" class=\"wp-block-file__button wp-element-button\" download aria-describedby=\"wp-block-file--media-7eee3e53-f5f4-4d11-a13e-d07892fcabfd\">Descarga<\/a><\/div>\n\n\n\n<div class=\"wp-block-file\"><a id=\"wp-block-file--media-cec24db6-c0fc-4604-8cf3-37ab16e4c939\" href=\"https:\/\/ipesco-scr.infd.edu.ar\/sitio\/wp-content\/uploads\/2023\/11\/PEE-DI-25-PEDAGOGIA-2023.pdf\">PEE-DI-25-PEDAGOGIA-2023<\/a><a href=\"https:\/\/ipesco-scr.infd.edu.ar\/sitio\/wp-content\/uploads\/2023\/11\/PEE-DI-25-PEDAGOGIA-2023.pdf\" class=\"wp-block-file__button wp-element-button\" download aria-describedby=\"wp-block-file--media-cec24db6-c0fc-4604-8cf3-37ab16e4c939\">Descarga<\/a><\/div>\n\n\n\n<div class=\"wp-block-file\"><a id=\"wp-block-file--media-e3d5ff62-4826-4bc5-9aeb-8841f686a0ae\" href=\"https:\/\/ipesco-scr.infd.edu.ar\/sitio\/wp-content\/uploads\/2023\/11\/PEE-DI-26-TRASTORNOS-MOTORES-2023.pdf\">PEE-DI-26-TRASTORNOS-MOTORES-2023<\/a><a href=\"https:\/\/ipesco-scr.infd.edu.ar\/sitio\/wp-content\/uploads\/2023\/11\/PEE-DI-26-TRASTORNOS-MOTORES-2023.pdf\" class=\"wp-block-file__button wp-element-button\" download aria-describedby=\"wp-block-file--media-e3d5ff62-4826-4bc5-9aeb-8841f686a0ae\">Descarga<\/a><\/div>\n\n\n\n<div class=\"wp-block-file\"><a id=\"wp-block-file--media-c25d6348-28cc-4bf8-8a81-477a3082970e\" href=\"https:\/\/ipesco-scr.infd.edu.ar\/sitio\/wp-content\/uploads\/2023\/11\/PEE-DI-27-EDUCACION-EN-CONTEXTO-RURAL-2023.pdf\">PEE-DI-27-EDUCACION-EN-CONTEXTO-RURAL-2023<\/a><a href=\"https:\/\/ipesco-scr.infd.edu.ar\/sitio\/wp-content\/uploads\/2023\/11\/PEE-DI-27-EDUCACION-EN-CONTEXTO-RURAL-2023.pdf\" class=\"wp-block-file__button wp-element-button\" download aria-describedby=\"wp-block-file--media-c25d6348-28cc-4bf8-8a81-477a3082970e\">Descarga<\/a><\/div>\n\n\n\n<div class=\"wp-block-file\"><a id=\"wp-block-file--media-3ee29c04-a494-4076-a8a3-b78568e45aa0\" href=\"https:\/\/ipesco-scr.infd.edu.ar\/sitio\/wp-content\/uploads\/2023\/07\/PEE-DI-28-Practica-Pedagogica-III-2023.pdf\">PEE-DI-28-Practica-Pedagogica-III-2023<\/a><a href=\"https:\/\/ipesco-scr.infd.edu.ar\/sitio\/wp-content\/uploads\/2023\/07\/PEE-DI-28-Practica-Pedagogica-III-2023.pdf\" class=\"wp-block-file__button wp-element-button\" download aria-describedby=\"wp-block-file--media-3ee29c04-a494-4076-a8a3-b78568e45aa0\">Descarga<\/a><\/div>\n\n\n\n<p><\/p>\n\n\n\n<p><strong>4to a\u00f1o<\/strong><\/p>\n\n\n\n<div class=\"wp-block-file\"><a id=\"wp-block-file--media-5c2b5bf7-eeb8-4321-8fc5-5adb7429c525\" href=\"https:\/\/ipesco-scr.infd.edu.ar\/sitio\/wp-content\/uploads\/2023\/07\/PEE-DI-29-Abordaje-Pedagogico-para-el-Sujeto-con-Discapacidad-Intelectual-II-2023.pdf\">PEE-DI-29-Abordaje-Pedagogico-para-el-Sujeto-con-Discapacidad-Intelectual-II-2023<\/a><a href=\"https:\/\/ipesco-scr.infd.edu.ar\/sitio\/wp-content\/uploads\/2023\/07\/PEE-DI-29-Abordaje-Pedagogico-para-el-Sujeto-con-Discapacidad-Intelectual-II-2023.pdf\" class=\"wp-block-file__button wp-element-button\" download aria-describedby=\"wp-block-file--media-5c2b5bf7-eeb8-4321-8fc5-5adb7429c525\">Descarga<\/a><\/div>\n\n\n\n<div class=\"wp-block-file\"><a id=\"wp-block-file--media-520d9e3a-e518-439a-b735-ef790ad00c09\" href=\"https:\/\/ipesco-scr.infd.edu.ar\/sitio\/wp-content\/uploads\/2023\/07\/PEE-DI-30-Educacion-Sexual-Integral-2023.pdf\">PEE-DI-30-Educacion-Sexual-Integral-2023<\/a><a href=\"https:\/\/ipesco-scr.infd.edu.ar\/sitio\/wp-content\/uploads\/2023\/07\/PEE-DI-30-Educacion-Sexual-Integral-2023.pdf\" class=\"wp-block-file__button wp-element-button\" download aria-describedby=\"wp-block-file--media-520d9e3a-e518-439a-b735-ef790ad00c09\">Descarga<\/a><\/div>\n\n\n\n<div class=\"wp-block-file\"><a id=\"wp-block-file--media-125eab3f-e0fa-46df-93c7-4bbeeff63b4e\" href=\"https:\/\/ipesco-scr.infd.edu.ar\/sitio\/wp-content\/uploads\/2023\/07\/PEE-DI-31-Sociologia-de-la-Educacion-2023.pdf\">PEE-DI-31-Sociologia-de-la-Educacion-2023<\/a><a href=\"https:\/\/ipesco-scr.infd.edu.ar\/sitio\/wp-content\/uploads\/2023\/07\/PEE-DI-31-Sociologia-de-la-Educacion-2023.pdf\" class=\"wp-block-file__button wp-element-button\" download aria-describedby=\"wp-block-file--media-125eab3f-e0fa-46df-93c7-4bbeeff63b4e\">Descarga<\/a><\/div>\n\n\n\n<div class=\"wp-block-file\"><a id=\"wp-block-file--media-1f55c9f4-d926-47ee-80b2-e4336d8ac5d2\" href=\"https:\/\/ipesco-scr.infd.edu.ar\/sitio\/wp-content\/uploads\/2023\/07\/PEE-DI-32-Multidiscapacidad-2023.pdf\">PEE-DI-32-Multidiscapacidad-2023<\/a><a href=\"https:\/\/ipesco-scr.infd.edu.ar\/sitio\/wp-content\/uploads\/2023\/07\/PEE-DI-32-Multidiscapacidad-2023.pdf\" class=\"wp-block-file__button wp-element-button\" download aria-describedby=\"wp-block-file--media-1f55c9f4-d926-47ee-80b2-e4336d8ac5d2\">Descarga<\/a><\/div>\n\n\n\n<div class=\"wp-block-file\"><a id=\"wp-block-file--media-2ee139f4-84d2-49f9-96d1-e8a22d26e052\" href=\"https:\/\/ipesco-scr.infd.edu.ar\/sitio\/wp-content\/uploads\/2023\/11\/PEE-DI-33-ALTERACIONES-DEL-LENGUAJE-Y-LA-COMUNICACION-2023.pdf\">PEE-DI-33-ALTERACIONES-DEL-LENGUAJE-Y-LA-COMUNICACION-2023<\/a><a href=\"https:\/\/ipesco-scr.infd.edu.ar\/sitio\/wp-content\/uploads\/2023\/11\/PEE-DI-33-ALTERACIONES-DEL-LENGUAJE-Y-LA-COMUNICACION-2023.pdf\" class=\"wp-block-file__button wp-element-button\" download aria-describedby=\"wp-block-file--media-2ee139f4-84d2-49f9-96d1-e8a22d26e052\">Descarga<\/a><\/div>\n\n\n\n<div class=\"wp-block-file\"><a id=\"wp-block-file--media-c07c60ec-abe8-4c4f-ac48-9c7ee5b5c503\" href=\"https:\/\/ipesco-scr.infd.edu.ar\/sitio\/wp-content\/uploads\/2023\/07\/PEE-DI-34-Problematica-de-la-Subjetividad-y-Discapacidad-2023.pdf\">PEE-DI-34-Problematica-de-la-Subjetividad-y-Discapacidad-2023<\/a><a href=\"https:\/\/ipesco-scr.infd.edu.ar\/sitio\/wp-content\/uploads\/2023\/07\/PEE-DI-34-Problematica-de-la-Subjetividad-y-Discapacidad-2023.pdf\" class=\"wp-block-file__button wp-element-button\" download aria-describedby=\"wp-block-file--media-c07c60ec-abe8-4c4f-ac48-9c7ee5b5c503\">Descarga<\/a><\/div>\n\n\n\n<div class=\"wp-block-file\"><a id=\"wp-block-file--media-5f780d0c-7c0e-4000-b379-32145366f394\" href=\"https:\/\/ipesco-scr.infd.edu.ar\/sitio\/wp-content\/uploads\/2023\/11\/PEE-DI-35-FORMACION-ETICA-Y-CIUDADANA-2023.pdf\">PEE-DI-35-FORMACION-ETICA-Y-CIUDADANA-2023<\/a><a href=\"https:\/\/ipesco-scr.infd.edu.ar\/sitio\/wp-content\/uploads\/2023\/11\/PEE-DI-35-FORMACION-ETICA-Y-CIUDADANA-2023.pdf\" class=\"wp-block-file__button wp-element-button\" download aria-describedby=\"wp-block-file--media-5f780d0c-7c0e-4000-b379-32145366f394\">Descarga<\/a><\/div>\n\n\n\n<div class=\"wp-block-file\"><a id=\"wp-block-file--media-db23c273-ccc3-47d5-852d-3930188f6006\" href=\"https:\/\/ipesco-scr.infd.edu.ar\/sitio\/wp-content\/uploads\/2023\/11\/PEE-DI-36-EDUCACION-DEL-ADULTO-CON-DI-Y-MUNDO-DEL-TRABAJO-2023.pdf\">PEE-DI-36-EDUCACION-DEL-ADULTO-CON-DI-Y-MUNDO-DEL-TRABAJO-2023<\/a><a href=\"https:\/\/ipesco-scr.infd.edu.ar\/sitio\/wp-content\/uploads\/2023\/11\/PEE-DI-36-EDUCACION-DEL-ADULTO-CON-DI-Y-MUNDO-DEL-TRABAJO-2023.pdf\" class=\"wp-block-file__button wp-element-button\" download aria-describedby=\"wp-block-file--media-db23c273-ccc3-47d5-852d-3930188f6006\">Descarga<\/a><\/div>\n\n\n\n<div class=\"wp-block-file\"><a id=\"wp-block-file--media-45907990-67fe-4c3a-b57c-6d994452e60b\" href=\"https:\/\/ipesco-scr.infd.edu.ar\/sitio\/wp-content\/uploads\/2023\/11\/PEE-DI-37-EPJA-2023.pdf\">PEE-DI-37-EPJA-2023<\/a><a href=\"https:\/\/ipesco-scr.infd.edu.ar\/sitio\/wp-content\/uploads\/2023\/11\/PEE-DI-37-EPJA-2023.pdf\" class=\"wp-block-file__button wp-element-button\" download aria-describedby=\"wp-block-file--media-45907990-67fe-4c3a-b57c-6d994452e60b\">Descarga<\/a><\/div>\n\n\n\n<div class=\"wp-block-file\"><a id=\"wp-block-file--media-23a7700c-2250-467e-ac19-98a09d8a11e4\" href=\"https:\/\/ipesco-scr.infd.edu.ar\/sitio\/wp-content\/uploads\/2023\/07\/PEE-DI-38-Residencia-Pedagogica-2023.pdf\">PEE-DI-38-Residencia-Pedagogica-2023<\/a><a href=\"https:\/\/ipesco-scr.infd.edu.ar\/sitio\/wp-content\/uploads\/2023\/07\/PEE-DI-38-Residencia-Pedagogica-2023.pdf\" class=\"wp-block-file__button wp-element-button\" download aria-describedby=\"wp-block-file--media-23a7700c-2250-467e-ac19-98a09d8a11e4\">Descarga<\/a><\/div>\n","protected":false},"excerpt":{"rendered":"<p>Profesorado de Educaci\u00f3n Especial con Orientaci\u00f3n en Discapacidad Intelectual Res. Plan 0295\/19 1er a\u00f1o 2do a\u00f1o 3er a\u00f1o 4to a\u00f1o<\/p>\n","protected":false},"author":4211,"featured_media":0,"parent":0,"menu_order":0,"comment_status":"closed","ping_status":"closed","template":"","meta":[],"acf":[],"_links":{"self":[{"href":"https:\/\/ipesco-scr.infd.edu.ar\/sitio\/wp-json\/wp\/v2\/pages\/6944"}],"collection":[{"href":"https:\/\/ipesco-scr.infd.edu.ar\/sitio\/wp-json\/wp\/v2\/pages"}],"about":[{"href":"https:\/\/ipesco-scr.infd.edu.ar\/sitio\/wp-json\/wp\/v2\/types\/page"}],"author":[{"embeddable":true,"href":"https:\/\/ipesco-scr.infd.edu.ar\/sitio\/wp-json\/wp\/v2\/users\/4211"}],"replies":[{"embeddable":true,"href":"https:\/\/ipesco-scr.infd.edu.ar\/sitio\/wp-json\/wp\/v2\/comments?post=6944"}],"version-history":[{"count":3,"href":"https:\/\/ipesco-scr.infd.edu.ar\/sitio\/wp-json\/wp\/v2\/pages\/6944\/revisions"}],"predecessor-version":[{"id":7138,"href":"https:\/\/ipesco-scr.infd.edu.ar\/sitio\/wp-json\/wp\/v2\/pages\/6944\/revisions\/7138"}],"wp:attachment":[{"href":"https:\/\/ipesco-scr.infd.edu.ar\/sitio\/wp-json\/wp\/v2\/media?parent=6944"}],"curies":[{"name":"wp","href":"https:\/\/api.w.org\/{rel}","templated":true}]}}