{"id":6977,"date":"2023-07-05T18:55:40","date_gmt":"2023-07-05T21:55:40","guid":{"rendered":"https:\/\/ipesco-scr.infd.edu.ar\/sitio\/?page_id=6977"},"modified":"2023-11-08T17:30:08","modified_gmt":"2023-11-08T20:30:08","slug":"pee-seh-programas-2023","status":"publish","type":"page","link":"https:\/\/ipesco-scr.infd.edu.ar\/sitio\/pee-seh-programas-2023\/","title":{"rendered":"PEE SEH &#8211; PROGRAMAS (2023)"},"content":{"rendered":"\n<div class=\"wp-block-group has-background is-vertical is-layout-flex wp-container-1\" style=\"background:linear-gradient(135deg,rgb(255,245,203) 0%,rgb(182,227,212) 0%,rgb(51,167,181) 0%)\">\n<p class=\"has-large-font-size\"><strong>Profesorado de Educaci\u00f3n Especial con Orientaci\u00f3n en Sordos e Hipoac\u00fasicos<\/strong><\/p>\n\n\n\n<p>Res. Plan 0295\/19<\/p>\n<\/div>\n\n\n\n<p><strong>1er a\u00f1o<\/strong><\/p>\n\n\n\n<div class=\"wp-block-file\"><a id=\"wp-block-file--media-99568b5f-82a7-4d9d-9473-6905a0cfc133\" href=\"https:\/\/ipesco-scr.infd.edu.ar\/sitio\/wp-content\/uploads\/2023\/07\/PEE-DI-SEH-01-Didactica-General-2023-1.pdf\">PEE-DI-SEH-01-Didactica-General-2023-1<\/a><a href=\"https:\/\/ipesco-scr.infd.edu.ar\/sitio\/wp-content\/uploads\/2023\/07\/PEE-DI-SEH-01-Didactica-General-2023-1.pdf\" class=\"wp-block-file__button wp-element-button\" download aria-describedby=\"wp-block-file--media-99568b5f-82a7-4d9d-9473-6905a0cfc133\">Descarga<\/a><\/div>\n\n\n\n<div class=\"wp-block-file\"><a id=\"wp-block-file--media-9efab4ce-57d0-4d31-abd8-2af5eec3bf52\" href=\"https:\/\/ipesco-scr.infd.edu.ar\/sitio\/wp-content\/uploads\/2023\/07\/PEE-DI-SEH-02-Ciencias-Sociales-y-su-Didactica-2023-1.pdf\">PEE-DI-SEH-02-Ciencias-Sociales-y-su-Didactica-2023-1<\/a><a href=\"https:\/\/ipesco-scr.infd.edu.ar\/sitio\/wp-content\/uploads\/2023\/07\/PEE-DI-SEH-02-Ciencias-Sociales-y-su-Didactica-2023-1.pdf\" class=\"wp-block-file__button wp-element-button\" download aria-describedby=\"wp-block-file--media-9efab4ce-57d0-4d31-abd8-2af5eec3bf52\">Descarga<\/a><\/div>\n\n\n\n<div class=\"wp-block-file\"><a id=\"wp-block-file--media-610d0945-11b5-4176-a690-c2d6d20f8669\" href=\"https:\/\/ipesco-scr.infd.edu.ar\/sitio\/wp-content\/uploads\/2023\/07\/PPE-DI-SEH-03-Lengua-Literatura-y-su-Didactica-2023-1.pdf\">PPE-DI-SEH-03-Lengua-Literatura-y-su-Didactica-2023-1<\/a><a href=\"https:\/\/ipesco-scr.infd.edu.ar\/sitio\/wp-content\/uploads\/2023\/07\/PPE-DI-SEH-03-Lengua-Literatura-y-su-Didactica-2023-1.pdf\" class=\"wp-block-file__button wp-element-button\" download aria-describedby=\"wp-block-file--media-610d0945-11b5-4176-a690-c2d6d20f8669\">Descarga<\/a><\/div>\n\n\n\n<div class=\"wp-block-file\"><a id=\"wp-block-file--media-ee871339-966b-4f77-937d-f6b27ffc19f0\" href=\"https:\/\/ipesco-scr.infd.edu.ar\/sitio\/wp-content\/uploads\/2023\/07\/PEE-DI-SEH-04-El-Sujeto-de-la-educacion-especial-2023-1.pdf\">PEE-DI-SEH-04-El-Sujeto-de-la-educacion-especial-2023-1<\/a><a href=\"https:\/\/ipesco-scr.infd.edu.ar\/sitio\/wp-content\/uploads\/2023\/07\/PEE-DI-SEH-04-El-Sujeto-de-la-educacion-especial-2023-1.pdf\" class=\"wp-block-file__button wp-element-button\" download aria-describedby=\"wp-block-file--media-ee871339-966b-4f77-937d-f6b27ffc19f0\">Descarga<\/a><\/div>\n\n\n\n<div class=\"wp-block-file\"><a id=\"wp-block-file--media-f1cf7333-ba0a-480e-b00a-febdc378fe37\" href=\"https:\/\/ipesco-scr.infd.edu.ar\/sitio\/wp-content\/uploads\/2023\/07\/PEE-DI-SEH-05-Problematicas-Contemporaneas-de-la-Educacion-Especial-2023-1.pdf\">PEE-DI-SEH-05-Problematicas-Contemporaneas-de-la-Educacion-Especial-2023-1<\/a><a href=\"https:\/\/ipesco-scr.infd.edu.ar\/sitio\/wp-content\/uploads\/2023\/07\/PEE-DI-SEH-05-Problematicas-Contemporaneas-de-la-Educacion-Especial-2023-1.pdf\" class=\"wp-block-file__button wp-element-button\" download aria-describedby=\"wp-block-file--media-f1cf7333-ba0a-480e-b00a-febdc378fe37\">Descarga<\/a><\/div>\n\n\n\n<div class=\"wp-block-file\"><a id=\"wp-block-file--media-be0ba286-223f-40c9-8c96-afb3c342b960\" href=\"https:\/\/ipesco-scr.infd.edu.ar\/sitio\/wp-content\/uploads\/2023\/07\/PEE-DI-SEH-06-Alfabetizacion-Academica-2023-1.pdf\">PEE-DI-SEH-06-Alfabetizacion-Academica-2023-1<\/a><a href=\"https:\/\/ipesco-scr.infd.edu.ar\/sitio\/wp-content\/uploads\/2023\/07\/PEE-DI-SEH-06-Alfabetizacion-Academica-2023-1.pdf\" class=\"wp-block-file__button wp-element-button\" download aria-describedby=\"wp-block-file--media-be0ba286-223f-40c9-8c96-afb3c342b960\">Descarga<\/a><\/div>\n\n\n\n<div class=\"wp-block-file\"><a id=\"wp-block-file--media-3e0526a9-5ca6-47de-a91b-63c642731ba4\" href=\"https:\/\/ipesco-scr.infd.edu.ar\/sitio\/wp-content\/uploads\/2023\/11\/PEE-DI-SEH-7-HISTORIA-ARGENTINA-Y-LATINOAMERICANA-2023-1.pdf\">PEE-DI-SEH-7-HISTORIA-ARGENTINA-Y-LATINOAMERICANA-2023-1<\/a><a href=\"https:\/\/ipesco-scr.infd.edu.ar\/sitio\/wp-content\/uploads\/2023\/11\/PEE-DI-SEH-7-HISTORIA-ARGENTINA-Y-LATINOAMERICANA-2023-1.pdf\" class=\"wp-block-file__button wp-element-button\" download aria-describedby=\"wp-block-file--media-3e0526a9-5ca6-47de-a91b-63c642731ba4\">Descarga<\/a><\/div>\n\n\n\n<div class=\"wp-block-file\"><a id=\"wp-block-file--media-78cda604-c99c-4d01-a815-3c73f6e4ab2f\" href=\"https:\/\/ipesco-scr.infd.edu.ar\/sitio\/wp-content\/uploads\/2023\/11\/PEE-SEH-DI-8-TIC-Y-EDUCACION-2023-1.pdf\">PEE-SEH-DI-8-TIC-Y-EDUCACION-2023-1<\/a><a href=\"https:\/\/ipesco-scr.infd.edu.ar\/sitio\/wp-content\/uploads\/2023\/11\/PEE-SEH-DI-8-TIC-Y-EDUCACION-2023-1.pdf\" class=\"wp-block-file__button wp-element-button\" download aria-describedby=\"wp-block-file--media-78cda604-c99c-4d01-a815-3c73f6e4ab2f\">Descarga<\/a><\/div>\n\n\n\n<div class=\"wp-block-file\"><a id=\"wp-block-file--media-daff1608-2236-44f6-a9ea-adcfb32bda90\" href=\"https:\/\/ipesco-scr.infd.edu.ar\/sitio\/wp-content\/uploads\/2023\/07\/PEE-DI-SEH-09-Practica-Pedagogica-I-2023-1.pdf\">PEE-DI-SEH-09-Practica-Pedagogica-I-2023-1<\/a><a href=\"https:\/\/ipesco-scr.infd.edu.ar\/sitio\/wp-content\/uploads\/2023\/07\/PEE-DI-SEH-09-Practica-Pedagogica-I-2023-1.pdf\" class=\"wp-block-file__button wp-element-button\" download aria-describedby=\"wp-block-file--media-daff1608-2236-44f6-a9ea-adcfb32bda90\">Descarga<\/a><\/div>\n\n\n\n<p><\/p>\n\n\n\n<p><strong>2do a\u00f1o <\/strong><\/p>\n\n\n\n<div class=\"wp-block-file\"><a id=\"wp-block-file--media-3d763c36-00c4-46e9-9ce5-58354dfa9316\" href=\"https:\/\/ipesco-scr.infd.edu.ar\/sitio\/wp-content\/uploads\/2023\/07\/PEE-DI-SEH-10-Matematica-y-su-Didactica-2023-1.pdf\">PEE-DI-SEH-10-Matematica-y-su-Didactica-2023-1<\/a><a href=\"https:\/\/ipesco-scr.infd.edu.ar\/sitio\/wp-content\/uploads\/2023\/07\/PEE-DI-SEH-10-Matematica-y-su-Didactica-2023-1.pdf\" class=\"wp-block-file__button wp-element-button\" download aria-describedby=\"wp-block-file--media-3d763c36-00c4-46e9-9ce5-58354dfa9316\">Descarga<\/a><\/div>\n\n\n\n<div class=\"wp-block-file\"><a id=\"wp-block-file--media-cb1c6474-d174-4e98-8d5f-96d38e2e9748\" href=\"https:\/\/ipesco-scr.infd.edu.ar\/sitio\/wp-content\/uploads\/2023\/07\/PEE-DI-SEH-11-Ciencias-Naturales-y-su-Didactica-2023-1.pdf\">PEE-DI-SEH-11-Ciencias-Naturales-y-su-Didactica-2023-1<\/a><a href=\"https:\/\/ipesco-scr.infd.edu.ar\/sitio\/wp-content\/uploads\/2023\/07\/PEE-DI-SEH-11-Ciencias-Naturales-y-su-Didactica-2023-1.pdf\" class=\"wp-block-file__button wp-element-button\" download aria-describedby=\"wp-block-file--media-cb1c6474-d174-4e98-8d5f-96d38e2e9748\">Descarga<\/a><\/div>\n\n\n\n<div class=\"wp-block-file\"><a id=\"wp-block-file--media-0e30b303-113e-4cbc-9d21-f381ad4548a3\" href=\"https:\/\/ipesco-scr.infd.edu.ar\/sitio\/wp-content\/uploads\/2023\/07\/PEE-DI-SEH-12-Comunicacion-y-Lenguaje-2023-1.pdf\">PEE-DI-SEH-12-Comunicacion-y-Lenguaje-2023-1<\/a><a href=\"https:\/\/ipesco-scr.infd.edu.ar\/sitio\/wp-content\/uploads\/2023\/07\/PEE-DI-SEH-12-Comunicacion-y-Lenguaje-2023-1.pdf\" class=\"wp-block-file__button wp-element-button\" download aria-describedby=\"wp-block-file--media-0e30b303-113e-4cbc-9d21-f381ad4548a3\">Descarga<\/a><\/div>\n\n\n\n<div class=\"wp-block-file\"><a id=\"wp-block-file--media-1b0dc522-ad04-47e8-b7d3-500f9e39c0d6\" href=\"https:\/\/ipesco-scr.infd.edu.ar\/sitio\/wp-content\/uploads\/2023\/07\/PEE-DI-SEH-13-Integracion-como-Estrategia-para-la-Inclusion-2023-1.pdf\">PEE-DI-SEH-13-Integracion-como-Estrategia-para-la-Inclusion-2023-1<\/a><a href=\"https:\/\/ipesco-scr.infd.edu.ar\/sitio\/wp-content\/uploads\/2023\/07\/PEE-DI-SEH-13-Integracion-como-Estrategia-para-la-Inclusion-2023-1.pdf\" class=\"wp-block-file__button wp-element-button\" download aria-describedby=\"wp-block-file--media-1b0dc522-ad04-47e8-b7d3-500f9e39c0d6\">Descarga<\/a><\/div>\n\n\n\n<div class=\"wp-block-file\"><a id=\"wp-block-file--media-d2334b37-41a3-4759-aaa3-3cfa63351693\" href=\"https:\/\/ipesco-scr.infd.edu.ar\/sitio\/wp-content\/uploads\/2023\/07\/PEE-DI-SEH-14-Bases-Neuropsicobiologicas-Del-Desarrollo-2023-1.pdf\">PEE-DI-SEH-14-Bases-Neuropsicobiologicas-Del-Desarrollo-2023-1<\/a><a href=\"https:\/\/ipesco-scr.infd.edu.ar\/sitio\/wp-content\/uploads\/2023\/07\/PEE-DI-SEH-14-Bases-Neuropsicobiologicas-Del-Desarrollo-2023-1.pdf\" class=\"wp-block-file__button wp-element-button\" download aria-describedby=\"wp-block-file--media-d2334b37-41a3-4759-aaa3-3cfa63351693\">Descarga<\/a><\/div>\n\n\n\n<div class=\"wp-block-file\"><a id=\"wp-block-file--media-5086d6d4-1819-4cc9-8dd5-d129c8423b88\" href=\"https:\/\/ipesco-scr.infd.edu.ar\/sitio\/wp-content\/uploads\/2023\/07\/PEE-SEH-DI-15-Educacion-Psicomotriz-2023-1.pdf\">PEE-SEH-DI-15-Educacion-Psicomotriz-2023-1<\/a><a href=\"https:\/\/ipesco-scr.infd.edu.ar\/sitio\/wp-content\/uploads\/2023\/07\/PEE-SEH-DI-15-Educacion-Psicomotriz-2023-1.pdf\" class=\"wp-block-file__button wp-element-button\" download aria-describedby=\"wp-block-file--media-5086d6d4-1819-4cc9-8dd5-d129c8423b88\">Descarga<\/a><\/div>\n\n\n\n<div class=\"wp-block-file\"><a id=\"wp-block-file--media-18fb6db7-f473-4b74-89b3-0a7d0da05745\" href=\"https:\/\/ipesco-scr.infd.edu.ar\/sitio\/wp-content\/uploads\/2023\/07\/PEE-SEH-16-EDI-Cuerpo-Juego-y-expresion-2023.pdf\">PEE-SEH-16-EDI-Cuerpo-Juego-y-expresion-2023<\/a><a href=\"https:\/\/ipesco-scr.infd.edu.ar\/sitio\/wp-content\/uploads\/2023\/07\/PEE-SEH-16-EDI-Cuerpo-Juego-y-expresion-2023.pdf\" class=\"wp-block-file__button wp-element-button\" download aria-describedby=\"wp-block-file--media-18fb6db7-f473-4b74-89b3-0a7d0da05745\">Descarga<\/a><\/div>\n\n\n\n<div class=\"wp-block-file\"><a id=\"wp-block-file--media-138d9643-5d15-4c26-852a-3ee4d0157c2a\" href=\"https:\/\/ipesco-scr.infd.edu.ar\/sitio\/wp-content\/uploads\/2023\/11\/PEE-SEH-DI-16-17-PSICOLOGIA-EDUCACIONAL-2023-1.pdf\">PEE-SEH-DI-16-17-PSICOLOGIA-EDUCACIONAL-2023-1<\/a><a href=\"https:\/\/ipesco-scr.infd.edu.ar\/sitio\/wp-content\/uploads\/2023\/11\/PEE-SEH-DI-16-17-PSICOLOGIA-EDUCACIONAL-2023-1.pdf\" class=\"wp-block-file__button wp-element-button\" download aria-describedby=\"wp-block-file--media-138d9643-5d15-4c26-852a-3ee4d0157c2a\">Descarga<\/a><\/div>\n\n\n\n<div class=\"wp-block-file\"><a id=\"wp-block-file--media-71efd4ad-c2d6-4335-90b8-26d6650d9059\" href=\"https:\/\/ipesco-scr.infd.edu.ar\/sitio\/wp-content\/uploads\/2023\/11\/PEE-SEH-DI-17-18-HISTORIA-Y-POLITICAS-DE-LA-EDUCACION-ARGENTINA-2023-1.pdf\">PEE-SEH-DI-17-18-HISTORIA-Y-POLITICAS-DE-LA-EDUCACION-ARGENTINA-2023-1<\/a><a href=\"https:\/\/ipesco-scr.infd.edu.ar\/sitio\/wp-content\/uploads\/2023\/11\/PEE-SEH-DI-17-18-HISTORIA-Y-POLITICAS-DE-LA-EDUCACION-ARGENTINA-2023-1.pdf\" class=\"wp-block-file__button wp-element-button\" download aria-describedby=\"wp-block-file--media-71efd4ad-c2d6-4335-90b8-26d6650d9059\">Descarga<\/a><\/div>\n\n\n\n<div class=\"wp-block-file\"><a id=\"wp-block-file--media-dffed195-fb81-4e52-b1ff-f1e2e60e3e3f\" href=\"https:\/\/ipesco-scr.infd.edu.ar\/sitio\/wp-content\/uploads\/2023\/07\/PEE-DI-SEH-18-Practica-Pedagogica-II-2023-1.pdf\">PEE-DI-SEH-18-Practica-Pedagogica-II-2023-1<\/a><a href=\"https:\/\/ipesco-scr.infd.edu.ar\/sitio\/wp-content\/uploads\/2023\/07\/PEE-DI-SEH-18-Practica-Pedagogica-II-2023-1.pdf\" class=\"wp-block-file__button wp-element-button\" download aria-describedby=\"wp-block-file--media-dffed195-fb81-4e52-b1ff-f1e2e60e3e3f\">Descarga<\/a><\/div>\n\n\n\n<p><\/p>\n\n\n\n<p><strong>3er a\u00f1o<\/strong><\/p>\n\n\n\n<div class=\"wp-block-file\"><a id=\"wp-block-file--media-17e513a1-7a30-40fa-ae8a-270225764031\" href=\"https:\/\/ipesco-scr.infd.edu.ar\/sitio\/wp-content\/uploads\/2023\/07\/PEE-SEH-20-Lengua-de-Senas-Argentina-I-2023.pdf\">PEE-SEH-20-Lengua-de-Senas-Argentina-I-2023<\/a><a href=\"https:\/\/ipesco-scr.infd.edu.ar\/sitio\/wp-content\/uploads\/2023\/07\/PEE-SEH-20-Lengua-de-Senas-Argentina-I-2023.pdf\" class=\"wp-block-file__button wp-element-button\" download aria-describedby=\"wp-block-file--media-17e513a1-7a30-40fa-ae8a-270225764031\">Descarga<\/a><\/div>\n\n\n\n<div class=\"wp-block-file\"><a id=\"wp-block-file--media-5abfece3-11c8-4b43-a591-8107ce36cb14\" href=\"https:\/\/ipesco-scr.infd.edu.ar\/sitio\/wp-content\/uploads\/2023\/07\/PEE-SEH-21-Abordaje-Pedagogico-Para-el-Sujeto-Sordo-e-Hipoacusico-I-2023.pdf\">PEE-SEH-21-Abordaje-Pedagogico-Para-el-Sujeto-Sordo-e-Hipoacusico-I-2023<\/a><a href=\"https:\/\/ipesco-scr.infd.edu.ar\/sitio\/wp-content\/uploads\/2023\/07\/PEE-SEH-21-Abordaje-Pedagogico-Para-el-Sujeto-Sordo-e-Hipoacusico-I-2023.pdf\" class=\"wp-block-file__button wp-element-button\" download aria-describedby=\"wp-block-file--media-5abfece3-11c8-4b43-a591-8107ce36cb14\">Descarga<\/a><\/div>\n\n\n\n<div class=\"wp-block-file\"><a id=\"wp-block-file--media-a16190ec-d8ae-478d-a340-6a0bc8c42e34\" href=\"https:\/\/ipesco-scr.infd.edu.ar\/sitio\/wp-content\/uploads\/2023\/11\/PEE-SEH-22-FILOSOFIA-DE-LA-EDUCACION-2023-1.pdf\">PEE-SEH-22-FILOSOFIA-DE-LA-EDUCACION-2023-1<\/a><a href=\"https:\/\/ipesco-scr.infd.edu.ar\/sitio\/wp-content\/uploads\/2023\/11\/PEE-SEH-22-FILOSOFIA-DE-LA-EDUCACION-2023-1.pdf\" class=\"wp-block-file__button wp-element-button\" download aria-describedby=\"wp-block-file--media-a16190ec-d8ae-478d-a340-6a0bc8c42e34\">Descarga<\/a><\/div>\n\n\n\n<div class=\"wp-block-file\"><a id=\"wp-block-file--media-80ca26cc-7e85-4ab4-91e4-e995926c37c1\" href=\"https:\/\/ipesco-scr.infd.edu.ar\/sitio\/wp-content\/uploads\/2023\/07\/PEE-SEH-23-Educacion-Temprana-2023.pdf\">PEE-SEH-23-Educacion-Temprana-2023<\/a><a href=\"https:\/\/ipesco-scr.infd.edu.ar\/sitio\/wp-content\/uploads\/2023\/07\/PEE-SEH-23-Educacion-Temprana-2023.pdf\" class=\"wp-block-file__button wp-element-button\" download aria-describedby=\"wp-block-file--media-80ca26cc-7e85-4ab4-91e4-e995926c37c1\">Descarga<\/a><\/div>\n\n\n\n<div class=\"wp-block-file\"><a id=\"wp-block-file--media-3b69df2a-34bd-4701-9bfb-883c77f14048\" href=\"https:\/\/ipesco-scr.infd.edu.ar\/sitio\/wp-content\/uploads\/2023\/07\/PEE-SEH-24-Alteraciones-del-Lenguaje-y-la-Comunicacion-2023.pdf\">PEE-SEH-24-Alteraciones-del-Lenguaje-y-la-Comunicacion-2023<\/a><a href=\"https:\/\/ipesco-scr.infd.edu.ar\/sitio\/wp-content\/uploads\/2023\/07\/PEE-SEH-24-Alteraciones-del-Lenguaje-y-la-Comunicacion-2023.pdf\" class=\"wp-block-file__button wp-element-button\" download aria-describedby=\"wp-block-file--media-3b69df2a-34bd-4701-9bfb-883c77f14048\">Descarga<\/a><\/div>\n\n\n\n<div class=\"wp-block-file\"><a id=\"wp-block-file--media-f0dfe857-0757-494f-9440-46c8a8582397\" href=\"https:\/\/ipesco-scr.infd.edu.ar\/sitio\/wp-content\/uploads\/2023\/11\/PEE-SEH-25-ALFABETIZACION-INICIAL-PARA-EL-SUJETO-SORDO-E-HIPOACUSICO-I-2023.pdf\">PEE-SEH-25-ALFABETIZACION-INICIAL-PARA-EL-SUJETO-SORDO-E-HIPOACUSICO-I-2023<\/a><a href=\"https:\/\/ipesco-scr.infd.edu.ar\/sitio\/wp-content\/uploads\/2023\/11\/PEE-SEH-25-ALFABETIZACION-INICIAL-PARA-EL-SUJETO-SORDO-E-HIPOACUSICO-I-2023.pdf\" class=\"wp-block-file__button wp-element-button\" download aria-describedby=\"wp-block-file--media-f0dfe857-0757-494f-9440-46c8a8582397\">Descarga<\/a><\/div>\n\n\n\n<div class=\"wp-block-file\"><a id=\"wp-block-file--media-a8fd208e-8a1c-4742-93cf-59afacb56174\" href=\"https:\/\/ipesco-scr.infd.edu.ar\/sitio\/wp-content\/uploads\/2023\/11\/PEE-SEH-26-PEDAGOGIA-2023.pdf\">PEE-SEH-26-PEDAGOGIA-2023<\/a><a href=\"https:\/\/ipesco-scr.infd.edu.ar\/sitio\/wp-content\/uploads\/2023\/11\/PEE-SEH-26-PEDAGOGIA-2023.pdf\" class=\"wp-block-file__button wp-element-button\" download aria-describedby=\"wp-block-file--media-a8fd208e-8a1c-4742-93cf-59afacb56174\">Descarga<\/a><\/div>\n\n\n\n<div class=\"wp-block-file\"><a id=\"wp-block-file--media-86d286a2-3792-47ab-806e-c15dfd165b2f\" href=\"https:\/\/ipesco-scr.infd.edu.ar\/sitio\/wp-content\/uploads\/2023\/11\/PEE-SEH-27-PROBLEMATICA-DE-LA-SUBJETIVIDAD-Y-LA-DISCAPACIDAD-2023.pdf\">PEE-SEH-27-PROBLEMATICA-DE-LA-SUBJETIVIDAD-Y-LA-DISCAPACIDAD-2023<\/a><a href=\"https:\/\/ipesco-scr.infd.edu.ar\/sitio\/wp-content\/uploads\/2023\/11\/PEE-SEH-27-PROBLEMATICA-DE-LA-SUBJETIVIDAD-Y-LA-DISCAPACIDAD-2023.pdf\" class=\"wp-block-file__button wp-element-button\" download aria-describedby=\"wp-block-file--media-86d286a2-3792-47ab-806e-c15dfd165b2f\">Descarga<\/a><\/div>\n\n\n\n<div class=\"wp-block-file\"><a id=\"wp-block-file--media-368f81cc-1419-412a-bb33-b17121b9615a\" href=\"https:\/\/ipesco-scr.infd.edu.ar\/sitio\/wp-content\/uploads\/2023\/07\/PEE-SEH-28-Practica-Pedagogica-III-2023.pdf\">PEE-SEH-28-Practica-Pedagogica-III-2023<\/a><a href=\"https:\/\/ipesco-scr.infd.edu.ar\/sitio\/wp-content\/uploads\/2023\/07\/PEE-SEH-28-Practica-Pedagogica-III-2023.pdf\" class=\"wp-block-file__button wp-element-button\" download aria-describedby=\"wp-block-file--media-368f81cc-1419-412a-bb33-b17121b9615a\">Descarga<\/a><\/div>\n\n\n\n<p><\/p>\n\n\n\n<p><strong>4to a\u00f1o<\/strong><\/p>\n\n\n\n<div class=\"wp-block-file\"><a id=\"wp-block-file--media-6d8bc3a8-03c0-4a43-98d1-634e3e046478\" href=\"https:\/\/ipesco-scr.infd.edu.ar\/sitio\/wp-content\/uploads\/2023\/10\/PEE-SEH_29_-Lengua-de-senas-argentinas-II_2022-2023.pdf\">PEE-SEH_29_-Lengua-de-senas-argentinas-II_2022-2023<\/a><a href=\"https:\/\/ipesco-scr.infd.edu.ar\/sitio\/wp-content\/uploads\/2023\/10\/PEE-SEH_29_-Lengua-de-senas-argentinas-II_2022-2023.pdf\" class=\"wp-block-file__button wp-element-button\" download aria-describedby=\"wp-block-file--media-6d8bc3a8-03c0-4a43-98d1-634e3e046478\">Descarga<\/a><\/div>\n\n\n\n<div class=\"wp-block-file\"><a id=\"wp-block-file--media-c791ebe8-875c-4dad-85d6-71a0b1f0a433\" href=\"https:\/\/ipesco-scr.infd.edu.ar\/sitio\/wp-content\/uploads\/2023\/07\/PEE-SEH-30-Abordaje-Pedagogico-para-el-Sujeto-Sordo-e-Hipoacusico-II-2023.pdf\">PEE-SEH-30-Abordaje-Pedagogico-para-el-Sujeto-Sordo-e-Hipoacusico-II-2023<\/a><a href=\"https:\/\/ipesco-scr.infd.edu.ar\/sitio\/wp-content\/uploads\/2023\/07\/PEE-SEH-30-Abordaje-Pedagogico-para-el-Sujeto-Sordo-e-Hipoacusico-II-2023.pdf\" class=\"wp-block-file__button wp-element-button\" download aria-describedby=\"wp-block-file--media-c791ebe8-875c-4dad-85d6-71a0b1f0a433\">Descarga<\/a><\/div>\n\n\n\n<div class=\"wp-block-file\"><a id=\"wp-block-file--media-a5c54d62-392d-4870-a47b-fc7ce7dbe21c\" href=\"https:\/\/ipesco-scr.infd.edu.ar\/sitio\/wp-content\/uploads\/2023\/07\/PEE-SEH-31-Multidiscapacidad-2023.pdf\">PEE-SEH-31-Multidiscapacidad-2023<\/a><a href=\"https:\/\/ipesco-scr.infd.edu.ar\/sitio\/wp-content\/uploads\/2023\/07\/PEE-SEH-31-Multidiscapacidad-2023.pdf\" class=\"wp-block-file__button wp-element-button\" download aria-describedby=\"wp-block-file--media-a5c54d62-392d-4870-a47b-fc7ce7dbe21c\">Descarga<\/a><\/div>\n\n\n\n<div class=\"wp-block-file\"><a id=\"wp-block-file--media-10659bdf-3ae6-4854-b731-bf6c2b7918bf\" href=\"https:\/\/ipesco-scr.infd.edu.ar\/sitio\/wp-content\/uploads\/2023\/11\/PEE-SEH-32-SOCIOLOGIA-DE-LA-EDUCACION-2023.pdf\">PEE-SEH-32-SOCIOLOGIA-DE-LA-EDUCACION-2023<\/a><a href=\"https:\/\/ipesco-scr.infd.edu.ar\/sitio\/wp-content\/uploads\/2023\/11\/PEE-SEH-32-SOCIOLOGIA-DE-LA-EDUCACION-2023.pdf\" class=\"wp-block-file__button wp-element-button\" download aria-describedby=\"wp-block-file--media-10659bdf-3ae6-4854-b731-bf6c2b7918bf\">Descarga<\/a><\/div>\n\n\n\n<div class=\"wp-block-file\"><a id=\"wp-block-file--media-4cacd30c-f400-4bdc-b746-df9e93ed0056\" href=\"https:\/\/ipesco-scr.infd.edu.ar\/sitio\/wp-content\/uploads\/2023\/07\/PEE-SEH-33-Educacion-del-Adulto-Sordo-e-Hipoacusico-y-Mundo-del-Trabajo-2023.pdf\">PEE-SEH-33-Educacion-del-Adulto-Sordo-e-Hipoacusico-y-Mundo-del-Trabajo-2023<\/a><a href=\"https:\/\/ipesco-scr.infd.edu.ar\/sitio\/wp-content\/uploads\/2023\/07\/PEE-SEH-33-Educacion-del-Adulto-Sordo-e-Hipoacusico-y-Mundo-del-Trabajo-2023.pdf\" class=\"wp-block-file__button wp-element-button\" download aria-describedby=\"wp-block-file--media-4cacd30c-f400-4bdc-b746-df9e93ed0056\">Descarga<\/a><\/div>\n\n\n\n<div class=\"wp-block-file\"><a id=\"wp-block-file--media-782641e1-28ae-45b5-ad3a-34078ae9c3d0\" href=\"https:\/\/ipesco-scr.infd.edu.ar\/sitio\/wp-content\/uploads\/2023\/07\/PEE-SEH-34-Educacion-Sexual-Integral-2023.pdf\">PEE-SEH-34-Educacion-Sexual-Integral-2023<\/a><a href=\"https:\/\/ipesco-scr.infd.edu.ar\/sitio\/wp-content\/uploads\/2023\/07\/PEE-SEH-34-Educacion-Sexual-Integral-2023.pdf\" class=\"wp-block-file__button wp-element-button\" download aria-describedby=\"wp-block-file--media-782641e1-28ae-45b5-ad3a-34078ae9c3d0\">Descarga<\/a><\/div>\n\n\n\n<div class=\"wp-block-file\"><a id=\"wp-block-file--media-ce0261d9-4123-4343-8fcd-19b074858069\" href=\"https:\/\/ipesco-scr.infd.edu.ar\/sitio\/wp-content\/uploads\/2023\/07\/PEE-SEH-35-EDI-Mediaciones-para-la-Ensenanza-Recursos-y-Materiales-2023.pdf\">PEE-SEH-35-EDI-Mediaciones-para-la-Ensenanza-Recursos-y-Materiales-2023<\/a><a href=\"https:\/\/ipesco-scr.infd.edu.ar\/sitio\/wp-content\/uploads\/2023\/07\/PEE-SEH-35-EDI-Mediaciones-para-la-Ensenanza-Recursos-y-Materiales-2023.pdf\" class=\"wp-block-file__button wp-element-button\" download aria-describedby=\"wp-block-file--media-ce0261d9-4123-4343-8fcd-19b074858069\">Descarga<\/a><\/div>\n\n\n\n<div class=\"wp-block-file\"><a id=\"wp-block-file--media-37c9470a-160a-4049-b75c-91ef5718ab07\" href=\"https:\/\/ipesco-scr.infd.edu.ar\/sitio\/wp-content\/uploads\/2023\/11\/PEE-SEH-36-SISTEMAS-AUMENTATIVOS-Y-ALTERNATIVOS-DE-LA-COMUNICACION-2023.pdf\">PEE-SEH-36-SISTEMAS-AUMENTATIVOS-Y-ALTERNATIVOS-DE-LA-COMUNICACION-2023<\/a><a href=\"https:\/\/ipesco-scr.infd.edu.ar\/sitio\/wp-content\/uploads\/2023\/11\/PEE-SEH-36-SISTEMAS-AUMENTATIVOS-Y-ALTERNATIVOS-DE-LA-COMUNICACION-2023.pdf\" class=\"wp-block-file__button wp-element-button\" download aria-describedby=\"wp-block-file--media-37c9470a-160a-4049-b75c-91ef5718ab07\">Descarga<\/a><\/div>\n\n\n\n<div class=\"wp-block-file\"><a id=\"wp-block-file--media-b75b713c-bd80-4fb9-98c0-98c2639eacdc\" href=\"https:\/\/ipesco-scr.infd.edu.ar\/sitio\/wp-content\/uploads\/2023\/11\/PEE-SEH-37-FORMACION-ETICA-Y-CIUDADANA-2023.pdf\">PEE-SEH-37-FORMACION-ETICA-Y-CIUDADANA-2023<\/a><a href=\"https:\/\/ipesco-scr.infd.edu.ar\/sitio\/wp-content\/uploads\/2023\/11\/PEE-SEH-37-FORMACION-ETICA-Y-CIUDADANA-2023.pdf\" class=\"wp-block-file__button wp-element-button\" download aria-describedby=\"wp-block-file--media-b75b713c-bd80-4fb9-98c0-98c2639eacdc\">Descarga<\/a><\/div>\n\n\n\n<div class=\"wp-block-file\"><a id=\"wp-block-file--media-b1d8e77d-144a-4a8b-ab65-171dfd264661\" href=\"https:\/\/ipesco-scr.infd.edu.ar\/sitio\/wp-content\/uploads\/2023\/07\/PEE-SEH-38-Residencia-Pedagogica-2023.pdf\">PEE-SEH-38-Residencia-Pedagogica-2023<\/a><a href=\"https:\/\/ipesco-scr.infd.edu.ar\/sitio\/wp-content\/uploads\/2023\/07\/PEE-SEH-38-Residencia-Pedagogica-2023.pdf\" class=\"wp-block-file__button wp-element-button\" download aria-describedby=\"wp-block-file--media-b1d8e77d-144a-4a8b-ab65-171dfd264661\">Descarga<\/a><\/div>\n","protected":false},"excerpt":{"rendered":"<p>Profesorado de Educaci\u00f3n Especial con Orientaci\u00f3n en Sordos e Hipoac\u00fasicos Res. Plan 0295\/19 1er a\u00f1o 2do a\u00f1o 3er a\u00f1o 4to a\u00f1o<\/p>\n","protected":false},"author":4211,"featured_media":0,"parent":0,"menu_order":0,"comment_status":"closed","ping_status":"closed","template":"","meta":[],"acf":[],"_links":{"self":[{"href":"https:\/\/ipesco-scr.infd.edu.ar\/sitio\/wp-json\/wp\/v2\/pages\/6977"}],"collection":[{"href":"https:\/\/ipesco-scr.infd.edu.ar\/sitio\/wp-json\/wp\/v2\/pages"}],"about":[{"href":"https:\/\/ipesco-scr.infd.edu.ar\/sitio\/wp-json\/wp\/v2\/types\/page"}],"author":[{"embeddable":true,"href":"https:\/\/ipesco-scr.infd.edu.ar\/sitio\/wp-json\/wp\/v2\/users\/4211"}],"replies":[{"embeddable":true,"href":"https:\/\/ipesco-scr.infd.edu.ar\/sitio\/wp-json\/wp\/v2\/comments?post=6977"}],"version-history":[{"count":5,"href":"https:\/\/ipesco-scr.infd.edu.ar\/sitio\/wp-json\/wp\/v2\/pages\/6977\/revisions"}],"predecessor-version":[{"id":7123,"href":"https:\/\/ipesco-scr.infd.edu.ar\/sitio\/wp-json\/wp\/v2\/pages\/6977\/revisions\/7123"}],"wp:attachment":[{"href":"https:\/\/ipesco-scr.infd.edu.ar\/sitio\/wp-json\/wp\/v2\/media?parent=6977"}],"curies":[{"name":"wp","href":"https:\/\/api.w.org\/{rel}","templated":true}]}}