{"id":7217,"date":"2024-07-01T10:45:15","date_gmt":"2024-07-01T13:45:15","guid":{"rendered":"https:\/\/ipesco-scr.infd.edu.ar\/sitio\/?page_id=7217"},"modified":"2026-03-16T22:07:52","modified_gmt":"2026-03-17T01:07:52","slug":"examenes-regulares-y-libres-2","status":"publish","type":"page","link":"https:\/\/ipesco-scr.infd.edu.ar\/sitio\/examenes-regulares-y-libres-2\/","title":{"rendered":"EX\u00c1MENES FINALES 2DO TURNO JULIO AGOSTO"},"content":{"rendered":"\n<h2 class=\"wp-block-heading\">Inscripciones <strong>1\/07 <\/strong>y<strong> 02\/07 <\/strong>en sede B\u00ba Los Pinos<\/h2>\n\n\n\n<pre class=\"wp-block-preformatted has-base-3-color has-midnight-gradient-background has-text-color has-background\"><strong>LA INSCRIPCI\u00d3N SER\u00c1  DE MANERA PRESENCIAL EN SECTOR DE BEDEL\u00cdA <\/strong><\/pre>\n\n\n\n<hr class=\"wp-block-separator has-alpha-channel-opacity\"\/>\n\n\n\n<pre class=\"wp-block-preformatted has-accent-color has-base-3-background-color has-text-color has-background has-medium-font-size\">Los estudiantes con residencia en otras localidades que no puedan concurrir a la convocatoria tendr\u00e1n la posibilidad de enviar la boleta completa por WhatsApp a las Coordinadoras de las respectivas carreras para cumplimentar la inscripci\u00f3n.<\/pre>\n\n\n\n<ul>\n<li><em><strong>La\/s\/lo\/s alumna\/o\/s deber\u00e1n presentar dos ejemplares de la constancia de inscripci\u00f3n.<\/strong><\/em><\/li>\n\n\n\n<li><strong><em>El original quedar\u00e1 para el bedel y la copia ser\u00e1 entregada con la leyenda de \u00abRecibido\u00bb.<\/em><\/strong><\/li>\n<\/ul>\n\n\n\n<pre class=\"wp-block-preformatted has-contrast-3-color has-midnight-gradient-background has-text-color has-background has-medium-font-size\"><strong><em><a href=\"https:\/\/ipesco-scr.infd.edu.ar\/sitio\/wp-content\/uploads\/2024\/06\/Constancia-de-Inscripcio\u0301n-MESAS-DE-EXAMENES.pdf\" data-type=\"URL\" data-id=\"https:\/\/ipesco-scr.infd.edu.ar\/sitio\/wp-content\/uploads\/2024\/06\/Constancia-de-Inscripcio\u0301n-MESAS-DE-EXAMENES.pdf\">DESCARGUE FORMULARIO DE INSCRIPCI\u00d3N<\/a><\/em><\/strong><\/pre>\n\n\n\n<pre class=\"wp-block-preformatted has-contrast-color has-text-color has-background\" style=\"background-color:#0fdbf261\"><em style=\"font-weight: bold;\"><strong> PROFESORADO DE EDUCACI\u00d3N ESPECIAL AMBAS ORIENTACIONES<\/strong><\/em>\n\n<a href=\"https:\/\/ipesco-scr.infd.edu.ar\/sitio\/wp-content\/uploads\/2024\/07\/1\u00b0-Llamado-MESAS-DE-EXAMEN-JULIO-AGOSTO.pdf\" data-type=\"URL\" data-id=\"https:\/\/ipesco-scr.infd.edu.ar\/sitio\/wp-content\/uploads\/2024\/07\/1\u00b0-Llamado-MESAS-DE-EXAMEN-JULIO-AGOSTO.pdf\">1\u00ba Llamado<\/a>\n<a href=\"https:\/\/ipesco-scr.infd.edu.ar\/sitio\/wp-content\/uploads\/2024\/07\/2\u00b0-Llamado-MESAS-DE-EXAMEN-JULIO-AGOSTO.pdf\" data-type=\"URL\" data-id=\"https:\/\/ipesco-scr.infd.edu.ar\/sitio\/wp-content\/uploads\/2024\/07\/2\u00b0-Llamado-MESAS-DE-EXAMEN-JULIO-AGOSTO.pdf\">2\u00ba Llamado<\/a><\/pre>\n\n\n\n<pre class=\"wp-block-preformatted has-contrast-color has-text-color has-background\" style=\"background-color:#0fdbf261\"><strong><em>PROFESORADO DE ARTES VISUALES<\/em><\/strong>\n<a href=\"https:\/\/ipesco-scr.infd.edu.ar\/sitio\/wp-content\/uploads\/2024\/06\/PAV-MESAS-DE-EXAMEN-JULIO-AGOSTO-2024.pdf\" data-type=\"URL\" data-id=\"https:\/\/ipesco-scr.infd.edu.ar\/sitio\/wp-content\/uploads\/2024\/06\/PAV-MESAS-DE-EXAMEN-JULIO-AGOSTO-2024.pdf\">1\u00ba y 2\u00ba Llamado<\/a>\n\n<\/pre>\n\n\n\n<pre class=\"wp-block-preformatted has-contrast-color has-text-color has-background\" style=\"background-color:#0fdbf261\"><em><strong>PROFESORADO DE INGL\u00c9S<\/strong><\/em><strong><em>\n<\/em><\/strong>\n<a href=\"https:\/\/ipesco-scr.infd.edu.ar\/sitio\/wp-content\/uploads\/2024\/06\/PI-Mesas-Julio-Agosto-2024.pdf\" data-type=\"URL\" data-id=\"https:\/\/ipesco-scr.infd.edu.ar\/sitio\/wp-content\/uploads\/2024\/06\/PI-Mesas-Julio-Agosto-2024.pdf\">1\u00ba y 2\u00ba Llamado<\/a>\n<\/pre>\n\n\n\n<pre class=\"wp-block-preformatted has-contrast-color has-text-color has-background\" style=\"background-color:#0fdbf261\"><strong><em> PROFESORADO DE EDUCACI\u00d3N SECUNDARIA EN LENGUA Y LITERATURA<\/em><\/strong>\n\n<a href=\"https:\/\/ipesco-scr.infd.edu.ar\/sitio\/wp-content\/uploads\/2024\/06\/PLyL-Mesas-JULIO-AGOSTO-2024-1.pdf\" data-type=\"URL\" data-id=\"https:\/\/ipesco-scr.infd.edu.ar\/sitio\/wp-content\/uploads\/2024\/06\/PLyL-Mesas-JULIO-AGOSTO-2024-1.pdf\">1\u00ba y 2\u00ba Llamado<\/a>\n<\/pre>\n\n\n\n<pre class=\"wp-block-preformatted has-contrast-color has-text-color has-background\" style=\"background-color:#0fdbf261\"><strong><em> PROFESORADO DE M\u00daSICA<\/em><\/strong>\n\n<a href=\"https:\/\/ipesco-scr.infd.edu.ar\/sitio\/wp-content\/uploads\/2024\/06\/PM-Mesas-de-Exa\u0301menes-Primer-llamado.pdf\" data-type=\"URL\" data-id=\"https:\/\/ipesco-scr.infd.edu.ar\/sitio\/wp-content\/uploads\/2024\/06\/PM-Mesas-de-Exa\u0301menes-Primer-llamado.pdf\">1\u00ba Llamado<\/a>\n<a href=\"https:\/\/ipesco-scr.infd.edu.ar\/sitio\/wp-content\/uploads\/2024\/06\/PM-Mesas-de-Exa\u0301menes-Segundo-llamado.pdf\" data-type=\"URL\" data-id=\"https:\/\/ipesco-scr.infd.edu.ar\/sitio\/wp-content\/uploads\/2024\/06\/PM-Mesas-de-Exa\u0301menes-Segundo-llamado.pdf\">2\u00ba Llamado<\/a>\n<\/pre>\n\n\n\n<hr class=\"wp-block-separator has-alpha-channel-opacity\"\/>\n\n\n\n<p><\/p>\n","protected":false},"excerpt":{"rendered":"<p>Inscripciones 1\/07 y 02\/07 en sede B\u00ba Los Pinos LA INSCRIPCI\u00d3N SER\u00c1 DE MANERA PRESENCIAL EN SECTOR DE BEDEL\u00cdA Los estudiantes con residencia en otras localidades que no puedan concurrir a la convocatoria tendr\u00e1n la posibilidad de enviar la boleta completa por WhatsApp a las Coordinadoras de las respectivas carreras para cumplimentar la inscripci\u00f3n. DESCARGUE &#8230; <a title=\"EX\u00c1MENES FINALES 2DO TURNO JULIO AGOSTO\" class=\"read-more\" href=\"https:\/\/ipesco-scr.infd.edu.ar\/sitio\/examenes-regulares-y-libres-2\/\" aria-label=\"More on EX\u00c1MENES FINALES 2DO TURNO JULIO AGOSTO\">[+]<\/a><\/p>\n","protected":false},"author":1759,"featured_media":0,"parent":0,"menu_order":0,"comment_status":"closed","ping_status":"closed","template":"","meta":[],"acf":[],"_links":{"self":[{"href":"https:\/\/ipesco-scr.infd.edu.ar\/sitio\/wp-json\/wp\/v2\/pages\/7217"}],"collection":[{"href":"https:\/\/ipesco-scr.infd.edu.ar\/sitio\/wp-json\/wp\/v2\/pages"}],"about":[{"href":"https:\/\/ipesco-scr.infd.edu.ar\/sitio\/wp-json\/wp\/v2\/types\/page"}],"author":[{"embeddable":true,"href":"https:\/\/ipesco-scr.infd.edu.ar\/sitio\/wp-json\/wp\/v2\/users\/1759"}],"replies":[{"embeddable":true,"href":"https:\/\/ipesco-scr.infd.edu.ar\/sitio\/wp-json\/wp\/v2\/comments?post=7217"}],"version-history":[{"count":77,"href":"https:\/\/ipesco-scr.infd.edu.ar\/sitio\/wp-json\/wp\/v2\/pages\/7217\/revisions"}],"predecessor-version":[{"id":9174,"href":"https:\/\/ipesco-scr.infd.edu.ar\/sitio\/wp-json\/wp\/v2\/pages\/7217\/revisions\/9174"}],"wp:attachment":[{"href":"https:\/\/ipesco-scr.infd.edu.ar\/sitio\/wp-json\/wp\/v2\/media?parent=7217"}],"curies":[{"name":"wp","href":"https:\/\/api.w.org\/{rel}","templated":true}]}}