{"id":7301,"date":"2024-03-13T11:59:34","date_gmt":"2024-03-13T14:59:34","guid":{"rendered":"https:\/\/ipesco-scr.infd.edu.ar\/sitio\/?page_id=7301"},"modified":"2024-03-13T11:59:36","modified_gmt":"2024-03-13T14:59:36","slug":"convocatoria-a-egresados-del-ipes-co","status":"publish","type":"page","link":"https:\/\/ipesco-scr.infd.edu.ar\/sitio\/convocatoria-a-egresados-del-ipes-co\/","title":{"rendered":"CONVOCATORIA A EGRESADOS HASTA EL 5 DE ABRIL"},"content":{"rendered":"\n<p>El agente normalizador y rector del Instituto Provincial de Educaci\u00f3n Superior Sede Caleta Olivia, Esp. Pablo Salda\u00f1o, <strong><em>convoca a los egresados de la instituci\u00f3n con el fin de invitarlos a participar en la profundizaci\u00f3n del proceso de democratizaci\u00f3n en la Educaci\u00f3n Superior<\/em><\/strong>, como versa la Ley de Educaci\u00f3n Superior N.\u00ba 24.521.<\/p>\n\n\n\n<p>La democratizaci\u00f3n institucional est\u00e1 fundamentada en el <strong>Reglamento Org\u00e1nico Marco<\/strong> (ROM) el cual <strong><em>\u201cestablece la organizaci\u00f3n institucional de los institutos de Educaci\u00f3n Superior; su gobierno y la gesti\u00f3n institucional, acad\u00e9mica y administrativa; incluyendo la descripci\u00f3n de responsabilidades y funciones, el modo de acceso y cobertura de los cargos; tanto aquellos que componen la gesti\u00f3n acad\u00e9mica como los que corresponden a los \u00f3rganos colegiados.\u201d<\/em><\/strong> (p. 1 ROM)<\/p>\n\n\n\n<p>Implica que nuestra Instituci\u00f3n de Educaci\u00f3n Superior, tendr\u00e1<strong><em> \u201ccomo \u00f3rgano colegiado de consulta al Consejo Institucional, integrado por los claustros de: docentes, estudiantes, graduados, y personal administrativo, el que ser\u00e1 presidido por el Rector de la Instituci\u00f3n.\u201d <\/em><\/strong>(Art. 25 ROM)<\/p>\n\n\n\n<pre class=\"wp-block-preformatted has-base-3-color has-accent-background-color has-text-color has-background\"><strong>EL CLAUSTRO DE GRADUADOS<\/strong><\/pre>\n\n\n\n<p>Son graduados del Instituto quienes hubieren finalizado los estudios conforme los planes establecidos para ofertas de formaci\u00f3n inicial o continua (Postitulaciones), y obtenido el t\u00edtulo correspondiente. (Art.89 ROM).<\/p>\n\n\n\n<p>El reglamento <strong><em>\u201cestablece que un (1) graduado formar\u00e1 parte de los miembros integrantes del Consejo Institucional.\u201d<\/em><\/strong> (Art. 26 ROM); y su respectivo suplente.<\/p>\n\n\n\n<p>Para ser Consejero por el claustro de graduados se requiere ser graduado del Instituto de Educaci\u00f3n Superior en el cual se postula, no desempe\u00f1ar funciones rentadas en el mismo y ejercer la profesi\u00f3n de la cual egres\u00f3 de ese Instituto. (Art. 28 ROM), es decir, para participar, tiene que haberse graduado en el IPES Caleta Olivia.<\/p>\n\n\n\n<p>T\u00e9ngase en cuenta que <strong><em>\u201ctodos los Consejeros de claustros desempe\u00f1ar\u00e1n la funci\u00f3n ad-honorem y ser\u00e1n electos por sus pares, mediante voto directo, secreto e individual.\u201d <\/em><\/strong>(Art. 31 ROM) Por otra. Asimismo, los Consejeros de graduados \u201cdurar\u00e1n en sus funciones cuatro a\u00f1os\u201d y en caso de vacante asumir\u00e1 su suplente. (Art. 32).<\/p>\n\n\n\n<pre class=\"wp-block-preformatted has-base-3-color has-accent-background-color has-text-color has-background\"><strong>DERECHOS Y DEBERES DE LOS GRADUADOS<\/strong><\/pre>\n\n\n\n<p>Art. 90.- Los <strong>graduados tienen derecho<\/strong> a:<\/p>\n\n\n\n<ol type=\"a\">\n<li>Tener acceso al conocimiento de los reglamentos y disposiciones vigentes as\u00ed como las garant\u00edas y procedimientos dispuestos para la defensa de sus derechos.<\/li>\n\n\n\n<li>Solicitar orientaci\u00f3n en los temas vinculados a su desarrollo profesional.<\/li>\n\n\n\n<li>Participar en la vida institucional.<\/li>\n\n\n\n<li>Expresarse y peticionar de manera libre y responsable, con arreglo a las pr\u00e1cticas y principios democr\u00e1ticos.<\/li>\n\n\n\n<li>Estar representados en el Consejo Institucional.<\/li>\n\n\n\n<li>Constituir el Centro y\/o Asociaci\u00f3n de Graduados.<\/li>\n<\/ol>\n\n\n\n<p>Art. 91.- Los <strong>graduados deben<\/strong>:<\/p>\n\n\n\n<ol type=\"a\">\n<li>Observar el presente Reglamento y dem\u00e1s normas reglamentarias y disposiciones vigentes.<\/li>\n\n\n\n<li>Procurar la mejor formaci\u00f3n acad\u00e9mica y cultural, haciendo uso activo de los espacios institucionales.<\/li>\n\n\n\n<li>Mantener un trato respetuoso con todos los miembros de la comunidad educativa, fomentando el esp\u00edritu de iniciativa, colaboraci\u00f3n y solidaridad, respetando la diversidad.<\/li>\n\n\n\n<li>Cooperar, orientar y asistir a los estudiantes en aquellas actividades para las que fueran convocados por las autoridades del Instituto, siempre que existiera consentimiento por parte de estos graduados.<\/li>\n<\/ol>\n\n\n\n<pre class=\"wp-block-preformatted has-base-3-color has-accent-background-color has-text-color has-background\"><strong>PADR\u00d3N ELECTORAL DE GRADUADOS Y OFICIALIZACI\u00d3N DE LISTAS<\/strong><\/pre>\n\n\n\n<p>En cuanto al R\u00e9gimen Electoral para la elecci\u00f3n del Consejo Institucional del IPES-CO, cada claustro debe tener conformado su padr\u00f3n electoral, ordenado alfab\u00e9ticamente de la A a la Z. (Art. 12-DI N.\u00ba 14-DPES-24 R\u00e9gimen Electoral para los IFD Santa Cruz). Por lo cual, aquellos graduados que deseen participar como candidatos o ser electores, <strong><em>\u201cdeber\u00e1n figurar en los padrones aprobados por la Junta Electoral Institucional.\u201d <\/em><\/strong>(Art. 16 DI N.\u00ba 14)<\/p>\n\n\n\n<pre class=\"wp-block-preformatted has-base-3-color has-accent-background-color has-text-color has-background\"><strong>ARMADO DEL PADR\u00d3N ELECTORAL HASTA EL VIERNES 5 DE ABRIL<\/strong><\/pre>\n\n\n\n<p class=\"has-text-color\" style=\"color:#f20909\"><strong><em>Con el fin de estar incluido en el padr\u00f3n del Claustro de Graduados se solicita complete en el formulario los siguientes datos: n\u00famero de DNI y nombre y apellido completo, seg\u00fan obre en ese documento. <\/em><\/strong>(Art. 12 DI N.\u00ba 14).<\/p>\n\n\n\n<p>Los graduados podr\u00e1n completar el formulario que estar\u00e1 disponible hasta el pr\u00f3ximo viernes 5 de abril al mediod\u00eda.<\/p>\n\n\n\n<pre class=\"wp-block-preformatted has-base-3-color has-accent-background-color has-text-color has-background\"><strong>HAGA CLIC SOBRE LA IMAGEN PARA ACCEDER AL FORMULARIO<\/strong><\/pre>\n\n\n<div class=\"wp-block-image\">\n<figure class=\"aligncenter size-full\"><a href=\"https:\/\/docs.google.com\/forms\/d\/e\/1FAIpQLScWa5ncVxzScwXyaU2rw8PtZkB6C20bkofAOmdv6dLI4FDawg\/viewform?usp=sharing\"><img decoding=\"async\" loading=\"lazy\" width=\"425\" height=\"540\" src=\"https:\/\/ipesco-scr.infd.edu.ar\/sitio\/wp-content\/uploads\/2024\/02\/FORMULARIO-EGRESADOS.png\" alt=\"\" class=\"wp-image-7317\"\/><\/a><\/figure><\/div>\n\n\n<p>A todos los profesionales de la educaci\u00f3n que obtuvieron su t\u00edtulo docente en esta instituci\u00f3n formadora santacruce\u00f1a, los esperamos para que sean protagonistas de una nueva etapa en la democratizaci\u00f3n institucional.<\/p>\n\n\n\n<hr class=\"wp-block-separator has-alpha-channel-opacity\"\/>\n","protected":false},"excerpt":{"rendered":"<p>El agente normalizador y rector del Instituto Provincial de Educaci\u00f3n Superior Sede Caleta Olivia, Esp. Pablo Salda\u00f1o, convoca a los egresados de la instituci\u00f3n con el fin de invitarlos a participar en la profundizaci\u00f3n del proceso de democratizaci\u00f3n en la Educaci\u00f3n Superior, como versa la Ley de Educaci\u00f3n Superior N.\u00ba 24.521. La democratizaci\u00f3n institucional est\u00e1 &#8230; <a title=\"CONVOCATORIA A EGRESADOS HASTA EL 5 DE ABRIL\" class=\"read-more\" href=\"https:\/\/ipesco-scr.infd.edu.ar\/sitio\/convocatoria-a-egresados-del-ipes-co\/\" aria-label=\"More on CONVOCATORIA A EGRESADOS HASTA EL 5 DE ABRIL\">[+]<\/a><\/p>\n","protected":false},"author":1759,"featured_media":0,"parent":0,"menu_order":0,"comment_status":"closed","ping_status":"closed","template":"","meta":[],"acf":[],"_links":{"self":[{"href":"https:\/\/ipesco-scr.infd.edu.ar\/sitio\/wp-json\/wp\/v2\/pages\/7301"}],"collection":[{"href":"https:\/\/ipesco-scr.infd.edu.ar\/sitio\/wp-json\/wp\/v2\/pages"}],"about":[{"href":"https:\/\/ipesco-scr.infd.edu.ar\/sitio\/wp-json\/wp\/v2\/types\/page"}],"author":[{"embeddable":true,"href":"https:\/\/ipesco-scr.infd.edu.ar\/sitio\/wp-json\/wp\/v2\/users\/1759"}],"replies":[{"embeddable":true,"href":"https:\/\/ipesco-scr.infd.edu.ar\/sitio\/wp-json\/wp\/v2\/comments?post=7301"}],"version-history":[{"count":20,"href":"https:\/\/ipesco-scr.infd.edu.ar\/sitio\/wp-json\/wp\/v2\/pages\/7301\/revisions"}],"predecessor-version":[{"id":7642,"href":"https:\/\/ipesco-scr.infd.edu.ar\/sitio\/wp-json\/wp\/v2\/pages\/7301\/revisions\/7642"}],"wp:attachment":[{"href":"https:\/\/ipesco-scr.infd.edu.ar\/sitio\/wp-json\/wp\/v2\/media?parent=7301"}],"curies":[{"name":"wp","href":"https:\/\/api.w.org\/{rel}","templated":true}]}}