{"id":7881,"date":"2024-04-18T12:28:58","date_gmt":"2024-04-18T15:28:58","guid":{"rendered":"https:\/\/ipesco-scr.infd.edu.ar\/sitio\/?page_id=7881"},"modified":"2024-05-03T02:47:55","modified_gmt":"2024-05-03T05:47:55","slug":"convocatoria-progresar-2024","status":"publish","type":"page","link":"https:\/\/ipesco-scr.infd.edu.ar\/sitio\/convocatoria-progresar-2024\/","title":{"rendered":"CONVOCATORIA PROGRESAR 2024"},"content":{"rendered":"\n<p>Se informa que recientemente hubo una ampliaci\u00f3n y  hasta el d\u00eda 17 de mayo se encuentra\u00a0<strong>abierta la inscripci\u00f3n para su acceso<\/strong>.\u00a0 Asimismo, y a prop\u00f3sito de dicha inscripci\u00f3n, les recordamos que se encuentra habilitado el\u00a0<strong>proceso de certificaci\u00f3n acad\u00e9mica<\/strong>\u00a0y que el mismo estar\u00e1 disponible\u00a0<strong>hasta el 24 de mayo<\/strong>.   <\/p>\n\n\n\n<p>En el caso de <em><strong>Progresar Trabajo<\/strong><\/em>, la inscripci\u00f3n se extender\u00e1 hasta el 30 de noviembre.<\/p>\n\n\n\n<p>Los beneficiarios de la beca Progresar cobrar\u00e1n 12 cuotas mensuales que sumar\u00e1n un total de $240.000.<\/p>\n\n\n\n<p><\/p>\n\n\n\n<div style=\"height:10px\" aria-hidden=\"true\" class=\"wp-block-spacer\"><\/div>\n\n\n\n<pre class=\"wp-block-preformatted has-base-3-color has-text-color has-background\" style=\"background:linear-gradient(274deg,rgb(254,205,165) 0%,rgb(254,45,45) 50%,rgb(107,0,62) 100%)\"><strong>REQUISITOS PARA POSTULARSE A PROGRESAR SUPERIOR<\/strong><\/pre>\n\n\n\n<ul>\n<li>EDAD: entre 17 y 24 o hasta 30 si est\u00e1n avanzados en la carrera.<\/li>\n\n\n\n<li>INGRESOS: Los ingresos del grupo familiar de los aspirantes no deben superar tres veces el Salario M\u00ednimo Vital y M\u00f3vil vigente en Argentina.  <\/li>\n\n\n\n<li>ESTUDIOS: Los aspirantes deber\u00e1n acreditar la asistencia regular a una instituci\u00f3n educativa (IPESCO) y cumplir con los avances acad\u00e9micos que solicita la l\u00ednea PROGRESAR SUPERIOR.<\/li>\n\n\n\n<li>AMPLIAR requisitos en el <a rel=\"noreferrer noopener\" href=\"https:\/\/www.argentina.gob.ar\/educacion\/progresar\/requisitos\/progresar-nivel-superior\" target=\"_blank\">sitio web <\/a>Progresar Nivel Superior.<\/li>\n<\/ul>\n\n\n\n<div style=\"height:10px\" aria-hidden=\"true\" class=\"wp-block-spacer\"><\/div>\n\n\n\n<pre class=\"wp-block-preformatted has-base-3-color has-text-color has-background\" style=\"background:linear-gradient(274deg,rgb(254,205,165) 0%,rgb(254,45,45) 50%,rgb(107,0,62) 100%)\"><strong>BECAS DE NIVEL SUPERIOR PARA ESTUDIANTES AVANZADOS<\/strong><\/pre>\n\n\n\n<p>En cuanto a las becas de&nbsp;<strong>nivel superior<\/strong>&nbsp;para estudiantes avanzados, se pasar\u00e1 del requisito m\u00ednimo de 2 materias del a\u00f1o anterior aprobadas al requisito de 50 % de materias del a\u00f1o anterior aprobadas. Pero habr\u00e1 una distinci\u00f3n entre quienes tuvieron beca en 2023 y quienes la solicitan por primera vez. Quienes tuvieron beca en 2023 y no alcanzan el 50 % de materias aprobadas seg\u00fan el plan de estudios de ese a\u00f1o, podr\u00e1n aplicar al programa. Sin embargo, si son adjudicados, percibir\u00e1n la cuota de transici\u00f3n establecida para 2024, que ser\u00e1 un 80 % del monto mensual de la beca. Quienes quieran acceder a la beca por primera vez, deber\u00e1n cumplir con el requisito del 50 % de materias aprobadas del plan de estudios cursado en 2023 y \u2014de ser adjudicados\u2014 percibir\u00e1n el 100 % del monto mensual de la beca.<\/p>\n\n\n\n<div style=\"height:10px\" aria-hidden=\"true\" class=\"wp-block-spacer\"><\/div>\n\n\n\n<pre class=\"wp-block-preformatted has-base-3-color has-text-color has-background\" style=\"background:linear-gradient(274deg,rgb(254,205,165) 0%,rgb(254,45,45) 50%,rgb(107,0,62) 100%)\"><strong>D\u00d3NDE Y C\u00d3MO INSCRIBIRSE<\/strong> <\/pre>\n\n\n\n<p>Quienes deseen inscribirse podr\u00e1n hacerlo en la web Progresar<\/p>\n\n\n\n<p class=\"has-text-align-center\"><a rel=\"noreferrer noopener\" href=\"https:\/\/www.argentina.gob.ar\/educacion\/progresar\" target=\"_blank\">https:\/\/www.argentina.gob.ar\/educacion\/progresar<\/a><\/p>\n\n\n\n<div style=\"height:10px\" aria-hidden=\"true\" class=\"wp-block-spacer\"><\/div>\n\n\n\n<pre class=\"wp-block-preformatted has-base-3-color has-text-color has-background\" style=\"background:linear-gradient(274deg,rgb(254,205,165) 0%,rgb(254,45,45) 50%,rgb(107,0,62) 100%)\"><strong>TUTORIAL PARA INSCRIBIRSE EN PROGRESAR SUPERIOR<\/strong><\/pre>\n\n\n\n<div class=\"wp-block-file\"><object class=\"wp-block-file__embed\" data=\"https:\/\/ipesco-scr.infd.edu.ar\/sitio\/wp-content\/uploads\/2024\/04\/Tutorial-de-inscripcio\u0301n-Progresar-Superior.pdf\" type=\"application\/pdf\" style=\"width:100%;height:300px\" aria-label=\"Incrustado de Tutorial-de-inscripcio\u0301n-Progresar-Superior.\"><\/object><a id=\"wp-block-file--media-9ee5278f-9fcb-4f4c-9bcf-00d769568681\" href=\"https:\/\/ipesco-scr.infd.edu.ar\/sitio\/wp-content\/uploads\/2024\/04\/Tutorial-de-inscripcio\u0301n-Progresar-Superior.pdf\" target=\"_blank\" rel=\"noreferrer noopener\">Tutorial-de-inscripcio\u0301n-Progresar-Superior<\/a><a href=\"https:\/\/ipesco-scr.infd.edu.ar\/sitio\/wp-content\/uploads\/2024\/04\/Tutorial-de-inscripcio\u0301n-Progresar-Superior.pdf\" class=\"wp-block-file__button wp-element-button\" download aria-describedby=\"wp-block-file--media-9ee5278f-9fcb-4f4c-9bcf-00d769568681\">Descarga<\/a><\/div>\n\n\n\n<div style=\"height:10px\" aria-hidden=\"true\" class=\"wp-block-spacer\"><\/div>\n","protected":false},"excerpt":{"rendered":"<p>Se informa que recientemente hubo una ampliaci\u00f3n y hasta el d\u00eda 17 de mayo se encuentra\u00a0abierta la inscripci\u00f3n para su acceso.\u00a0 Asimismo, y a prop\u00f3sito de dicha inscripci\u00f3n, les recordamos que se encuentra habilitado el\u00a0proceso de certificaci\u00f3n acad\u00e9mica\u00a0y que el mismo estar\u00e1 disponible\u00a0hasta el 24 de mayo. En el caso de Progresar Trabajo, la inscripci\u00f3n &#8230; <a title=\"CONVOCATORIA PROGRESAR 2024\" class=\"read-more\" href=\"https:\/\/ipesco-scr.infd.edu.ar\/sitio\/convocatoria-progresar-2024\/\" aria-label=\"More on CONVOCATORIA PROGRESAR 2024\">[+]<\/a><\/p>\n","protected":false},"author":1759,"featured_media":7894,"parent":0,"menu_order":0,"comment_status":"closed","ping_status":"closed","template":"","meta":[],"acf":[],"_links":{"self":[{"href":"https:\/\/ipesco-scr.infd.edu.ar\/sitio\/wp-json\/wp\/v2\/pages\/7881"}],"collection":[{"href":"https:\/\/ipesco-scr.infd.edu.ar\/sitio\/wp-json\/wp\/v2\/pages"}],"about":[{"href":"https:\/\/ipesco-scr.infd.edu.ar\/sitio\/wp-json\/wp\/v2\/types\/page"}],"author":[{"embeddable":true,"href":"https:\/\/ipesco-scr.infd.edu.ar\/sitio\/wp-json\/wp\/v2\/users\/1759"}],"replies":[{"embeddable":true,"href":"https:\/\/ipesco-scr.infd.edu.ar\/sitio\/wp-json\/wp\/v2\/comments?post=7881"}],"version-history":[{"count":14,"href":"https:\/\/ipesco-scr.infd.edu.ar\/sitio\/wp-json\/wp\/v2\/pages\/7881\/revisions"}],"predecessor-version":[{"id":7969,"href":"https:\/\/ipesco-scr.infd.edu.ar\/sitio\/wp-json\/wp\/v2\/pages\/7881\/revisions\/7969"}],"wp:featuredmedia":[{"embeddable":true,"href":"https:\/\/ipesco-scr.infd.edu.ar\/sitio\/wp-json\/wp\/v2\/media\/7894"}],"wp:attachment":[{"href":"https:\/\/ipesco-scr.infd.edu.ar\/sitio\/wp-json\/wp\/v2\/media?parent=7881"}],"curies":[{"name":"wp","href":"https:\/\/api.w.org\/{rel}","templated":true}]}}