{"id":8964,"date":"2024-11-21T19:15:22","date_gmt":"2024-11-21T22:15:22","guid":{"rendered":"https:\/\/ipesco-scr.infd.edu.ar\/sitio\/?page_id=8964"},"modified":"2024-11-21T19:15:23","modified_gmt":"2024-11-21T22:15:23","slug":"pee-seh-programas-2024","status":"publish","type":"page","link":"https:\/\/ipesco-scr.infd.edu.ar\/sitio\/pee-seh-programas-2024\/","title":{"rendered":"PEE SEH \u2013 PROGRAMAS (2024)"},"content":{"rendered":"\n<pre class=\"wp-block-preformatted has-base-3-color has-accent-background-color has-text-color has-background has-medium-font-size\"><strong>PROFESORADO DE EDUCACI\u00d3N ESPECIAL CON ORIENTACI\u00d3N EN SORDOS E HIPOAC\u00daSICOS-<\/strong>\nRes. Plan 0295\/19<\/pre>\n\n\n\n<p><strong>1er A\u00f1o<\/strong><\/p>\n\n\n\n<p><a href=\"https:\/\/ipesco-scr.infd.edu.ar\/sitio\/wp-content\/uploads\/2024\/11\/PEE-DI-SEH-01-Dida\u0301ctica-General-2024.pdf\">1-PEE-DI-SEH-Dida\u0301ctica General-2024<\/a><\/p>\n\n\n\n<p><a href=\"https:\/\/ipesco-scr.infd.edu.ar\/sitio\/wp-content\/uploads\/2024\/11\/PEE-DI-SEH-01-Dida\u0301ctica-General-2024.pdf\"><a href=\"https:\/\/ipesco-scr.infd.edu.ar\/sitio\/wp-content\/uploads\/2024\/11\/PEE-DI-SEH-02-Ciencias-Sociales-y-su-Dida%CC%81ctica-2024.pdf\">2-PEE-DI-SEH-Ciencias Sociales y su Did\u00e1ctica -2024<\/a><\/a><\/p>\n\n\n\n<p><a href=\"https:\/\/ipesco-scr.infd.edu.ar\/sitio\/wp-content\/uploads\/2024\/11\/PEE-DI-SEH-03-Lengua-y-Literatura-y-su-Dida\u0301ctica-2024.pdf\">3-PEE-DI-SEH-Lengua y Literatura y su Dida\u0301ctica -2024<\/a><\/p>\n\n\n\n<p><a href=\"https:\/\/ipesco-scr.infd.edu.ar\/sitio\/wp-content\/uploads\/2024\/11\/PEE-DI-SEH-04-El-Sujeto-de-la-Educacio%CC%81n-Especial-04.pdf\">4-PEE-DI-SEH-El Sujeto de la Educaci\u00f3n Especial -2024<\/a><\/p>\n\n\n\n<p><a href=\"https:\/\/ipesco-scr.infd.edu.ar\/sitio\/wp-content\/uploads\/2024\/11\/PEE-DI-SEH-05-Problema%CC%81ticas-Contempora%CC%81neas-de-la-Educacio%CC%81n-Especial-2024.pdf\">5-PEE-DI-SEH-Problem\u00e1ticas Contempor\u00e1neas de la Educaci\u00f3n Especial -2024<\/a><\/p>\n\n\n\n<p><a href=\"https:\/\/ipesco-scr.infd.edu.ar\/sitio\/wp-content\/uploads\/2024\/11\/PEE-DI-SEH-06-Alfabetizacio%CC%81n-Acade%CC%81mica-2024.pdf\">6-PEE-DI-SEH-Alfabetizaci\u00f3n Acad\u00e9mica-2024<\/a><\/p>\n\n\n\n<p><a href=\"https:\/\/ipesco-scr.infd.edu.ar\/sitio\/wp-content\/uploads\/2024\/11\/PEE-DI-SEH-07-Historia-Argentina-y-Latinoame\u0301rica-2024.pdf\">7-PEE-DI-SEH-Historia Argentina y Latinoame\u0301rica -2024<\/a><\/p>\n\n\n\n<p><a href=\"https:\/\/ipesco-scr.infd.edu.ar\/sitio\/wp-content\/uploads\/2024\/11\/PEE-DI-SEH-08-Tecnologi%CC%81a-de-la-Informacio%CC%81n-y-la-Comunicacio%CC%81n-y-la-Educacio%CC%81n-2024.pdf\">8-PEE-DI-SEH-Tecnolog\u00eda de la Informaci\u00f3n y la Comunicaci\u00f3n y la Educaci\u00f3n -2024<\/a><\/p>\n\n\n\n<p><a href=\"https:\/\/ipesco-scr.infd.edu.ar\/sitio\/wp-content\/uploads\/2024\/11\/PEE-DI-SEH-09-Pra\u0301ctica-Pedago\u0301gica-I-2024.pdf\">9-PEE-DI-SEH-Pra\u0301ctica Pedago\u0301gica I-2024<\/a><\/p>\n\n\n\n<hr class=\"wp-block-separator has-alpha-channel-opacity\"\/>\n\n\n\n<p><strong>2do A\u00f1o<\/strong><\/p>\n\n\n\n<p><a href=\"https:\/\/ipesco-scr.infd.edu.ar\/sitio\/wp-content\/uploads\/2024\/11\/PEE-DI-SEH-10-Matema%CC%81tica-y-su-Dida%CC%81ctica-2024.pdf\">10-PEE-DI-SEH- Matem\u00e1tica y su Did\u00e1ctica -2024<\/a><\/p>\n\n\n\n<p><a href=\"https:\/\/ipesco-scr.infd.edu.ar\/sitio\/wp-content\/uploads\/2024\/11\/PEE-DI-SEH-11-Ciencias-Naturales-y-su-Dida%CC%81ctica-2024.pdf\">11-PEE-DI-SEH-Ciencias Naturales y su Did\u00e1ctica -2024<\/a><\/p>\n\n\n\n<p><a href=\"https:\/\/ipesco-scr.infd.edu.ar\/sitio\/wp-content\/uploads\/2024\/11\/PEE-DI-SEH-11-Ciencias-Naturales-y-su-Dida\u0301ctica-2024.pdf\">12-PEE-DI-SEH-Comunicacio\u0301n y Lenguaje -2024<\/a><\/p>\n\n\n\n<p><a href=\"https:\/\/ipesco-scr.infd.edu.ar\/sitio\/wp-content\/uploads\/2024\/11\/PEE-DI-SEH-13-Integracio%CC%81n-como-Estrategia-para-la-Inclusio%CC%81n-2024.pdf\">13-PEE-DI-SEH-Integraci\u00f3n como Estrategia para la Inclusi\u00f3n -2024<\/a><\/p>\n\n\n\n<p><a href=\"https:\/\/ipesco-scr.infd.edu.ar\/sitio\/wp-content\/uploads\/2024\/11\/PEE-DI-SEH-14-Bases-Neuropsicologicas-del-Desarrollo-2024.pdf\">14-PEE-DI-SEH-Bases Neuropsicologicas del Desarrollo -2024<\/a><\/p>\n\n\n\n<p><a href=\"https:\/\/ipesco-scr.infd.edu.ar\/sitio\/wp-content\/uploads\/2024\/11\/PEE-DI-SEH-15-Educacio\u0301n-Psicomotriz-2024.pdf\">15-PEE-DI-SEH- Educacio\u0301n Psicomotriz-2024<\/a><\/p>\n\n\n\n<p><a href=\"https:\/\/ipesco-scr.infd.edu.ar\/sitio\/wp-content\/uploads\/2024\/11\/PEE-SEH-16-EDI-Cuerpo-Juego-y-Expresio\u0301n-2024.pdf\">16-PEE-SEH-EDI Cuerpo, Juego y Expresio\u0301n -2024<\/a><\/p>\n\n\n\n<p><a href=\"https:\/\/ipesco-scr.infd.edu.ar\/sitio\/wp-content\/uploads\/2024\/11\/PEE-DI-SEH-16-Psicologi%CC%81a-Educacional-2024.pdf\">17-PEE-DI-SEH-Psicologi\u0301a Educacional -2024<\/a><\/p>\n\n\n\n<p><a href=\"https:\/\/ipesco-scr.infd.edu.ar\/sitio\/wp-content\/uploads\/2024\/11\/PEE-DI-SEH-17-Historia-y-Poli%CC%81tica-de-la-Educacio%CC%81n-Argentina-2024.pdf\">18-PEE-DI-SEH-18 Historia y Poli\u0301tica de la Educacio\u0301n Argentina-2024<\/a><\/p>\n\n\n\n<p><a href=\"https:\/\/ipesco-scr.infd.edu.ar\/sitio\/wp-content\/uploads\/2024\/11\/PEE-DI-SEH-19-Practica-Pedago\u0301gica-II-2024.pdf\">19-PEE-DI-SEH-Practica Pedago\u0301gica II-2024<\/a><\/p>\n\n\n\n<hr class=\"wp-block-separator has-alpha-channel-opacity\"\/>\n\n\n\n<p><strong>3er A\u00f1o<\/strong><\/p>\n\n\n\n<p><a href=\"https:\/\/ipesco-scr.infd.edu.ar\/sitio\/wp-content\/uploads\/2024\/11\/PEE-SEH-20-Lengua-de-Sen\u0303as-Argentina-I-2024.pdf\">20-PEE-SEH-Lengua de Sen\u0303as Argentina I-2024<\/a><\/p>\n\n\n\n<p><a href=\"https:\/\/ipesco-scr.infd.edu.ar\/sitio\/wp-content\/uploads\/2024\/11\/PEE-SEH-21-Abordaje-Pedago\u0301gico-para-el-Sujeto-SeH-I-2024.pdf\">21-PEE-SEH-Abordaje Pedago\u0301gico para el Sujeto SeH I-202<\/a>4<\/p>\n\n\n\n<p><a href=\"https:\/\/ipesco-scr.infd.edu.ar\/sitio\/wp-content\/uploads\/2024\/11\/PEE-SEH-22-Filosofi\u0301a-de-la-Educacio\u0301n-2024.pdf\">22-PEE-SEH-Filosofi\u0301a de la Educacio\u0301n -2024<\/a><\/p>\n\n\n\n<p><a href=\"https:\/\/ipesco-scr.infd.edu.ar\/sitio\/wp-content\/uploads\/2024\/11\/PEE-SEH-23-Educacio\u0301n-Temprana-2024.pdf\">23-PEE-SEH- Educacio\u0301n Temprana -2024<\/a><\/p>\n\n\n\n<p><a href=\"https:\/\/ipesco-scr.infd.edu.ar\/sitio\/wp-content\/uploads\/2024\/11\/PEE-SEH-24-Alteraciones-del-Lenguaje-y-la-Comunicacio\u0301n-2024.pdf\">24-PEE-SEH-Alteraciones del Lenguaje y la Comunicacio\u0301n-2024<\/a><\/p>\n\n\n\n<p><a href=\"https:\/\/ipesco-scr.infd.edu.ar\/sitio\/wp-content\/uploads\/2024\/11\/PEE-SEH-25-Alfabetizacio\u0301n-Inicial-para-el-Sujeto-SeH-2024.pdf\">25-PEE-SEH-Alfabetizacio\u0301n Inicial para el Sujeto SeH -2024<\/a><\/p>\n\n\n\n<p><a href=\"https:\/\/ipesco-scr.infd.edu.ar\/sitio\/wp-content\/uploads\/2024\/11\/PEE-SEH-26-Pedagogi\u0301a-2024.pdf\">26-PEE-SEH-Pedagogi\u0301a -2024<\/a><\/p>\n\n\n\n<p><a href=\"https:\/\/ipesco-scr.infd.edu.ar\/sitio\/wp-content\/uploads\/2024\/11\/PEE-SEH-27-Problema\u0301tica-de-la-Subjetividad-y-la-Discapacidad-2024.pdf\">27-PEE-SEH-Problema\u0301tica de la Subjetividad y la Discapacidad -2024<\/a><\/p>\n\n\n\n<p><a href=\"https:\/\/ipesco-scr.infd.edu.ar\/sitio\/wp-content\/uploads\/2024\/11\/PEE-SEH-28-Pra\u0301ctica-Pedago\u0301gica-III-2024-1.pdf\">28-PEE-SEH-Pra\u0301ctica Pedago\u0301gica III-2024<\/a><\/p>\n\n\n\n<hr class=\"wp-block-separator has-alpha-channel-opacity\"\/>\n\n\n\n<p><strong>4to A\u00f1o<\/strong><\/p>\n\n\n\n<p><a href=\"https:\/\/ipesco-scr.infd.edu.ar\/sitio\/wp-content\/uploads\/2024\/11\/PEE-SEH-29-Lengua-de-Sen\u0303as-Argentina-II-2024.pdf\">29-PEE-SEH-Lengua de Sen\u0303as Argentina II-2024<\/a><\/p>\n\n\n\n<p><a href=\"https:\/\/ipesco-scr.infd.edu.ar\/sitio\/wp-content\/uploads\/2024\/11\/PEE-SEH-30-Abordajes-Pedago\u0301gicos-para-el-Sujeto-SeH-II-2024.pdf\">30-PEE-SEH-Abordajes Pedago\u0301gicos para el Sujeto SeH II-2024<\/a><\/p>\n\n\n\n<p><a href=\"https:\/\/ipesco-scr.infd.edu.ar\/sitio\/wp-content\/uploads\/2024\/11\/PEE-SEH-31-Multidiscapacidad-2024.pdf\">31-PEE-SEH-Multidiscapacidad-2024<\/a><\/p>\n\n\n\n<p><a href=\"https:\/\/ipesco-scr.infd.edu.ar\/sitio\/wp-content\/uploads\/2024\/11\/PEE-SEH-32-Sociologi\u0301a-de-la-Educacio\u0301n-2024.pdf\">32-PEE-SEH-Sociologi\u0301a de la Educacio\u0301n -2024<\/a><\/p>\n\n\n\n<p><a href=\"https:\/\/ipesco-scr.infd.edu.ar\/sitio\/wp-content\/uploads\/2024\/11\/PEE-SEH-33-Educacio\u0301n-del-Adulto-SeH-y-Mundo-del-Trabajo-2024.pdf\">33-PEE-SEH-Educacio\u0301n del Adulto SeH y Mundo del Trabajo-2024<\/a><\/p>\n\n\n\n<p><a href=\"https:\/\/ipesco-scr.infd.edu.ar\/sitio\/wp-content\/uploads\/2024\/11\/PEE-SEH-34-Educacio\u0301n-Sexual-Integral-2024.pdf\">34-PEE-SEH-Educacio\u0301n Sexual Integral -2024<\/a><\/p>\n\n\n\n<p><a href=\"https:\/\/ipesco-scr.infd.edu.ar\/sitio\/wp-content\/uploads\/2024\/11\/PEE-SEH-35-EDIMediaciones-para-la-Ensen\u0303anza-Recursos-y-Materiales-2024.pdf\">35-PEE-SEH-EDIMediaciones para la Ensen\u0303anza Recursos y Materiales- 2024<\/a><\/p>\n\n\n\n<p><a href=\"https:\/\/ipesco-scr.infd.edu.ar\/sitio\/wp-content\/uploads\/2024\/11\/PEE-SEH-36-Sistemas-Aumentativos-y-Alternativos-de-la-Comunicacio\u0301n-2024.pdf\">36-PEE-SEH-Sistemas Aumentativos y Alternativos de la Comunicacio\u0301n-2024<\/a><\/p>\n\n\n\n<p><a href=\"https:\/\/ipesco-scr.infd.edu.ar\/sitio\/wp-content\/uploads\/2024\/11\/PEE-SEH-37-Formacio\u0301n-E\u0301tica-y-Ciudadana-2024.pdf\">37-PEE-SEH-Formacio\u0301n E\u0301tica y Ciudadana -2024<\/a><\/p>\n\n\n\n<p><a href=\"https:\/\/ipesco-scr.infd.edu.ar\/sitio\/wp-content\/uploads\/2024\/11\/PEE-SEH-38-Residencia-Pedago\u0301gica-2024.pdf\">38-PEE-SEH-Residencia Pedago\u0301gica-2024<\/a><\/p>\n","protected":false},"excerpt":{"rendered":"<p>PROFESORADO DE EDUCACI\u00d3N ESPECIAL CON ORIENTACI\u00d3N EN SORDOS E HIPOAC\u00daSICOS- Res. Plan 0295\/19 1er A\u00f1o 1-PEE-DI-SEH-Dida\u0301ctica General-2024 2-PEE-DI-SEH-Ciencias Sociales y su Did\u00e1ctica -2024 3-PEE-DI-SEH-Lengua y Literatura y su Dida\u0301ctica -2024 4-PEE-DI-SEH-El Sujeto de la Educaci\u00f3n Especial -2024 5-PEE-DI-SEH-Problem\u00e1ticas Contempor\u00e1neas de la Educaci\u00f3n Especial -2024 6-PEE-DI-SEH-Alfabetizaci\u00f3n Acad\u00e9mica-2024 7-PEE-DI-SEH-Historia Argentina y Latinoame\u0301rica -2024 8-PEE-DI-SEH-Tecnolog\u00eda de la Informaci\u00f3n &#8230; <a title=\"PEE SEH \u2013 PROGRAMAS (2024)\" class=\"read-more\" href=\"https:\/\/ipesco-scr.infd.edu.ar\/sitio\/pee-seh-programas-2024\/\" aria-label=\"More on PEE SEH \u2013 PROGRAMAS (2024)\">[+]<\/a><\/p>\n","protected":false},"author":3293,"featured_media":0,"parent":0,"menu_order":0,"comment_status":"closed","ping_status":"closed","template":"","meta":[],"acf":[],"_links":{"self":[{"href":"https:\/\/ipesco-scr.infd.edu.ar\/sitio\/wp-json\/wp\/v2\/pages\/8964"}],"collection":[{"href":"https:\/\/ipesco-scr.infd.edu.ar\/sitio\/wp-json\/wp\/v2\/pages"}],"about":[{"href":"https:\/\/ipesco-scr.infd.edu.ar\/sitio\/wp-json\/wp\/v2\/types\/page"}],"author":[{"embeddable":true,"href":"https:\/\/ipesco-scr.infd.edu.ar\/sitio\/wp-json\/wp\/v2\/users\/3293"}],"replies":[{"embeddable":true,"href":"https:\/\/ipesco-scr.infd.edu.ar\/sitio\/wp-json\/wp\/v2\/comments?post=8964"}],"version-history":[{"count":28,"href":"https:\/\/ipesco-scr.infd.edu.ar\/sitio\/wp-json\/wp\/v2\/pages\/8964\/revisions"}],"predecessor-version":[{"id":9018,"href":"https:\/\/ipesco-scr.infd.edu.ar\/sitio\/wp-json\/wp\/v2\/pages\/8964\/revisions\/9018"}],"wp:attachment":[{"href":"https:\/\/ipesco-scr.infd.edu.ar\/sitio\/wp-json\/wp\/v2\/media?parent=8964"}],"curies":[{"name":"wp","href":"https:\/\/api.w.org\/{rel}","templated":true}]}}